{"id":8615,"date":"2021-02-08T09:27:04","date_gmt":"2021-02-08T08:27:04","guid":{"rendered":"https:\/\/almazaraartal.com\/rechtlicher-hinweis\/"},"modified":"2021-02-08T09:27:04","modified_gmt":"2021-02-08T08:27:04","slug":"rechtlicher-hinweis","status":"publish","type":"page","link":"https:\/\/almazaraartal.com\/de\/rechtlicher-hinweis\/","title":{"rendered":"Rechtlicher Hinweis"},"content":{"rendered":"<p>Gem\u00e4\u00df Artikel 10 des Gesetzes 34\/2002 vom 11. Juli \u00fcber die Dienste der Informationsgesellschaft und den elektronischen Handel (LSSI+CE) werden Sie hiermit informiert:<\/p>\n<p>Die \u00dcberschrift der Seite www.almazaraartal.com lautet:<\/p>\n<p>Firmenname: ANGEL JOSE ARTAL TOMAS<\/p>\n<p><strong>UMSATZSTEUER-IDENTIFIKATIONSNUMMER: <\/strong> 17719696J<\/p>\n<p><strong>Adresse:<\/strong> Pol\u00edgono Eras Altas nave 4, punto 1, 44540 de Albalate del Arzobispo (TERUEL)<\/p>\n<p><strong>Telefon: <\/strong> 636904082<\/p>\n<p><strong>E-Mail: <\/strong> info@almazaraartal.com<\/p>\n<p>Dieser rechtliche Hinweis ist in Spanisch verfasst.<\/p>\n<p><strong>Ihre Angaben<\/strong><\/p>\n<p>Die vom Nutzer zur Verf\u00fcgung gestellten Informationen oder pers\u00f6nlichen Daten werden in \u00dcbereinstimmung mit den Bestimmungen der Datenschutzrichtlinien verarbeitet. Der Nutzer erkl\u00e4rt, dass alle bereitgestellten Informationen oder Daten wahrheitsgem\u00e4\u00df sind und der Realit\u00e4t entsprechen. <\/p>\n<p><strong> <\/strong><\/p>\n<p><strong>Privatsph\u00e4re\/Schutz pers\u00f6nlicher Daten<\/strong><\/p>\n<p>ANGEL JOSE ARTAL TOMAS h\u00e4lt sich jederzeit an die Richtlinien der Allgemeinen Datenschutzverordnung (Verordnung (EU) 2016\/679) und anderer geltender Vorschriften und gew\u00e4hrleistet die korrekte Verwendung und Verarbeitung der personenbezogenen Daten des Nutzers.<\/p>\n<p>&nbsp;<\/p>\n<p>Zu diesem Zweck wird der Nutzer zusammen mit jedem Formular f\u00fcr die Erhebung personenbezogener Daten \u00fcber das Vorhandensein und die Annahme der besonderen Bedingungen f\u00fcr die Verarbeitung seiner Daten in jedem einzelnen Fall informiert, wobei er \u00fcber den Verantwortlichen f\u00fcr die durchgef\u00fchrte Verarbeitung, die Anschrift des Verantwortlichen, die M\u00f6glichkeit der Aus\u00fcbung seiner Rechte auf Zugang, Berichtigung, L\u00f6schung, Widerspruch, Einschr\u00e4nkung und \u00dcbertragbarkeit, den Zweck der Verarbeitung und die Weitergabe von Daten an Dritte, falls zutreffend, informiert wird.<\/p>\n<p>&nbsp;<\/p>\n<p>ANGEL JOSE ARTAL TOMAS, der Ersteller der Website, informiert hiermit, dass er das Gesetz 34\/2002 vom 11. Juli 2002 \u00fcber die Dienste der Informationsgesellschaft und den elektronischen Handel einh\u00e4lt und den Benutzer jederzeit um seine Zustimmung zur Verarbeitung seiner E-Mail zu kommerziellen Zwecken bitten wird.<\/p>\n<p><strong> <\/strong><\/p>\n<p><strong>Minderj\u00e4hrige<\/strong><\/p>\n<p>Die Inhalte der Website sind f\u00fcr vollj\u00e4hrige Personen bestimmt. ANGEL JOSE ARTAL TOMAS hat nicht die Absicht, Daten von Minderj\u00e4hrigen zu erhalten. Wenn ANGEL JOSE ARTAL TOMAS Kenntnis davon erh\u00e4lt, dass in seiner Datei personenbezogene Daten von Minderj\u00e4hrigen vorhanden sind, wird es diese Daten unverz\u00fcglich l\u00f6schen.  <\/p>\n<p>&nbsp;<\/p>\n<p><strong>Verpflichtungen der Benutzer<\/strong><\/p>\n<p>Der Benutzer muss jederzeit die von der Website aufgestellten Bedingungen respektieren.<\/p>\n<p>&nbsp;<\/p>\n<p>Der Nutzer nutzt die Website in einer sorgf\u00e4ltigen Art und Weise und \u00fcbernimmt jegliche Haftung, die sich aus einem Versto\u00df gegen die Bedingungen der Website ergeben k\u00f6nnte.<\/p>\n<p>&nbsp;<\/p>\n<p>Der Nutzer darf die Website nicht nutzen, um Daten oder Inhalte zu \u00fcbertragen, zu speichern, zu verbreiten, zu f\u00f6rdern oder zu vertreiben, die Viren oder andere Computercodes, Dateien oder Programme enthalten, die dazu bestimmt sind, den Betrieb von Computer- oder Telekommunikationsprogrammen oder -ger\u00e4ten zu unterbrechen, zu zerst\u00f6ren oder zu beeintr\u00e4chtigen.<\/p>\n<p>&nbsp;<\/p>\n<p><strong>Gewerbliches und geistiges Eigentum<\/strong><\/p>\n<p>ANGEL JOSE ARTAL TOMAS ist selbst oder als Abtretungsempf\u00e4nger Inhaber aller geistigen und gewerblichen Eigentumsrechte an seiner Website sowie an den darin enthaltenen Elementen (einschlie\u00dflich, aber nicht beschr\u00e4nkt auf Bilder, Ton, Audio, Video, Software oder Texte; Marken oder Logos, Farbkombinationen, Struktur und Design, Auswahl der verwendeten Materialien, Computerprogramme, die f\u00fcr den Betrieb, den Zugang und die Nutzung erforderlich sind, usw.).<\/p>\n<p>&nbsp;<\/p>\n<p>Gem\u00e4\u00df den Bestimmungen der Artikel 8 und 32.1, zweiter Absatz, des Gesetzes zum Schutz des geistigen Eigentums sind die Vervielf\u00e4ltigung, die Verbreitung und die \u00f6ffentliche Wiedergabe, einschlie\u00dflich der Zurverf\u00fcgungstellung, des gesamten oder eines Teils des Inhalts dieser Website zu kommerziellen Zwecken in jedem Medium und mit jedem technischen Mittel ohne die Genehmigung von ANGEL JOSE ARTAL TOMAS ausdr\u00fccklich verboten. Alle Rechte vorbehalten. <\/p>\n<p>&nbsp;<\/p>\n<p>Der BENUTZER verpflichtet sich, die Rechte des geistigen und gewerblichen Eigentums von ANGEL JOSE ARTAL TOMAS zu respektieren. Sie k\u00f6nnen die Elemente des Portals ansehen und sogar ausdrucken, kopieren und auf der Festplatte Ihres Computers oder einem anderen physischen Medium speichern, solange dies einzig und allein f\u00fcr Ihren pers\u00f6nlichen und privaten Gebrauch geschieht. Der BENUTZER muss es unterlassen, die auf den Seiten von ANGEL JOSE ARTAL TOMAS installierten Schutzvorrichtungen oder Sicherheitssysteme zu l\u00f6schen, zu ver\u00e4ndern, zu umgehen oder zu manipulieren.  <\/p>\n<p>&nbsp;<\/p>\n<p><strong>Recht auf Ausschluss<\/strong><\/p>\n<p>ANGEL JOSE ARTAL TOMAS beh\u00e4lt sich das Recht vor, den Zugang zum Portal und\/oder zu den angebotenen Diensten ohne Vorank\u00fcndigung zu verweigern oder zu entziehen, und zwar auf eigenes Verlangen oder auf Verlangen eines Dritten, wenn der Nutzer die Nutzungsbedingungen des Portals nicht einh\u00e4lt.<\/p>\n<p>ANGEL JOSE ARTAL TOMAS wird die Verletzung der Nutzungsbedingungen des Portals sowie jede missbr\u00e4uchliche Nutzung seines Portals verfolgen und alle zivil- und strafrechtlichen Schritte unternehmen, die ihm gesetzlich zustehen.<\/p>\n<p><strong> <\/strong><\/p>\n<p><strong>\u00c4nderungen und Links<\/strong><\/p>\n<p>ANGEL JOSE ARTAL TOMAS beh\u00e4lt sich das Recht vor, unangek\u00fcndigte \u00c4nderungen auf seiner Website vorzunehmen und die Inhalte und Dienstleistungen, die er anbietet, sowie die Art und Weise, wie sie pr\u00e4sentiert werden oder wo sie zu finden sind, zu \u00e4ndern, zu l\u00f6schen oder hinzuzuf\u00fcgen, ebenso wie die hier festgelegten Allgemeinen Vertragsbedingungen.<\/p>\n<p>&nbsp;<\/p>\n<p>ANGEL JOSE ARTAL TOMAS ist nicht verantwortlich f\u00fcr den Missbrauch der Inhalte seiner Website, die alleinige Verantwortung liegt bei der Person, die darauf zugreift oder sie nutzt.<\/p>\n<p>&nbsp;<\/p>\n<p>F\u00fcr den Fall, dass www.almazaraartal.com Links oder Hyperlinks zu anderen Internetseiten enth\u00e4lt, \u00fcbt ANGEL JOSE ARTAL TOMAS, Ersteller der Website, keinerlei Kontrolle \u00fcber diese Seiten und Inhalte aus. ANGEL JOSE ARTAL TOMAS, Ersteller der Website, \u00fcbernimmt unter keinen Umst\u00e4nden die Verantwortung f\u00fcr den Inhalt eines Links zu einer anderen Website und garantiert auch nicht die technische Verf\u00fcgbarkeit, Qualit\u00e4t, Zuverl\u00e4ssigkeit, Genauigkeit, Vollst\u00e4ndigkeit, Richtigkeit, Wahrhaftigkeit, G\u00fcltigkeit und Verfassungsm\u00e4\u00dfigkeit des Materials oder der Informationen, die in einem dieser Hyperlinks oder auf anderen Websites enthalten sind. Ebenso wenig bedeutet die Aufnahme dieser externen Verbindungen irgendeine Art von Assoziation, Fusion oder Beteiligung mit den verbundenen Einrichtungen.  <\/p>\n<p><strong> <\/strong><\/p>\n<p><strong>Anwendbares Recht und zust\u00e4ndige Gerichtsbarkeit<\/strong><\/p>\n<p>Die in diesen rechtlichen Hinweisen enthaltenen Bedingungen f\u00fcr die Nutzung der Webseite sowie die Beziehung zwischen dem Nutzer und ANGEL JOSE ARTAL TOMAS unterliegen dem spanischen Recht und werden entsprechend ausgelegt. F\u00fcr die Beilegung etwaiger Konflikte unterwerfen sich der Nutzer und ANGEL JOSE ARTAL TOMAS ausdr\u00fccklich der Zust\u00e4ndigkeit der Gerichte und Tribunale der Stadt TERUEL und verzichten ausdr\u00fccklich auf jede andere Zust\u00e4ndigkeit, die ihnen zustehen k\u00f6nnte. <\/p>\n","protected":false},"excerpt":{"rendered":"<p>Gem\u00e4\u00df Artikel 10 des Gesetzes 34\/2002 vom 11. Juli \u00fcber die Dienste der Informationsgesellschaft und den elektronischen Handel (LSSI+CE) werden Sie hiermit informiert: Die \u00dcberschrift der Seite www.almazaraartal.com lautet: Firmenname: ANGEL JOSE ARTAL TOMAS UMSATZSTEUER-IDENTIFIKATIONSNUMMER: 17719696J Adresse: Pol\u00edgono Eras Altas nave 4, punto 1, 44540 de Albalate del Arzobispo (TERUEL) Telefon: 636904082 E-Mail: info@almazaraartal.com Dieser &#8230; <a title=\"Rechtlicher Hinweis\" class=\"read-more\" href=\"https:\/\/almazaraartal.com\/de\/rechtlicher-hinweis\/\" aria-label=\"Read more about Rechtlicher Hinweis\">Weiterlesen &#8230;<\/a><\/p>\n","protected":false},"author":1,"featured_media":0,"parent":0,"menu_order":0,"comment_status":"closed","ping_status":"closed","template":"","meta":{"_joinchat":[],"footnotes":""},"class_list":["post-8615","page","type-page","status-publish"],"_links":{"self":[{"href":"https:\/\/almazaraartal.com\/de\/wp-json\/wp\/v2\/pages\/8615","targetHints":{"allow":["GET"]}}],"collection":[{"href":"https:\/\/almazaraartal.com\/de\/wp-json\/wp\/v2\/pages"}],"about":[{"href":"https:\/\/almazaraartal.com\/de\/wp-json\/wp\/v2\/types\/page"}],"author":[{"embeddable":true,"href":"https:\/\/almazaraartal.com\/de\/wp-json\/wp\/v2\/users\/1"}],"replies":[{"embeddable":true,"href":"https:\/\/almazaraartal.com\/de\/wp-json\/wp\/v2\/comments?post=8615"}],"version-history":[{"count":0,"href":"https:\/\/almazaraartal.com\/de\/wp-json\/wp\/v2\/pages\/8615\/revisions"}],"wp:attachment":[{"href":"https:\/\/almazaraartal.com\/de\/wp-json\/wp\/v2\/media?parent=8615"}],"curies":[{"name":"wp","href":"https:\/\/api.w.org\/{rel}","templated":true}]}}