{"id":8622,"date":"2021-02-08T10:13:21","date_gmt":"2021-02-08T09:13:21","guid":{"rendered":"https:\/\/almazaraartal.com\/bedingungen-fuer-den-kauf\/"},"modified":"2026-04-15T14:09:55","modified_gmt":"2026-04-15T12:09:55","slug":"bedingungen-fuer-den-kauf","status":"publish","type":"page","link":"https:\/\/almazaraartal.com\/de\/bedingungen-fuer-den-kauf\/","title":{"rendered":"Bedingungen f\u00fcr den Kauf"},"content":{"rendered":"<p>Bedingungen f\u00fcr den Kauf<\/p>\n<p>Verordnung (EU) Nr. 524\/2013 des Europ\u00e4ischen Parlaments und des Rates vom 21. Mai 2013 \u00fcber die Online-Beilegung verbraucherrechtlicher Streitigkeiten und zur \u00c4nderung der Verordnung (EG) Nr. 2006\/2004 und der Richtlinie 2009\/22\/EG (die Verordnung \u00fcber die Online-Beilegung verbraucherrechtlicher Streitigkeiten)<\/p>\n<p>&#8211; Siehe Gesetzgebung<\/p>\n<p>K\u00f6nigliches Gesetzesdekret 1\/2007 vom 16. November, mit dem der \u00fcberarbeitete Text des Allgemeinen Gesetzes zum Schutz der Verbraucher und Nutzer und anderer erg\u00e4nzender Gesetze genehmigt wird.<\/p>\n<p>&#8211; Siehe Gesetzgebung<\/p>\n<p>ANGEL JOSE ARTAL TOMAS (ALMAZARA ARTAL, im Folgenden) informiert gem\u00e4\u00df Artikel 97 des Gesetzes 3\/2014 vom 27. M\u00e4rz, mit dem der \u00fcberarbeitete Text des Allgemeinen Gesetzes zum Schutz von Verbrauchern und Nutzern und andere erg\u00e4nzende Gesetze ge\u00e4ndert werden, die durch das K\u00f6nigliche Gesetzesdekret 1\/2007 vom 16. November verabschiedet wurden, dass dieses Dokument die Bedingungen f\u00fcr die Nutzung dieser Website www.almazaraartal.com festlegt. Bitte lesen Sie diese Bedingungen, unsere Cookies-Richtlinie, unsere Datenschutzrichtlinie und unseren rechtlichen Hinweis. Wenn Sie Fragen zu den Allgemeinen Gesch\u00e4ftsbedingungen oder der Datenschutzrichtlinie haben, k\u00f6nnen Sie sich \u00fcber unsere Kontaktkan\u00e4le an uns wenden. Der Vertrag kann nach Ihrer Wahl in einer der Sprachen abgeschlossen werden, in denen die Bedingungen auf dieser Website verf\u00fcgbar sind.   <\/p>\n<p>Die vorliegenden Allgemeinen Nutzungs- und Vertragsbedingungen sind in Spanisch verfasst.<\/p>\n<p>  Objekt<\/p>\n<p>Der Zweck dieser allgemeinen Vertragsbedingungen besteht darin, die Beziehung zu regeln, die zwischen ALMAZARA ARTAL als Verk\u00e4ufer und Ihnen als K\u00e4ufer f\u00fcr den Verkauf von Artikeln\/Dienstleistungen \u00fcber diese Website entsteht.<\/p>\n<p>  Privatsph\u00e4re\/Schutz pers\u00f6nlicher Daten<\/p>\n<p>ALMAZARA ARTAL h\u00e4lt sich an die geltende Gesetzgebung zum Schutz personenbezogener Daten, insbesondere an die Bestimmungen des Organgesetzes 3\/2018 vom 5. Dezember \u00fcber den Schutz personenbezogener Daten und die Gew\u00e4hrleistung digitaler Rechte sowie an die Allgemeine Datenschutzverordnung (Verordnung (EU) 2016\/679).<\/p>\n<p>Wenn Sie mehr dar\u00fcber erfahren m\u00f6chten, wie wir personenbezogene Daten \u00fcber Sie auf unserer Website verarbeiten und wie wir diese Daten nutzen, k\u00f6nnen Sie die Datenschutzbestimmungen auf unserer Website einsehen.<\/p>\n<p>Ebenso teilt ALMAZARA ARTAL als Anbieter von Diensten der Informationsgesellschaft mit, dass es die Bestimmungen des Gesetzes 34\/2002 vom 11. Juli \u00fcber Dienste der Informationsgesellschaft und den elektronischen Handel einh\u00e4lt.<\/p>\n<p>  Minderj\u00e4hrige<\/p>\n<p>Die Inhalte der Website sind f\u00fcr vollj\u00e4hrige Personen bestimmt. ALMAZARA ARTAL hat nicht die Absicht, Daten von Minderj\u00e4hrigen zu erhalten. Wenn ALMAZARA ARTAL erf\u00e4hrt, dass in seiner Datei personenbezogene Daten von Minderj\u00e4hrigen vorhanden sind, wird ALMAZARA ARTAL diese Daten unverz\u00fcglich l\u00f6schen.  <\/p>\n<p>  Verpflichtungen der Benutzer<\/p>\n<p>Der Benutzer muss jederzeit die von der Website aufgestellten Bedingungen respektieren.<\/p>\n<p>Der Nutzer nutzt die Website in einer sorgf\u00e4ltigen Art und Weise und \u00fcbernimmt jegliche Haftung, die sich aus einem Versto\u00df gegen die Bedingungen der Website ergeben k\u00f6nnte.<\/p>\n<p>Der Nutzer darf die Website nicht nutzen, um Daten oder Inhalte zu \u00fcbertragen, zu speichern, zu verbreiten, zu f\u00f6rdern oder zu vertreiben, die Viren oder andere Computercodes, Dateien oder Programme enthalten, die dazu bestimmt sind, den Betrieb von Computer- oder Telekommunikationsprogrammen oder -ger\u00e4ten zu unterbrechen, zu zerst\u00f6ren oder zu beeintr\u00e4chtigen.<\/p>\n<p>  Angebotene Dienstleistungen<\/p>\n<p>Die Website www.almazaraartal.com informiert ihre Nutzer \u00fcber die Eigenschaften der von ALMAZARA ARTAL vermarkteten Produkte. Die Website bietet auch andere Dienstleistungen wie den Online-Verkauf von Produkten sowie die Bezahlung \u00fcber einen sicheren Server. <\/p>\n<p>Die Empf\u00e4nger der Dienstleistungen der Website sind Nutzer, die sich f\u00fcr die von ALMAZARA ARTAL vermarkteten Produkte interessieren.<\/p>\n<p>  Gewerbliches und geistiges Eigentum<\/p>\n<p>ALMAZARA ARTAL ist selbst oder als Abtretungsempf\u00e4nger Inhaber aller geistigen und gewerblichen Eigentumsrechte an seiner Website sowie an den darin enthaltenen Elementen (einschlie\u00dflich, aber nicht beschr\u00e4nkt auf Bilder, Ton, Audio, Video, Software oder Texte; Marken oder Logos, Farbkombinationen, Struktur und Design, Auswahl der verwendeten Materialien, Computerprogramme, die f\u00fcr den Betrieb, den Zugang und die Nutzung erforderlich sind, usw.), die ALMAZARA ARTAL oder seinen Lizenzgebern geh\u00f6ren.<\/p>\n<p>Gem\u00e4\u00df den Bestimmungen der Artikel 8 und 32.1, zweiter Absatz, des Gesetzes zum Schutz des geistigen Eigentums sind die Vervielf\u00e4ltigung, die Verbreitung und die \u00f6ffentliche Wiedergabe, einschlie\u00dflich der Zurverf\u00fcgungstellung, des gesamten oder eines Teils des Inhalts dieser Website zu kommerziellen Zwecken in jedem Medium und mit jedem technischen Mittel ohne Genehmigung von ALMAZARA ARTAL ausdr\u00fccklich verboten. Alle Rechte vorbehalten. <\/p>\n<p>Der BENUTZER verpflichtet sich, die Rechte des geistigen und gewerblichen Eigentums von ALMAZARA ARTAL zu respektieren. Sie k\u00f6nnen die Elemente des Portals ansehen und sogar ausdrucken, kopieren und auf der Festplatte Ihres Computers oder einem anderen physischen Medium speichern, sofern dies einzig und allein zu Ihrem pers\u00f6nlichen und privaten Gebrauch geschieht. Der BENUTZER muss es unterlassen, die auf den ALMAZARA ARTAL-Seiten installierten Schutzvorrichtungen oder Sicherheitssysteme zu l\u00f6schen, zu ver\u00e4ndern, zu umgehen oder zu manipulieren.  <\/p>\n<p>  Wie Sie bestellen<\/p>\n<p>Um eine Bestellung aufzugeben, m\u00fcssen Sie das Online-Kaufverfahren befolgen und auf &#8222;In den Warenkorb&#8220; klicken. Sobald Sie den Artikel in den Einkaufswagen gelegt haben, m\u00fcssen Sie auf die Option &#8222;Kaufen&#8220; klicken und sich als n\u00e4chstes als Benutzer registrieren. Sie erhalten dann eine E-Mail, die den Eingang Ihrer Bestellung best\u00e4tigt (die &#8222;Bestellbest\u00e4tigung&#8220;). Sobald das Produkt unsere Einrichtungen verl\u00e4sst, werden Sie per E-Mail dar\u00fcber informiert, dass es versandt wird (die &#8222;Versandbest\u00e4tigung&#8220;). Wenn die Bestellung an Sie ausgeliefert wurde, erhalten Sie schlie\u00dflich eine E-Mail mit dem Hinweis &#8222;Bestellung geliefert&#8220;.    <\/p>\n<p>  Preise<\/p>\n<p>Die f\u00fcr jedes Produkt ver\u00f6ffentlichten Preise sind die zum Zeitpunkt der Bestellung auf der Website angegebenen Preise und sind g\u00fcltig, au\u00dfer im Falle von Druckfehlern oder dem Ende der Werbeaktion. Die ver\u00f6ffentlichten Preise sind in Euro ausgedr\u00fcckt, enthalten die Mehrwertsteuer und sind f\u00fcr Bestellungen innerhalb Spaniens g\u00fcltig. <\/p>\n<p>ALMAZARA ARTAL beh\u00e4lt sich das Recht vor, Produkte, Werbeaktionen, Gesch\u00e4ftsbedingungen und Preise jederzeit und ohne vorherige Ank\u00fcndigung zu \u00e4ndern.<\/p>\n<p>Die Angebote sind in jedem Fall ordnungsgem\u00e4\u00df zu kennzeichnen und als solche zu kennzeichnen, wobei der vorherige Preis und gegebenenfalls der Angebotspreis anzugeben sind.<\/p>\n<p>In ALMAZARA ARTAL gibt es keinen obligatorischen Mindestumsatz.<\/p>\n<p>Die Versandkosten werden von ALMAZARA ARTAL \u00fcbernommen, wenn Sie f\u00fcr mehr als 120 Euro einkaufen und die Ware auf die Iberische Halbinsel geliefert wird.<\/p>\n<p>F\u00fcr die Balearischen Inseln betragen die Versandkosten 18\u20ac.<\/p>\n<p>Bei Lieferungen auf die Kanarischen Inseln oder au\u00dferhalb Spaniens erkundigen Sie sich bitte im Voraus, wer die Versandkosten tr\u00e4gt.<\/p>\n<p>  Zahlungsmodalit\u00e4ten<\/p>\n<p>Die Produkte sind im Voraus per Kredit-\/Debitkarte zu bezahlen.<\/p>\n<p>Kredit-\/Debitkarte.<\/p>\n<p>Die Zahlung akzeptiert VISA, MasterCard und wird zum Zeitpunkt des Kaufs vorgenommen, diese Methode ist bequem und sicher. ALMAZARA ARTAL verwendet einen sicheren Server, bei dem alle \u00dcbertragungen von pers\u00f6nlichen Daten mit dem Secure Sockets Layer (SSL)-Protokoll \u00fcber das Netzwerk verschl\u00fcsselt werden. Au\u00dferdem werden alle Bankdaten Ihrer Karte \u00fcber das Zahlungsportal der Bank abgefragt und ALMAZARA ARTAL hat zu keinem Zeitpunkt Zugang zu den vertraulichen Daten Ihrer Karte. <\/p>\n<p>  Fristen und Form der Zustellung<\/p>\n<p>Sie werden per E-Mail \u00fcber die voraussichtliche Lieferfrist informiert. Wir verpflichten uns, die Produkte in der k\u00fcrzest m\u00f6glichen Zeit zu versenden. In jedem Fall wird die Bestellung innerhalb von maximal 72 Stunden ausgeliefert, au\u00dfer in F\u00e4llen h\u00f6herer Gewalt.  <\/p>\n<p>  Garantie<\/p>\n<p>Die Kunden profitieren von der Garantie, die von den verschiedenen Herstellern der einzelnen Artikel gew\u00e4hrt wird. Sollte der Artikel nicht mit diesem Dokument versehen sein, reicht es aus, die Kaufrechnung aufzubewahren, gem\u00e4\u00df dem Gesetz 3\/2014 vom 27. M\u00e4rz, das den \u00fcberarbeiteten Text des Allgemeinen Gesetzes zum Schutz von Verbrauchern und Nutzern und andere erg\u00e4nzende Gesetze, die durch das K\u00f6nigliche Gesetzesdekret 1\/2007 vom 16. November verabschiedet wurden, ab\u00e4ndert. <\/p>\n<p>Sch\u00e4den, die durch unsachgem\u00e4\u00dfe Verwendung oder Handhabung des Produkts entstanden sind, oder Verschlei\u00df, der durch den normalen Gebrauch des Produkts verursacht wurde, sind nicht in dieser Garantie enthalten.<\/p>\n<p>  R\u00fcckgabe und Umtausch von Produkten<\/p>\n<p>Mit unserem Kundendienst versuchen wir, unseren Kunden eine schnelle und effiziente Betreuung zu bieten, um jedes Problem mit unseren Produkten oder Sendungen zu l\u00f6sen.<\/p>\n<p>Sollten Sie bei der Lieferung einen Schaden feststellen, kontaktieren Sie uns bitte sofort per E-Mail unter info@almazaraartal.com. Transportbedingte Reklamationen werden zwei (2) Werktage nach Erhalt des Produkts nicht mehr akzeptiert.<\/p>\n<p>ALMAZARA ARTAL \u00fcbernimmt die Transportkosten, die durch die R\u00fccksendung des Produkts aufgrund von Herstellungsfehlern entstehen.<\/p>\n<p>Wenn Sie ein Produkt zur\u00fccksenden m\u00f6chten, informieren Sie uns bitte per E-Mail und vergewissern Sie sich, dass es originalverpackt ist, im Falle von Software oder B\u00fcchern m\u00fcssen diese ordnungsgem\u00e4\u00df versiegelt und verpackt sein. Die Transportkosten gehen zu Lasten des Kunden, es sei denn, es handelt sich um von www.almazaraartal.com ordnungsgem\u00e4\u00df genehmigte Ausnahmen. <\/p>\n<p>F\u00fcr Produkte, die nach Kundenspezifikationen angefertigt wurden, werden keine R\u00fccksendungen akzeptiert.<\/p>\n<p>  Recht auf Widerruf<\/p>\n<p>Der Nutzer hat das anerkannte Recht, den \u00fcber die Website www.almazaraartal.com get\u00e4tigten Kauf zu widerrufen und kann das Produkt bei Nichtgefallen innerhalb einer Frist von maximal vierzehn (14) Kalendertagen ab Erhalt des Produkts zur\u00fcckgeben.<\/p>\n<p>Um das Produkt zur\u00fcckgeben zu k\u00f6nnen, muss es sich in einwandfreiem Zustand und in der Originalverpackung befinden. Sobald die Ware in unseren Lagern eingetroffen ist und wir den Zustand der Ware \u00fcberpr\u00fcft haben, werden wir den Betrag entsprechend der vom Kunden gew\u00e4hlten Zahlungsmethode erstatten. <\/p>\n<p>Gem\u00e4\u00df Artikel 103.d) des K\u00f6niglichen Gesetzesdekrets 1\/2007 vom 16. November, mit dem der \u00fcberarbeitete Text des Allgemeinen Gesetzes zum Schutz von Verbrauchern und Nutzern und anderer erg\u00e4nzender Gesetze verabschiedet wird, oder das auf die Lieferung von Waren anwendbar ist, die schnell verderben oder ablaufen k\u00f6nnen, kann das Widerrufsrecht nicht auf Flaschen ausge\u00fcbt werden, die z.B. aufgrund des schnellen Verfalls des Inhalts in solchen F\u00e4llen ge\u00f6ffnet wurden.<\/p>\n<p>Die Erstattung erfolgt innerhalb von 14 Kalendertagen ab dem Tag, an dem die Entscheidung, vom Vertrag zur\u00fcckzutreten, wirksam und unmissverst\u00e4ndlich mitgeteilt wurde, vorausgesetzt, dass die Waren oder Produkte, die Gegenstand des R\u00fccktritts sind, zuvor erhalten wurden.<\/p>\n<p>Das Widerrufsrecht wird ausge\u00fcbt, indem Sie ALMAZARA ARTAL eine E-Mail an info@almazaraartal.com schicken, in der Sie mitteilen, dass Sie dieses Recht aus\u00fcben m\u00f6chten. Sobald die Mitteilung eingegangen ist, informiert ALMAZARA ARTAL den Kunden \u00fcber die Schritte und Ma\u00dfnahmen, die bei der Aus\u00fcbung des Widerrufsrechts zu ber\u00fccksichtigen sind. <\/p>\n<p>Die Sprache(n), in der\/denen der Vertrag formalisiert werden kann, wenn dies nicht die Sprache ist, in der die Informationen vor dem Vertrag angeboten wurden. K\u00f6nigliches Gesetzesdekret 1\/2007 vom 16. November (Art. 97.1.i). <\/p>\n<p>F\u00fcr den Fall, dass der Verbraucher oder Nutzer sein Widerrufsrecht aus\u00fcbt, nachdem er einen Antrag gem\u00e4\u00df Artikel 98.8 oder Artikel 99.3 gestellt hat, die Information, dass der Verbraucher oder Nutzer in einem solchen Fall dem Unternehmer angemessene Kosten gem\u00e4\u00df Artikel 108.3 zu zahlen hat. Real Decreto Ley 1\/2007 de 16 de noviembre (art.97.1.l) <\/p>\n<p>Sofern der Gewerbetreibende nicht selbst anbietet, die Waren abzuholen, hat der Verbraucher und Nutzer die Waren unverz\u00fcglich, sp\u00e4testens jedoch innerhalb von 14 Kalendertagen ab dem Tag, an dem er dem Gewerbetreibenden gem\u00e4\u00df Artikel 106 seinen Entschluss, vom Vertrag zur\u00fcckzutreten, mitteilt, an den Gewerbetreibenden zur\u00fcckzusenden oder ihm zu \u00fcbergeben oder an eine vom Gewerbetreibenden zur Entgegennahme der Waren erm\u00e4chtigte Person zu \u00fcbergeben. <\/p>\n<p>Der Verbraucher und Nutzer tr\u00e4gt nur die unmittelbaren Kosten der R\u00fccksendung der Waren, es sei denn, der Gewerbetreibende hat sich bereit erkl\u00e4rt, diese Kosten zu tragen oder hat den Verbraucher und Nutzer nicht dar\u00fcber informiert, dass er diese Kosten zu tragen hat.<\/p>\n<p>Bei Vertr\u00e4gen au\u00dferhalb von Gesch\u00e4ftsr\u00e4umen, bei denen die Waren zum Zeitpunkt des Vertragsabschlusses bereits an die Wohnung des Verbrauchers und Nutzers geliefert wurden, holt der Gewerbetreibende die Waren auf eigene Kosten ab, wenn sie aufgrund ihrer Beschaffenheit nicht per Post zur\u00fcckgeschickt werden k\u00f6nnen. K\u00f6nigliches Gesetzesdekret 1\/2007 vom 16. November (Art.108.1) <\/p>\n<p>  Recht auf Ausschluss<\/p>\n<p>ALMAZARA ARTAL beh\u00e4lt sich das Recht vor, Nutzern, die die Nutzungsbedingungen des Portals nicht einhalten, den Zugang zum Portal und\/oder den angebotenen Diensten ohne Vorank\u00fcndigung zu verweigern oder zu entziehen, sei es auf eigenes Verlangen oder auf Verlangen eines Dritten.<\/p>\n<p>ALMAZARA ARTAL wird den Versto\u00df gegen die Nutzungsbedingungen des Portals sowie jede missbr\u00e4uchliche Nutzung seines Portals mit allen zivil- und strafrechtlichen Ma\u00dfnahmen verfolgen, die ihm gesetzlich zustehen.<\/p>\n<p>  \u00c4nderungen und Links<\/p>\n<p>ALMAZARA ARTAL beh\u00e4lt sich das Recht vor, unangek\u00fcndigte \u00c4nderungen auf seiner Website vorzunehmen und die Inhalte und Dienstleistungen, die er anbietet, sowie die Art und Weise, wie sie pr\u00e4sentiert werden oder wo sie zu finden sind, zu \u00e4ndern, zu l\u00f6schen oder hinzuzuf\u00fcgen, ebenso wie die hier festgelegten Allgemeinen Vertragsbedingungen.<\/p>\n<p>ALMAZARA ARTAL haftet nicht f\u00fcr den Missbrauch der Inhalte seiner Website, die alleinige Verantwortung liegt bei der Person, die darauf zugreift oder sie nutzt.<\/p>\n<p>F\u00fcr den Fall, dass www.almazaraartal.com Links oder Hyperlinks zu anderen Internetseiten enth\u00e4lt, \u00fcbt ALMAZARA ARTAL, der Ersteller der Website, keinerlei Kontrolle \u00fcber diese Seiten und Inhalte aus. ALMAZARA ARTAL, der Ersteller der Website, \u00fcbernimmt unter keinen Umst\u00e4nden die Verantwortung f\u00fcr den Inhalt eines Links zu einer anderen Website und garantiert auch nicht die technische Verf\u00fcgbarkeit, Qualit\u00e4t, Zuverl\u00e4ssigkeit, Genauigkeit, Vollst\u00e4ndigkeit, Richtigkeit, G\u00fcltigkeit und Verfassungsm\u00e4\u00dfigkeit des Materials oder der Informationen, die in einem dieser Hyperlinks oder auf anderen Websites enthalten sind. Ebenso wenig bedeutet die Aufnahme dieser externen Verbindungen irgendeine Art von Assoziation, Fusion oder Beteiligung mit den verbundenen Einrichtungen.  <\/p>\n<p>  Anwendbares Recht und zust\u00e4ndige Gerichtsbarkeit<\/p>\n<p>Die in diesen rechtlichen Hinweisen enthaltenen Bedingungen f\u00fcr die Nutzung der Website sowie die Beziehung zwischen dem Nutzer und ALMAZARA ARTAL unterliegen dem spanischen Recht und werden entsprechend ausgelegt. F\u00fcr die Beilegung etwaiger Konflikte unterwerfen sich der Nutzer und ALMAZARA ARTAL ausdr\u00fccklich der Zust\u00e4ndigkeit der Gerichte und Tribunale der Stadt TERUEL und verzichten ausdr\u00fccklich auf jede andere Zust\u00e4ndigkeit, die ihnen zustehen k\u00f6nnte. <\/p>\n<p>Verordnung (EU) Nr. 524\/2013 des Europ\u00e4ischen Parlaments und des Rates vom 21. Mai 2013 \u00fcber die Online-Beilegung verbraucherrechtlicher Streitigkeiten und zur \u00c4nderung der Verordnung (EG) Nr. 2006\/2004 und der Richtlinie 2009\/22\/EG (die Verordnung \u00fcber die Online-Streitbeilegung f\u00fcr Verbraucher)<\/p>\n<p>&#8211; Siehe Gesetzgebung<\/p>\n<p>K\u00f6nigliches Gesetzesdekret 1\/2007 vom 16. November, mit dem der \u00fcberarbeitete Text des Allgemeinen Gesetzes zum Schutz der Verbraucher und Nutzer und anderer erg\u00e4nzender Gesetze genehmigt wird.<\/p>\n<p>&#8211; Siehe Gesetzgebung<\/p>\n","protected":false},"excerpt":{"rendered":"<p>Bedingungen f\u00fcr den Kauf Verordnung (EU) Nr. 524\/2013 des Europ\u00e4ischen Parlaments und des Rates vom 21. Mai 2013 \u00fcber die Online-Beilegung verbraucherrechtlicher Streitigkeiten und zur \u00c4nderung der Verordnung (EG) Nr. 2006\/2004 und der Richtlinie 2009\/22\/EG (die Verordnung \u00fcber die Online-Beilegung verbraucherrechtlicher Streitigkeiten) &#8211; Siehe Gesetzgebung K\u00f6nigliches Gesetzesdekret 1\/2007 vom 16. November, mit dem der \u00fcberarbeitete &#8230; <a title=\"Bedingungen f\u00fcr den Kauf\" class=\"read-more\" href=\"https:\/\/almazaraartal.com\/de\/bedingungen-fuer-den-kauf\/\" aria-label=\"Read more about Bedingungen f\u00fcr den Kauf\">Weiterlesen &#8230;<\/a><\/p>\n","protected":false},"author":1,"featured_media":0,"parent":0,"menu_order":0,"comment_status":"closed","ping_status":"closed","template":"","meta":{"_joinchat":[],"footnotes":""},"class_list":["post-8622","page","type-page","status-publish"],"_links":{"self":[{"href":"https:\/\/almazaraartal.com\/de\/wp-json\/wp\/v2\/pages\/8622","targetHints":{"allow":["GET"]}}],"collection":[{"href":"https:\/\/almazaraartal.com\/de\/wp-json\/wp\/v2\/pages"}],"about":[{"href":"https:\/\/almazaraartal.com\/de\/wp-json\/wp\/v2\/types\/page"}],"author":[{"embeddable":true,"href":"https:\/\/almazaraartal.com\/de\/wp-json\/wp\/v2\/users\/1"}],"replies":[{"embeddable":true,"href":"https:\/\/almazaraartal.com\/de\/wp-json\/wp\/v2\/comments?post=8622"}],"version-history":[{"count":1,"href":"https:\/\/almazaraartal.com\/de\/wp-json\/wp\/v2\/pages\/8622\/revisions"}],"predecessor-version":[{"id":8623,"href":"https:\/\/almazaraartal.com\/de\/wp-json\/wp\/v2\/pages\/8622\/revisions\/8623"}],"wp:attachment":[{"href":"https:\/\/almazaraartal.com\/de\/wp-json\/wp\/v2\/media?parent=8622"}],"curies":[{"name":"wp","href":"https:\/\/api.w.org\/{rel}","templated":true}]}}