{"id":9005,"date":"2021-02-08T09:43:13","date_gmt":"2021-02-08T08:43:13","guid":{"rendered":"https:\/\/almazaraartal.com\/datenschutzbestimmungen\/"},"modified":"2021-02-08T09:43:13","modified_gmt":"2021-02-08T08:43:13","slug":"datenschutzbestimmungen","status":"publish","type":"page","link":"https:\/\/almazaraartal.com\/de\/datenschutzbestimmungen\/","title":{"rendered":"Datenschutzbestimmungen"},"content":{"rendered":"<p>ANGEL JOSE ARTAL TOMAS (ALMAZARA ARTAL, im Folgenden) informiert in \u00dcbereinstimmung mit den Bestimmungen der Allgemeinen Datenschutzverordnung (RGPD 2016\/679) die Nutzer der Website www.almazaraartal.com:<\/p>\n<p><strong><\/strong><\/p>\n<p><strong>Wer ist f\u00fcr die Verarbeitung Ihrer Daten verantwortlich?<\/strong><\/p>\n<p>Die vom Benutzer \u00fcber die Formulare auf dieser Website zur Verf\u00fcgung gestellten Daten werden in die Verarbeitung einbezogen, deren Verantwortlicher ALMAZARA ARTAL mit CIF 17719696J und der Meldeadresse Pol\u00edgono Eras Altas nave 4, point 1, 44540 de Albalate del Arzobispo (TERUEL) (SPANIEN) ist.<\/p>\n<p>Sie k\u00f6nnen uns unter 636904082 oder per E-Mail an info@almazaraartal.com kontaktieren.<\/p>\n<p>&nbsp;<\/p>\n<p><strong>Zu welchem Zweck erheben wir Ihre Daten und was ist die Rechtsgrundlage f\u00fcr die Verarbeitung Ihrer Daten?<\/strong><\/p>\n<p><u>PERS\u00d6NLICHE DATEN VON KUNDEN<\/u><\/p>\n<table style=\"background-color:#eadb99;\">\n<tbody>\n<tr style=\"background-color:#42494e; color:#e8cb4f;font-weight: 700;\">\n<td width=\"288\">ZWECK<\/td>\n<td width=\"288\">RECHTSGRUNDLAGE<\/td>\n<\/tr>\n<tr>\n<td width=\"288\">\n<p>&nbsp;<\/p>\n<p>Budgetierung der angeforderten Dienstleistungen<\/p>\n<\/td>\n<td width=\"288\">\n<p>&nbsp;<\/p>\n<p>Dabei handelt es sich um die Durchf\u00fchrung vorvertraglicher Ma\u00dfnahmen auf Antrag des Interessenten (Budgets).<\/p>\n<p>&nbsp;<\/p>\n<\/td>\n<\/tr>\n<tr>\n<td width=\"288\">\n<p>Erbringung der gew\u00fcnschten Dienstleistungen<\/p>\n<p>&nbsp;<\/p>\n<\/td>\n<td width=\"288\">Es ist die Ausf\u00fchrung eines Vertrags<\/td>\n<\/tr>\n<tr>\n<td width=\"288\">Kundenunternehmensinterne Verwaltung<\/td>\n<td width=\"288\">\n<p>ALMAZARA ARTAL ist rechtlich verpflichtet, seinen steuerlichen und rechtlichen Verpflichtungen nachzukommen.<\/p>\n<p>&nbsp;<\/p>\n<\/td>\n<\/tr>\n<tr>\n<td width=\"288\">Administrative Verwaltung unseres Unternehmens<\/td>\n<td width=\"288\">\n<p>Es ist die Ausf\u00fchrung eines Vertrags<\/p>\n<p>&nbsp;<\/p>\n<\/td>\n<\/tr>\n<tr>\n<td width=\"288\">Rechnungsstellung f\u00fcr die angeforderten Dienstleistungen, falls vorhanden<\/td>\n<td width=\"288\">\n<p>ALMAZARA ARTAL ist rechtlich verpflichtet, seinen steuerlichen und rechtlichen Verpflichtungen nachzukommen.<\/p>\n<p>&nbsp;<\/p>\n<\/td>\n<\/tr>\n<tr>\n<td width=\"288\">Zusendung von kommerziellen Informationen<\/td>\n<td width=\"288\">Es ist die Zustimmung<\/td>\n<\/tr>\n<\/tbody>\n<\/table>\n<p>&nbsp;<\/p>\n<p><u>PERS\u00d6NLICHE DATEN VON LIEFERANTEN<\/u><\/p>\n<table style=\"background-color:#eadb99;\">\n<tbody>\n<tr style=\"background-color:#42494e; color:#e8cb4f;font-weight: 700;\">\n<td width=\"288\">ZWECK<\/td>\n<td width=\"288\">RECHTSGRUNDLAGE<\/td>\n<\/tr>\n<tr>\n<td width=\"288\">\n<p>&nbsp;<\/p>\n<p>Verwaltung der erbrachten Dienstleistung und\/oder der Beschaffung von Produkten<\/p>\n<p>&nbsp;<\/p>\n<\/td>\n<td width=\"288\">\n<p>&nbsp;<\/p>\n<p>Es ist die Ausf\u00fchrung eines Vertrags<\/p>\n<p>&nbsp;<\/p>\n<\/td>\n<\/tr>\n<tr>\n<td width=\"288\">Unternehmensinterne Verwaltung der Lieferanten<\/td>\n<td width=\"288\">\n<p>ALMAZARA ARTAL ist rechtlich verpflichtet, seinen steuerlichen und rechtlichen Verpflichtungen nachzukommen.<\/p>\n<p>&nbsp;<\/p>\n<\/td>\n<\/tr>\n<tr>\n<td width=\"288\">Administrative Verwaltung unseres Unternehmens<\/td>\n<td width=\"288\">\n<p>Es ist die Ausf\u00fchrung eines Vertrags<\/p>\n<p>&nbsp;<\/p>\n<\/td>\n<\/tr>\n<tr>\n<td width=\"288\">Zahlung f\u00fcr erbrachte Dienstleistungen, falls zutreffend.<\/td>\n<td width=\"288\">Es ist die gesetzliche Verpflichtung von ALMAZARA ARTAL, seinen steuerlichen Verpflichtungen nachzukommen.<\/td>\n<\/tr>\n<tr>\n<td width=\"288\"><\/td>\n<td width=\"288\"><\/td>\n<\/tr>\n<\/tbody>\n<\/table>\n<p>&nbsp;<\/p>\n<p><u>ANGABEN ZUR PERSON DER KANDIDATEN<\/u><\/p>\n<table style=\"background-color:#eadb99;\">\n<tbody>\n<tr style=\"background-color:#42494e; color:#e8cb4f;font-weight: 700;\">\n<td width=\"288\">ZWECK<\/td>\n<td width=\"288\">RECHTSGRUNDLAGE<\/td>\n<\/tr>\n<tr>\n<td width=\"288\">\n<p>&nbsp;<\/p>\n<p>dass der Kandidat an den von ALMAZARA ARTAL durchgef\u00fchrten Auswahlverfahren teilnehmen kann.<\/p>\n<p>&nbsp;<\/p>\n<\/td>\n<td width=\"288\">\n<p>&nbsp;<\/p>\n<p>Es ist die Zustimmung des Kandidaten<\/p>\n<p>&nbsp;<\/p>\n<\/td>\n<\/tr>\n<\/tbody>\n<\/table>\n<p>&nbsp;<\/p>\n<p><u>AUF UNSERER WEBSITE ERFASSTE PERS\u00d6NLICHE DATEN<\/u><\/p>\n<p>&nbsp;<\/p>\n<p>Dar\u00fcber hinaus werden auf dieser Website personenbezogene Daten \u00fcber verschiedene Formulare erhoben. Die in jedem Formular angeforderten Daten sind diejenigen, die f\u00fcr den Zweck, f\u00fcr den sie erhoben werden, notwendig sind. Der Zweck der Verarbeitung ist der folgende:  <\/p>\n<p>&nbsp;<\/p>\n<p><u>KONTAKTFORMULAR<\/u><\/p>\n<table style=\"background-color:#eadb99;\">\n<tbody>\n<tr style=\"background-color:#42494e; color:#e8cb4f;font-weight: 700;\">\n<td width=\"288\">ZWECK<\/td>\n<td width=\"288\">RECHTSGRUNDLAGE<\/td>\n<\/tr>\n<tr>\n<td width=\"288\">\n<p>&nbsp;<\/p>\n<p>Um die gestellten Fragen beantworten zu k\u00f6nnen und dem Nutzer die gew\u00fcnschten Informationen \u00fcber die im Formular angegebene E-Mail-Adresse oder Telefonnummer zukommen zu lassen.<\/p>\n<\/td>\n<td width=\"288\">\n<p>&nbsp;<\/p>\n<p>Es ist die Zustimmung des Benutzers<\/p>\n<p>&nbsp;<\/p>\n<\/td>\n<\/tr>\n<\/tbody>\n<\/table>\n<p>&nbsp;<\/p>\n<p><u>BENUTZERKONTO-FORMULAR<\/u><\/p>\n<table style=\"background-color:#eadb99;\">\n<tbody>\n<tr style=\"background-color:#42494e; color:#e8cb4f;font-weight: 700;\">\n<td width=\"288\">ZWECK<\/td>\n<td width=\"288\">RECHTSGRUNDLAGE<\/td>\n<\/tr>\n<tr>\n<td width=\"288\">\n<p>&nbsp;<\/p>\n<p>Verwalten Sie die Registrierung des Benutzers. Der Benutzer kann nur dann Eink\u00e4ufe t\u00e4tigen, wenn er registriert ist. Durch die Registrierung erh\u00e4lt der Benutzer bei zuk\u00fcnftigen Eink\u00e4ufen mit dem Benutzernamen und dem Passwort Zugang und kann neben den Eink\u00e4ufen auch die Historie der Eink\u00e4ufe usw. einsehen.  <\/p>\n<p>&nbsp;<\/p>\n<\/td>\n<td width=\"288\">\n<p>&nbsp;<\/p>\n<p>Es ist die Zustimmung des Benutzers<\/p>\n<p>&nbsp;<\/p>\n<\/td>\n<\/tr>\n<tr>\n<td width=\"288\">Bearbeitung des vom Benutzer get\u00e4tigten Kaufs<\/td>\n<td width=\"288\">Es handelt sich um die Ausf\u00fchrung eines Vertrags<\/td>\n<\/tr>\n<tr>\n<td width=\"288\"><\/td>\n<td width=\"288\"><\/td>\n<\/tr>\n<tr>\n<td width=\"288\">Kundenunternehmensinterne Verwaltung<\/td>\n<td width=\"288\">\n<p>ALMAZARA ARTAL ist rechtlich verpflichtet, seinen steuerlichen und rechtlichen Verpflichtungen nachzukommen.<\/p>\n<p>&nbsp;<\/p>\n<\/td>\n<\/tr>\n<tr>\n<td width=\"288\">Administrative Verwaltung unseres Unternehmens<\/td>\n<td width=\"288\">\n<p>Es ist die Ausf\u00fchrung eines Vertrags<\/p>\n<p>&nbsp;<\/p>\n<\/td>\n<\/tr>\n<tr>\n<td width=\"288\">Rechnungsstellung f\u00fcr die angeforderten Dienstleistungen, falls vorhanden<\/td>\n<td width=\"288\">\n<p>ALMAZARA ARTAL ist rechtlich verpflichtet, seinen steuerlichen und rechtlichen Verpflichtungen nachzukommen.<\/p>\n<p>&nbsp;<\/p>\n<\/td>\n<\/tr>\n<tr>\n<td width=\"288\">Um den Benutzer f\u00fcr den Newsletter des Unternehmens zu registrieren, \u00fcber den er Informationen \u00fcber Angebote, Aktionen, Produkte und Aktivit\u00e4ten des Unternehmens erh\u00e4lt. Sobald der Benutzer registriert ist, erh\u00e4lt er eine E-Mail zur Best\u00e4tigung des Abonnements des Newsletters.<\/td>\n<td width=\"288\">Es ist die Zustimmung<\/td>\n<\/tr>\n<\/tbody>\n<\/table>\n<p>&nbsp;<\/p>\n<p><u>E-MAIL-ADRESSE<\/u><\/p>\n<table style=\"background-color:#eadb99;\">\n<tbody>\n<tr style=\"background-color:#42494e; color:#e8cb4f;font-weight: 700;\">\n<td width=\"288\">ZWECK<\/td>\n<td width=\"288\">RECHTSGRUNDLAGE<\/td>\n<\/tr>\n<tr>\n<td width=\"288\">\n<p>&nbsp;<\/p>\n<p>Wenn der Nutzer \u00fcber die auf dieser Website ver\u00f6ffentlichte E-Mail-Adresse Kontakt mit uns aufnimmt, werden seine Daten verarbeitet, um die gestellten Fragen zu beantworten und ihm die angeforderten Informationen \u00fcber die E-Mail-Adresse, \u00fcber die die Anfrage eingeht, zuzusenden.<\/p>\n<\/td>\n<td width=\"288\">\n<p>&nbsp;<\/p>\n<p>Es ist das legitime Interesse unseres Unternehmens, auf erhaltene Mitteilungen zu antworten.<\/p>\n<\/td>\n<\/tr>\n<\/tbody>\n<\/table>\n<p>&nbsp;<\/p>\n<p><strong>Welche Kategorie von Daten verarbeiten wir?<\/strong><\/p>\n<p><span style=\"font-size: 16px;\">Die erfassten Daten, einschlie\u00dflich, aber nicht beschr\u00e4nkt auf, die Kategorie der identifizierenden Daten, wie: Vor- und Nachname, Telefon, Postanschrift, Firma, E-Mail sowie die IP-Adresse, von der aus Sie auf das Datenerfassungsformular zugreifen.<\/span><\/p>\n<p>&nbsp;<\/p>\n<p><strong>Wie lange bewahren wir Ihre Daten auf?<\/strong><\/p>\n<p><u style=\"font-size: 16px;\">PERS\u00d6NLICHE DATEN VON KUNDEN UND LIEFERANTEN<\/u><span style=\"font-size: 16px;\"> <\/span><\/p>\n<p>Die zur Verf\u00fcgung gestellten pers\u00f6nlichen Daten werden so lange aufbewahrt, wie die Gesch\u00e4ftsbeziehung aufrechterhalten wird oder der Nutzer ihre L\u00f6schung verlangt. Nach Beendigung der Gesch\u00e4ftsbeziehung werden die Daten so lange aufbewahrt, wie es zur Erf\u00fcllung gesetzlicher Verpflichtungen erforderlich ist. Sobald die Verpflichtungen, die sich aus diesen rechtlichen Verpflichtungen ergeben, abgelaufen sind, werden Ihre Daten gel\u00f6scht.  <\/p>\n<p>Pers\u00f6nliche Daten, die f\u00fcr die Zusendung kommerzieller Mitteilungen erforderlich sind, werden, sofern Sie Ihre Zustimmung gegeben haben, so lange gespeichert, bis Sie deren L\u00f6schung verlangen.<\/p>\n<p><u style=\"font-size: 16px;\"><\/u><\/p>\n<p><u style=\"font-size: 16px;\">ANGABEN ZUR PERSON DER KANDIDATEN<\/u><\/p>\n<p><span style=\"font-size: 16px;\">Die vom Bewerber angegebenen Daten werden 1 Jahr lang aufbewahrt.<\/span><\/p>\n<p>&nbsp;<\/p>\n<p><u>WEBSITE-FORMULARE MIT PERS\u00d6NLICHEN DATEN<\/u><\/p>\n<p> <span style=\"font-size: 16px;\">Die \u00fcber die Formulare auf unserer Website gesammelten Daten werden so lange aufbewahrt, wie der Benutzer nicht ihre L\u00f6schung verlangt.<\/span><\/p>\n<p><strong> <\/strong><\/p>\n<p><strong>Erstellen wir ein Profil Ihrer Daten?<\/strong><\/p>\n<p><span style=\"font-size: 16px;\">Es werden keine automatisierten Entscheidungen getroffen und es findet kein Profiling statt.<\/span><\/p>\n<p><strong> <\/strong><\/p>\n<p><strong>An wen geben wir Ihre Daten weiter?<\/strong><\/p>\n<p><span style=\"font-size: 16px;\">Eine Weitergabe von Daten oder eine internationale \u00dcbermittlung Ihrer Daten ist nicht vorgesehen, au\u00dfer in den F\u00e4llen, in denen die Steuer-, Handels- und Telekommunikationsgesetze dies zulassen, sowie in den F\u00e4llen, in denen eine Justizbeh\u00f6rde uns dazu verpflichtet.<\/span><\/p>\n<p>&nbsp;<\/p>\n<p>ALMAZARA ARTAL kann personenbezogene Daten an externe Unternehmen weitergeben, die Dienstleistungen f\u00fcr ALMAZARA ARTAL erbringen. Mit all diesen Unternehmen wird ein Vertraulichkeitsvertrag geschlossen, um die Verwendung personenbezogener Daten gem\u00e4\u00df den Anforderungen der geltenden Datenschutzbestimmungen zu gew\u00e4hrleisten. Als Beispiel und ohne Anspruch auf Vollst\u00e4ndigkeit k\u00f6nnen dies folgende Unternehmen sein:  <\/p>\n<ul>\n<li>Steuer- und Buchhaltungsberatung.<\/li>\n<li>Computerfirmen.<\/li>\n<\/ul>\n<p>&nbsp;<\/p>\n<p>Dar\u00fcber hinaus kann ALMAZARA ARTAL personenbezogene Daten an externe Unternehmen weitergeben, die daf\u00fcr verantwortlich sind, die Aktivit\u00e4t korrekt entwickeln zu k\u00f6nnen. Als Beispiel und ohne Anspruch auf Vollst\u00e4ndigkeit k\u00f6nnen dies folgende Unternehmen sein: <\/p>\n<ul>\n<li>Transportunternehmen<\/li>\n<\/ul>\n<p>&nbsp;<\/p>\n<p><strong>Welche Drittparteien bieten auf dieser Website Dienstleistungen an?<\/strong><\/p>\n<p>Die folgenden Dienstleister werden f\u00fcr die Entwicklung dieser Website genutzt:<\/p>\n<p><span style=\"font-size: 16px;\">Hosting: Die Server, auf denen unsere Website gehostet wird, befinden sich in der EU. Es werden sichere Protokolle verwendet, so dass die Datenkommunikation \u00fcber einen verschl\u00fcsselten Kanal erfolgt. <\/span><\/p>\n<p><strong> <\/strong><\/p>\n<p><strong>Welche Rechte haben Sie und wie k\u00f6nnen Sie diese aus\u00fcben?<\/strong><\/p>\n<p><span style=\"font-size: 16px;\">Der Nutzer hat das Recht auf <\/span><u style=\"font-size: 16px;\">Zugang zu<\/u> <span style=\"font-size: 16px;\"> auf seine pers\u00f6nlichen Daten, um die <\/span><u style=\"font-size: 16px;\">Berichtigung<\/u> <span style=\"font-size: 16px;\"> von unrichtigen Daten sowie auf deren <\/span><u style=\"font-size: 16px;\">L\u00f6schung<\/u>  <span style=\"font-size: 16px;\">  wenn sie, neben anderen Gr\u00fcnden, f\u00fcr die Zwecke, f\u00fcr die sie erhoben wurden, nicht mehr erforderlich sind. Unter bestimmten Umst\u00e4nden k\u00f6nnen Sie auch verlangen, dass die   <\/span><u style=\"font-size: 16px;\">Einschr\u00e4nkung<\/u> <span style=\"font-size: 16px;\"> in diesem Fall werden sie nur zum Zwecke der Geltendmachung oder Abwehr von Anspr\u00fcchen sowie zur Beantragung der <\/span><u style=\"font-size: 16px;\">\u00dcbertragbarkeit<\/u><span style=\"font-size: 16px;\">  Ihrer Daten. Aus Gr\u00fcnden, die mit Ihrer besonderen Situation zusammenh\u00e4ngen, k\u00f6nnen Sie   <\/span><u style=\"font-size: 16px;\">Objekt<\/u><span style=\"font-size: 16px;\">  ALMAZARA ARTAL wird die Verarbeitung dieser Daten einstellen, es sei denn, es liegen zwingende legitime Gr\u00fcnde vor, oder es geht um die Geltendmachung oder Verteidigung eventueller Anspr\u00fcche.<\/span><\/p>\n<p>Der Antragsteller kann <u>die<\/u> erteilten <u>Einwilligungen jederzeit widerrufen<\/u>. Der Antragsteller kann seine Rechte per E-Mail an info@almazaraartal.com oder in den Gesch\u00e4ftsr\u00e4umen von Pol\u00edgono Eras Altas nave 4, point 1, 44540 Albalate del Arzobispo (TERUEL) aus\u00fcben, wobei er eine Fotokopie seines Personalausweises beif\u00fcgen und angeben muss, welches Recht er aus\u00fcbt. Sie k\u00f6nnen auch eine Beschwerde bei der spanischen Datenschutzbeh\u00f6rde einreichen.  <\/p>\n<p><strong> <\/strong><\/p>\n<p><strong>Welche Sicherheitsma\u00dfnahmen haben wir getroffen?<\/strong><\/p>\n<p><span style=\"font-size: 16px;\">Im Rahmen unserer Verpflichtung, die Sicherheit und Vertraulichkeit Ihrer personenbezogenen Daten zu gew\u00e4hrleisten, informieren wir Sie dar\u00fcber, dass wir die notwendigen technischen und organisatorischen Ma\u00dfnahmen ergriffen haben, um die Sicherheit Ihrer personenbezogenen Daten zu gew\u00e4hrleisten und deren \u00c4nderung, Verlust, unbefugte Verarbeitung oder Zugriff zu verhindern, unter Ber\u00fccksichtigung des Stands der Technik, der Art der gespeicherten Daten und der Risiken, denen sie ausgesetzt sind, gem\u00e4\u00df Art. 32 der RGPD EU 679\/2016.<\/span><\/p>\n<p>&nbsp;<\/p>\n<p><strong>Wie funktionieren unsere sozialen Netzwerke?<\/strong><\/p>\n<p><span style=\"font-size: 16px;\">\u00dcber unsere sozialen Netzwerke k\u00f6nnen Sie unsere Inhalte teilen oder uns Ihre Kommentare, Fotos oder Videos hinterlassen, sofern sie f\u00fcr die gesamte Gemeinschaft von Interesse sind.<\/span><\/p>\n<p><span style=\"font-size: 16px;\">Unsere sozialen Netzwerke werden st\u00e4ndig \u00fcberwacht, um auf Ihre Fragen und Kommentare so schnell wie m\u00f6glich zu reagieren.<\/span><\/p>\n<p><span style=\"font-size: 16px;\">Wir m\u00f6chten, dass es ein Raum ist, den wir alle genie\u00dfen k\u00f6nnen. Daher ist es wichtig, dass wir alle die Regeln des Zusammenlebens respektieren:<\/span><\/p>\n<p>&nbsp;<\/p>\n<ol>\n<li>Sie sind f\u00fcr die von Ihnen ver\u00f6ffentlichten Inhalte verantwortlich und verletzen keine Rechte, Gesetze oder Vorschriften.<\/li>\n<\/ol>\n<ol start=\"2\">\n<li>Achten Sie auf den Wortlaut und den Tonfall und vermeiden Sie die Ver\u00f6ffentlichung von beleidigenden, verleumderischen oder obsz\u00f6nen Informationen.<\/li>\n<\/ol>\n<ol start=\"3\">\n<li>Respektieren Sie das Recht auf Privatsph\u00e4re, machen Sie keine ungesetzlichen, beleidigenden oder diskriminierenden Bemerkungen \u00fcber andere.<\/li>\n<\/ol>\n<ol start=\"4\">\n<li>Vermeiden Sie betr\u00fcgerische, irref\u00fchrende oder t\u00e4uschende Kommentare.<\/li>\n<\/ol>\n<ol start=\"5\">\n<li>Wir erlauben keinen Spam, keine kommerziellen oder werblichen Nachrichten und wir m\u00f6chten keine sich wiederholenden Nachrichten.<\/li>\n<\/ol>\n<ol start=\"6\">\n<li>Wir werden uns nicht auf Gespr\u00e4che mit Profilen einlassen, die wir f\u00fcr gef\u00e4lscht halten.<\/li>\n<\/ol>\n<p>&nbsp;<\/p>\n<p>Bitte beachten Sie, dass die Inhalte, die von Followern auf unseren Seiten gepostet werden, nicht unbedingt die Ansichten unseres Unternehmens widerspiegeln.<\/p>\n<p>Wenn Ihre Kommentare nicht mit den &#8218;Hausregeln&#8216; \u00fcbereinstimmen, k\u00f6nnen sie gel\u00f6scht, versteckt oder gesperrt werden. Jeder, der unerlaubte Inhalte postet, wird aus der Community ausgeschlossen. <\/p>\n<p>Wir behalten uns das Recht vor, diese Regeln jederzeit und ohne Vorank\u00fcndigung zu \u00e4ndern.<\/p>\n","protected":false},"excerpt":{"rendered":"<p>ANGEL JOSE ARTAL TOMAS (ALMAZARA ARTAL, im Folgenden) informiert in \u00dcbereinstimmung mit den Bestimmungen der Allgemeinen Datenschutzverordnung (RGPD 2016\/679) die Nutzer der Website www.almazaraartal.com: Wer ist f\u00fcr die Verarbeitung Ihrer Daten verantwortlich? Die vom Benutzer \u00fcber die Formulare auf dieser Website zur Verf\u00fcgung gestellten Daten werden in die Verarbeitung einbezogen, deren Verantwortlicher ALMAZARA ARTAL mit &#8230; <a title=\"Datenschutzbestimmungen\" class=\"read-more\" href=\"https:\/\/almazaraartal.com\/de\/datenschutzbestimmungen\/\" aria-label=\"Mehr Informationen \u00fcber Datenschutzbestimmungen\">Weiterlesen &#8230;<\/a><\/p>\n","protected":false},"author":1,"featured_media":0,"parent":0,"menu_order":0,"comment_status":"closed","ping_status":"closed","template":"","meta":{"_joinchat":[],"footnotes":""},"class_list":["post-9005","page","type-page","status-publish"],"_links":{"self":[{"href":"https:\/\/almazaraartal.com\/de\/wp-json\/wp\/v2\/pages\/9005","targetHints":{"allow":["GET"]}}],"collection":[{"href":"https:\/\/almazaraartal.com\/de\/wp-json\/wp\/v2\/pages"}],"about":[{"href":"https:\/\/almazaraartal.com\/de\/wp-json\/wp\/v2\/types\/page"}],"author":[{"embeddable":true,"href":"https:\/\/almazaraartal.com\/de\/wp-json\/wp\/v2\/users\/1"}],"replies":[{"embeddable":true,"href":"https:\/\/almazaraartal.com\/de\/wp-json\/wp\/v2\/comments?post=9005"}],"version-history":[{"count":0,"href":"https:\/\/almazaraartal.com\/de\/wp-json\/wp\/v2\/pages\/9005\/revisions"}],"wp:attachment":[{"href":"https:\/\/almazaraartal.com\/de\/wp-json\/wp\/v2\/media?parent=9005"}],"curies":[{"name":"wp","href":"https:\/\/api.w.org\/{rel}","templated":true}]}}