{"id":9020,"date":"2020-09-29T14:23:44","date_gmt":"2020-09-29T12:23:44","guid":{"rendered":"https:\/\/almazaraartal.com\/shop\/gourmet-oel\/"},"modified":"2026-04-15T14:15:14","modified_gmt":"2026-04-15T12:15:14","slug":"gourmet-oel","status":"publish","type":"page","link":"https:\/\/almazaraartal.com\/de\/shop\/gourmet-oel\/","title":{"rendered":"Gourmet-\u00d6l"},"content":{"rendered":"\t\t<div data-elementor-type=\"wp-page\" data-elementor-id=\"9020\" class=\"elementor elementor-9020 elementor-369\">\n\t\t\t\t<div class=\"elementor-element elementor-element-240d62f7 e-flex e-con-boxed e-con e-parent\" data-id=\"240d62f7\" data-element_type=\"container\" data-e-type=\"container\">\n\t\t\t\t\t<div class=\"e-con-inner\">\n\t\t\t\t<div class=\"elementor-element elementor-element-5e9c82d5 elementor-align-left elementor-widget elementor-widget-button\" data-id=\"5e9c82d5\" data-element_type=\"widget\" data-e-type=\"widget\" data-widget_type=\"button.default\">\n\t\t\t\t<div class=\"elementor-widget-container\">\n\t\t\t\t\t\t\t\t\t<div class=\"elementor-button-wrapper\">\n\t\t\t\t\t<a class=\"elementor-button elementor-button-link elementor-size-sm\" href=\"https:\/\/almazaraartal.com\/categoria-producto\/safeito\/\">\n\t\t\t\t\t\t<span class=\"elementor-button-content-wrapper\">\n\t\t\t\t\t\t<span class=\"elementor-button-icon\">\n\t\t\t\t<svg aria-hidden=\"true\" class=\"e-font-icon-svg e-fas-shopping-cart\" viewBox=\"0 0 576 512\" xmlns=\"http:\/\/www.w3.org\/2000\/svg\"><path d=\"M528.12 301.319l47.273-208C578.806 78.301 567.391 64 551.99 64H159.208l-9.166-44.81C147.758 8.021 137.93 0 126.529 0H24C10.745 0 0 10.745 0 24v16c0 13.255 10.745 24 24 24h69.883l70.248 343.435C147.325 417.1 136 435.222 136 456c0 30.928 25.072 56 56 56s56-25.072 56-56c0-15.674-6.447-29.835-16.824-40h209.647C430.447 426.165 424 440.326 424 456c0 30.928 25.072 56 56 56s56-25.072 56-56c0-22.172-12.888-41.332-31.579-50.405l5.517-24.276c3.413-15.018-8.002-29.319-23.403-29.319H218.117l-6.545-32h293.145c11.206 0 20.92-7.754 23.403-18.681z\"><\/path><\/svg>\t\t\t<\/span>\n\t\t\t\t\t\t\t\t\t<span class=\"elementor-button-text\">\u00d6l kaufen<\/span>\n\t\t\t\t\t<\/span>\n\t\t\t\t\t<\/a>\n\t\t\t\t<\/div>\n\t\t\t\t\t\t\t\t<\/div>\n\t\t\t\t<\/div>\n\t\t\t\t\t<\/div>\n\t\t\t\t<\/div>\n\t\t<div class=\"elementor-element elementor-element-64d2f762 e-flex e-con-boxed e-con e-parent\" data-id=\"64d2f762\" data-element_type=\"container\" data-e-type=\"container\">\n\t\t\t\t\t<div class=\"e-con-inner\">\n\t\t\t\t<div class=\"elementor-element elementor-element-6f17fc2f elementor-widget elementor-widget-text-editor\" data-id=\"6f17fc2f\" data-element_type=\"widget\" data-e-type=\"widget\" data-widget_type=\"text-editor.default\">\n\t\t\t\t<div class=\"elementor-widget-container\">\n\t\t\t\t\t\t\t\t\t<h1>Extra Virgin Gourmet kaufen<\/h1><p>Ein guter <strong>Gourmet-EVO<\/strong> ist ein Muss in der K\u00fcche von Liebhabern der mediterranen Ern\u00e4hrung. Ganz gleich, in welchem Rezept. Ganz gleich, in welchem Gericht. Sein Geschmack wertet auf und veredelt wie kein anderes Gew\u00fcrz.   <\/p><h2>Natives Oliven\u00f6l Extra Gourmet &#8211; Safeito<\/h2><p data-start=\"50\" data-end=\"407\"><strong data-start=\"50\" data-end=\"61\">Safeito<\/strong> ist unser <strong data-start=\"73\" data-end=\"102\">sortenreiner Gourmet-EVO<\/strong> aus <strong data-start=\"107\" data-end=\"122\">S\u00fcd-Aragonien<\/strong>.<\/p><p data-start=\"50\" data-end=\"407\">Jede Flasche ist in eine Farbe getaucht, die f\u00fcr jede Sorte steht: <strong>Empeltre<\/strong> (gelb), <strong>Arbequina<\/strong> (gr\u00fcn), <strong>Arbosana<\/strong> (blau) und <strong>Fulla de Salze<\/strong> (rosa).<\/p><p data-start=\"50\" data-end=\"407\">Unser <strong>hochwertiges natives Oliven\u00f6l extra, das in unserer eigenen \u00d6lm\u00fchle hergestellt wird<\/strong>, ist aufgrund seines ausgewogenen und eleganten Profils f\u00fcr den <strong data-start=\"362\" data-end=\"374\">Rohgenuss<\/strong> bestimmt.<\/p><p data-start=\"409\" data-end=\"428\"><strong data-start=\"409\" data-end=\"428\">Warum Safeito?<\/strong><\/p><ul data-start=\"429\" data-end=\"663\"><li data-start=\"429\" data-end=\"491\"><p data-start=\"431\" data-end=\"491\"><strong data-start=\"431\" data-end=\"452\">100% reinsortig<\/strong>: reiner Ausdruck jeder Sorte.<\/p><\/li><li data-start=\"492\" data-end=\"568\"><p data-start=\"494\" data-end=\"568\"><strong data-start=\"494\" data-end=\"519\">Herkunft und R\u00fcckverfolgbarkeit<\/strong>: eigene Olivenhaine und vollst\u00e4ndige Kontrolle des Prozesses.<\/p><\/li><li data-start=\"569\" data-end=\"663\"><p data-start=\"571\" data-end=\"663\"><strong data-start=\"571\" data-end=\"595\">Erstklassige Pr\u00e4sentation<\/strong>: <strong data-start=\"597\" data-end=\"618\">Designerflasche<\/strong>, die den Tisch schm\u00fcckt und sich <strong>perfekt als Geschenk<\/strong> eignet.<\/p><\/li><\/ul><p data-start=\"665\" data-end=\"865\" data-is-last-node=\"\" data-is-only-node=\"\"><strong data-start=\"665\" data-end=\"682\">Kaufen Sie<\/strong> Ihr <strong data-start=\"686\" data-end=\"734\">Safeito Gourmet-Oliven\u00f6l extra vergine<\/strong> <strong data-start=\"665\" data-end=\"682\">online<\/strong> und Sie erhalten es mit derselben Sorgfalt, mit der wir es herstellen.<\/p><p data-start=\"665\" data-end=\"865\" data-is-last-node=\"\" data-is-only-node=\"\"><strong data-start=\"800\" data-end=\"811\">Safeito<\/strong>: das exklusivste native Oliven\u00f6l extra.  <\/p><h2>Ein erstklassiges Oliven\u00f6l<\/h2><p><strong>Wenn Sie Premium-Oliven\u00f6l kaufen <\/strong>und es zum W\u00fcrzen Ihrer Gerichte verwenden, ist das ein beispielloser Qualit\u00e4tssprung.<\/p><p>Unsere Premium-Marke goumet Safeito liefert uns sortenreine \u00d6le aus Arbequina, Arbosana, Empeltre und Fulle de Salsa. Sein weicher und fruchtiger, delikater und s\u00fc\u00dfer Geschmack macht es so besonders. <\/p><p>Es ist nat\u00fcrlich handgemacht und traditionell, in unserer <strong>aragonesischen \u00d6lm\u00fchle<\/strong>. Mittels Kaltextraktion und maximaler Auswahl der Fr\u00fcchte. <\/p><p>Kaufen Sie Gourmet-\u00d6l, das in unserer \u00d6lm\u00fchle hergestellt wird, auf dieser Shop-Seite. Wenn Sie Fragen zu unserem Produktionsprozess haben, z\u00f6gern Sie bitte nicht, uns zu kontaktieren. <\/p><p>Gourmet-Oliven\u00f6le aus Almazara Artal. Safeito Premium Gourmet Oliven\u00f6l. <\/p><p>Unsere Nativen Oliven\u00f6le Extra<\/p><h2><strong>Gourmet Natives Oliven\u00f6l Extra<\/strong><\/h2><p>Unser Gourmet-EVO von Almazara Artal Safeito, Frucht der Olivenhaine von S\u00fcd-Aragonien, ein extra natives Oliven\u00f6l, das Ihnen einzigartige, neue und unvergleichliche Geschmackserlebnisse bescheren wird.<\/p><p>Unsere Premiummarke Safeito wird nat\u00fcrlich in unserer eigenen Oliven\u00f6lm\u00fchle mit innovativen Maschinen von Gea Westfalia hergestellt.<\/p><p>Die Fr\u00fcchte werden mit verschiedenen mechanischen Verfahren bei der Kaltextraktion schonend extrahiert, wobei so viel wie m\u00f6glich ausgew\u00e4hlt wird, um ein besonderes EVOO von h\u00f6chster Qualit\u00e4t zu erhalten. Immer mit mechanischen Verfahren. <\/p><p>Die nativen Oliven\u00f6le extra von Safeito sind sortenrein und stammen aus unseren eigenen Olivenhainen in Aragonien.<\/p><h2><strong>Preisgekr\u00f6ntes Gourmet-Oliven\u00f6l extra vergine<\/strong><\/h2><p>Unser EVOO Fulla de Salze wurde bei renommierten Wettbewerben wie dem Evololeum Guide 2022 und dem CINVE 2022 in Gold ausgezeichnet.<\/p><h2><strong>Der Schl\u00fcssel zu einem Gourmet-Oliven\u00f6l Extra Vergine<\/strong><\/h2><p><strong>Als Eigenschaften, die ein Gourmet-\u00d6l ausmachen, k\u00f6nnten wir haben:  <\/strong><\/p><p>Die Oliven f\u00fcr diese \u00d6le werden direkt vom Baum geerntet, um Verunreinigungen zu vermeiden. Wir gehen bei der Ernte sehr sorgf\u00e4ltig vor, um die beste Qualit\u00e4t f\u00fcr unsere Gourmet-EVO-\u00d6le zu erhalten. Es handelt sich immer um Oliven aus der Luft, niemals aus dem Boden.  <\/p><p>Der genaue Zeitpunkt der Reifung ist von Oktober bis Dezember.<\/p><p>Bei Almazara Artal sind wir bei all unseren Prozessen sehr vorsichtig, um ein Gourmet-Oliven\u00f6l extra vergine von hervorragender Qualit\u00e4t zu erhalten, indem wir unsere Oliven genau zum Zeitpunkt der Reife ernten.<\/p><p>Die Zeit vom Olivenhain bis zur M\u00fchle ist sehr wichtig. Nach der Ernte unserer Oliven, da die Fr\u00fcchte schnell an S\u00e4ure gewinnen und ihre Eigenschaften verlieren, bringen wir unsere Oliven immer in weniger als 10 Stunden vom Olivenhain zu unserer eigenen \u00d6lm\u00fchle. <\/p><h2><strong>Safeito Gourmet-\u00d6lpackung<\/strong><\/h2><p>Besuchen Sie unsere Kollektion an Safeito Nativen Oliven\u00f6len Extra und genie\u00dfen Sie die Qualit\u00e4t unserer \u00d6le.<\/p><p>Unsere Safeito AOVES werden auf unserer Bio-Umstellungsfarm geerntet und sind seit dieser Ernte von der CAE zertifiziert.<\/p><p>Safeito ist eine fr\u00fche gr\u00fcne Ernte, die mit gro\u00dfer Sorgfalt und mit Hilfe von kalten mechanischen Verfahren unter 25\u00ba durchgef\u00fchrt wird.<\/p>\t\t\t\t\t\t\t\t<\/div>\n\t\t\t\t<\/div>\n\t\t\t\t\t<\/div>\n\t\t\t\t<\/div>\n\t\t\t\t<\/div>\n\t\t","protected":false},"excerpt":{"rendered":"<p>\u00d6l kaufen Extra Virgin Gourmet kaufen Ein guter Gourmet-EVO ist ein Muss in der K\u00fcche von Liebhabern der mediterranen Ern\u00e4hrung. Ganz gleich, in welchem Rezept. Ganz gleich, in welchem Gericht. Sein Geschmack wertet auf und veredelt wie kein anderes Gew\u00fcrz. Natives Oliven\u00f6l Extra Gourmet &#8211; Safeito Safeito ist unser sortenreiner Gourmet-EVO aus S\u00fcd-Aragonien. Jede Flasche &#8230; <a title=\"Gourmet-\u00d6l\" class=\"read-more\" href=\"https:\/\/almazaraartal.com\/de\/shop\/gourmet-oel\/\" aria-label=\"Mehr Informationen \u00fcber Gourmet-\u00d6l\">Weiterlesen &#8230;<\/a><\/p>\n","protected":false},"author":1,"featured_media":0,"parent":8585,"menu_order":0,"comment_status":"closed","ping_status":"closed","template":"","meta":{"_joinchat":[],"footnotes":""},"class_list":["post-9020","page","type-page","status-publish"],"_links":{"self":[{"href":"https:\/\/almazaraartal.com\/de\/wp-json\/wp\/v2\/pages\/9020","targetHints":{"allow":["GET"]}}],"collection":[{"href":"https:\/\/almazaraartal.com\/de\/wp-json\/wp\/v2\/pages"}],"about":[{"href":"https:\/\/almazaraartal.com\/de\/wp-json\/wp\/v2\/types\/page"}],"author":[{"embeddable":true,"href":"https:\/\/almazaraartal.com\/de\/wp-json\/wp\/v2\/users\/1"}],"replies":[{"embeddable":true,"href":"https:\/\/almazaraartal.com\/de\/wp-json\/wp\/v2\/comments?post=9020"}],"version-history":[{"count":1,"href":"https:\/\/almazaraartal.com\/de\/wp-json\/wp\/v2\/pages\/9020\/revisions"}],"predecessor-version":[{"id":9023,"href":"https:\/\/almazaraartal.com\/de\/wp-json\/wp\/v2\/pages\/9020\/revisions\/9023"}],"up":[{"embeddable":true,"href":"https:\/\/almazaraartal.com\/de\/wp-json\/wp\/v2\/pages\/8585"}],"wp:attachment":[{"href":"https:\/\/almazaraartal.com\/de\/wp-json\/wp\/v2\/media?parent=9020"}],"curies":[{"name":"wp","href":"https:\/\/api.w.org\/{rel}","templated":true}]}}