{"id":9025,"date":"2020-09-29T13:51:19","date_gmt":"2020-09-29T11:51:19","guid":{"rendered":"https:\/\/almazaraartal.com\/shop\/natives-olivenoel-extra\/"},"modified":"2026-04-15T14:15:15","modified_gmt":"2026-04-15T12:15:15","slug":"natives-olivenoel-extra","status":"publish","type":"page","link":"https:\/\/almazaraartal.com\/de\/shop\/natives-olivenoel-extra\/","title":{"rendered":"Natives Oliven\u00f6l Extra"},"content":{"rendered":"\t\t<div data-elementor-type=\"wp-page\" data-elementor-id=\"9025\" class=\"elementor elementor-9025 elementor-349\">\n\t\t\t\t<div class=\"elementor-element elementor-element-50f0c278 e-flex e-con-boxed e-con e-parent\" data-id=\"50f0c278\" data-element_type=\"container\" data-e-type=\"container\">\n\t\t\t\t\t<div class=\"e-con-inner\">\n\t\t\t\t<div class=\"elementor-element elementor-element-7bbff39d elementor-align-center elementor-widget elementor-widget-button\" data-id=\"7bbff39d\" data-element_type=\"widget\" data-e-type=\"widget\" data-widget_type=\"button.default\">\n\t\t\t\t<div class=\"elementor-widget-container\">\n\t\t\t\t\t\t\t\t\t<div class=\"elementor-button-wrapper\">\n\t\t\t\t\t<a class=\"elementor-button elementor-button-link elementor-size-sm\" href=\"https:\/\/almazaraartal.com\/de\/categoria-producto\/martas-ol\/\">\n\t\t\t\t\t\t<span class=\"elementor-button-content-wrapper\">\n\t\t\t\t\t\t<span class=\"elementor-button-icon\">\n\t\t\t\t<svg aria-hidden=\"true\" class=\"e-font-icon-svg e-fas-shopping-cart\" viewBox=\"0 0 576 512\" xmlns=\"http:\/\/www.w3.org\/2000\/svg\"><path d=\"M528.12 301.319l47.273-208C578.806 78.301 567.391 64 551.99 64H159.208l-9.166-44.81C147.758 8.021 137.93 0 126.529 0H24C10.745 0 0 10.745 0 24v16c0 13.255 10.745 24 24 24h69.883l70.248 343.435C147.325 417.1 136 435.222 136 456c0 30.928 25.072 56 56 56s56-25.072 56-56c0-15.674-6.447-29.835-16.824-40h209.647C430.447 426.165 424 440.326 424 456c0 30.928 25.072 56 56 56s56-25.072 56-56c0-22.172-12.888-41.332-31.579-50.405l5.517-24.276c3.413-15.018-8.002-29.319-23.403-29.319H218.117l-6.545-32h293.145c11.206 0 20.92-7.754 23.403-18.681z\"><\/path><\/svg>\t\t\t<\/span>\n\t\t\t\t\t\t\t\t\t<span class=\"elementor-button-text\">\u00d6l kaufen<\/span>\n\t\t\t\t\t<\/span>\n\t\t\t\t\t<\/a>\n\t\t\t\t<\/div>\n\t\t\t\t\t\t\t\t<\/div>\n\t\t\t\t<\/div>\n\t\t\t\t\t<\/div>\n\t\t\t\t<\/div>\n\t\t<div class=\"elementor-element elementor-element-76470820 e-flex e-con-boxed e-con e-parent\" data-id=\"76470820\" data-element_type=\"container\" data-e-type=\"container\">\n\t\t\t\t\t<div class=\"e-con-inner\">\n\t\t\t\t<div class=\"elementor-element elementor-element-7406cc65 elementor-widget elementor-widget-text-editor\" data-id=\"7406cc65\" data-element_type=\"widget\" data-e-type=\"widget\" data-widget_type=\"text-editor.default\">\n\t\t\t\t<div class=\"elementor-widget-container\">\n\t\t\t\t\t\t\t\t\t<p>Eine unserer Marken ist <strong>El Aceite de Marta <\/strong>und unser Emblem ist <strong>Natives Oliven\u00f6l Extra<\/strong>. Unsere Daseinsberechtigung. Unsere Vergangenheit, unsere Gegenwart und unsere Zukunft. Die Essenz von Aragon in einer Flasche gefangen.<\/p><p><strong>Marta&#8217;s Aceite de Marta DO del bajo Arag\u00f3n<\/strong> wird aus Empeltre und ein wenig Arbequina hergestellt. Es ist ein natives Oliven\u00f6l extra, das von Olivenb\u00e4umen mit der Herkunftsbezeichnung Niederaragonien gewonnen wird. Die Oliven ber\u00fchren nicht den Boden, sondern werden von uns mit Regenschirmen im Flug gesammelt. Er wird ausschlie\u00dflich mechanisch bearbeitet, um sein empfindliches nat\u00fcrliches Gleichgewicht nicht zu st\u00f6ren.<\/p><p>Die Sorgfalt und die Liebe zum Detail haben \u00d6l gemacht.<\/p><h2>Natives Oliven\u00f6l extra kaufen<\/h2><p>Unsere \u00d6le sind immer <strong>native Oliven\u00f6le extra<\/strong>. Das Maximum an Qualit\u00e4t und Geschmack unseres Landes, unserer Oliven, in einer einzigen Flasche. In unserem Gesch\u00e4ft k\u00f6nnen Sie <strong>natives Oliven\u00f6l extra<\/strong> von h\u00f6chster Qualit\u00e4t <strong>kaufen<\/strong>, mit D.O. Aceite del Bajo Arag\u00f3n.<\/p><p>Die Qualit\u00e4tsparameter unserer \u00d6le geh\u00f6ren zu den anerkanntesten Qualit\u00e4ten des besten nativen Oliven\u00f6ls extra.<\/p>\t\t\t\t\t\t\t\t<\/div>\n\t\t\t\t<\/div>\n\t\t\t\t\t<\/div>\n\t\t\t\t<\/div>\n\t\t\t\t<\/div>\n\t\t","protected":false},"excerpt":{"rendered":"<p>\u00d6l kaufen Eine unserer Marken ist El Aceite de Marta und unser Emblem ist Natives Oliven\u00f6l Extra. Unsere Daseinsberechtigung. Unsere Vergangenheit, unsere Gegenwart und unsere Zukunft. Die Essenz von Aragon in einer Flasche gefangen. Marta&#8217;s Aceite de Marta DO del bajo Arag\u00f3n wird aus Empeltre und ein wenig Arbequina hergestellt. Es ist ein natives Oliven\u00f6l &#8230; <a title=\"Natives Oliven\u00f6l Extra\" class=\"read-more\" href=\"https:\/\/almazaraartal.com\/de\/shop\/natives-olivenoel-extra\/\" aria-label=\"Mehr Informationen \u00fcber Natives Oliven\u00f6l Extra\">Weiterlesen &#8230;<\/a><\/p>\n","protected":false},"author":1,"featured_media":0,"parent":8585,"menu_order":0,"comment_status":"closed","ping_status":"closed","template":"","meta":{"_joinchat":[],"footnotes":""},"class_list":["post-9025","page","type-page","status-publish"],"_links":{"self":[{"href":"https:\/\/almazaraartal.com\/de\/wp-json\/wp\/v2\/pages\/9025","targetHints":{"allow":["GET"]}}],"collection":[{"href":"https:\/\/almazaraartal.com\/de\/wp-json\/wp\/v2\/pages"}],"about":[{"href":"https:\/\/almazaraartal.com\/de\/wp-json\/wp\/v2\/types\/page"}],"author":[{"embeddable":true,"href":"https:\/\/almazaraartal.com\/de\/wp-json\/wp\/v2\/users\/1"}],"replies":[{"embeddable":true,"href":"https:\/\/almazaraartal.com\/de\/wp-json\/wp\/v2\/comments?post=9025"}],"version-history":[{"count":1,"href":"https:\/\/almazaraartal.com\/de\/wp-json\/wp\/v2\/pages\/9025\/revisions"}],"predecessor-version":[{"id":9027,"href":"https:\/\/almazaraartal.com\/de\/wp-json\/wp\/v2\/pages\/9025\/revisions\/9027"}],"up":[{"embeddable":true,"href":"https:\/\/almazaraartal.com\/de\/wp-json\/wp\/v2\/pages\/8585"}],"wp:attachment":[{"href":"https:\/\/almazaraartal.com\/de\/wp-json\/wp\/v2\/media?parent=9025"}],"curies":[{"name":"wp","href":"https:\/\/api.w.org\/{rel}","templated":true}]}}