{"id":9361,"date":"2021-04-05T10:45:47","date_gmt":"2021-04-05T08:45:47","guid":{"rendered":"https:\/\/almazaraartal.com\/shop\/arbosana-olivenoel\/"},"modified":"2026-04-15T14:17:05","modified_gmt":"2026-04-15T12:17:05","slug":"arbosana-olivenoel","status":"publish","type":"page","link":"https:\/\/almazaraartal.com\/de\/shop\/arbosana-olivenoel\/","title":{"rendered":"Arbosana Oliven\u00f6l"},"content":{"rendered":"\t\t<div data-elementor-type=\"wp-page\" data-elementor-id=\"9361\" class=\"elementor elementor-9361 elementor-1078\">\n\t\t\t\t<div class=\"elementor-element elementor-element-8a29500 e-flex e-con-boxed e-con e-parent\" data-id=\"8a29500\" data-element_type=\"container\" data-e-type=\"container\">\n\t\t\t\t\t<div class=\"e-con-inner\">\n\t\t\t\t<div class=\"elementor-element elementor-element-98fe707 elementor-align-center elementor-widget elementor-widget-button\" data-id=\"98fe707\" data-element_type=\"widget\" data-e-type=\"widget\" data-widget_type=\"button.default\">\n\t\t\t\t<div class=\"elementor-widget-container\">\n\t\t\t\t\t\t\t\t\t<div class=\"elementor-button-wrapper\">\n\t\t\t\t\t<a class=\"elementor-button elementor-button-link elementor-size-sm\" href=\"https:\/\/almazaraartal.com\/de\/categoria-producto\/martas-ol\/\">\n\t\t\t\t\t\t<span class=\"elementor-button-content-wrapper\">\n\t\t\t\t\t\t\t\t\t<span class=\"elementor-button-text\">\u00d6l kaufen<\/span>\n\t\t\t\t\t<\/span>\n\t\t\t\t\t<\/a>\n\t\t\t\t<\/div>\n\t\t\t\t\t\t\t\t<\/div>\n\t\t\t\t<\/div>\n\t\t\t\t\t<\/div>\n\t\t\t\t<\/div>\n\t\t<div class=\"elementor-element elementor-element-29c3769f e-flex e-con-boxed e-con e-parent\" data-id=\"29c3769f\" data-element_type=\"container\" data-e-type=\"container\">\n\t\t\t\t\t<div class=\"e-con-inner\">\n\t\t\t\t<div class=\"elementor-element elementor-element-2df07da5 elementor-widget elementor-widget-text-editor\" data-id=\"2df07da5\" data-element_type=\"widget\" data-e-type=\"widget\" data-widget_type=\"text-editor.default\">\n\t\t\t\t<div class=\"elementor-widget-container\">\n\t\t\t\t\t\t\t\t\t<h1>Natives Oliven\u00f6l extra von Arbosana kaufen<\/h1>\r\nHier k\u00f6nnen Sie <strong>EXTRA VIRGIN Oliven\u00f6l von Arbosana kaufen<\/strong> und es sich direkt nach Hause liefern lassen, ohne zu reisen.\r\n\r\nZwei der vielen Vorteile des Kaufs von nativem Oliven\u00f6l extra in unserem Online-Shop sind Bequemlichkeit und Seelenfrieden. Bequemlichkeit, weil Sie in weniger als zwei Minuten den gesamten Kaufvorgang abschlie\u00dfen k\u00f6nnen. Und Seelenfrieden, weil wir Ihnen eine Verkaufsplattform bieten, die \u00fcber anspruchsvolle Sicherheitsbarrieren verf\u00fcgt, um zu gew\u00e4hrleisten, dass Ihr Einkauf zuverl\u00e4ssig ist.  \r\n\r\nWir bieten Ihnen ein Produkt von au\u00dfergew\u00f6hnlicher Qualit\u00e4t f\u00fcr Ihre Ern\u00e4hrung, was wollen Sie mehr? Entdecken Sie seine weiche, AROMATISCHE Textur und seinen k\u00f6stlichen Geschmack. \r\n\r\nDas Ergebnis, das wir erhalten, ist die Frucht eines rigorosen, INNOVATIVEN, handwerklichen und historischen Prozesses. Wir respektieren das Produkt, das uns das Land schenkt, und verarbeiten es mit MECHANISCHEN Verfahren, die seine Qualit\u00e4t nicht ver\u00e4ndern und seine Essenz bewahren. \r\n<h2>Arbosana<\/h2>\r\nWenn Sie Ihren Gerichten einen einzigartigen Geschmack verleihen wollen, m\u00fcssen Sie zun\u00e4chst hochwertige Zutaten verwenden. Und unser <strong>arbosana<\/strong> EVOO ist eine der wichtigsten Zutaten, um Ihre Rezepte noch schmackhafter zu machen. Probieren Sie es und Sie werden sich verlieben! \r\n\r\nUnser arbosana EXTRA VIRGIN Oliven\u00f6l hat immer mehr Fans. Das verdanken wir der Sorgfalt und Liebe, die wir in die Herstellung jedes Liters dieser magischen Fl\u00fcssigkeit stecken. Wir m\u00f6gen Tradition, Handwerkskunst und vor allem Authentizit\u00e4t. \r\n\r\nWarum ist unser Arbosana Oliven\u00f6l einzigartig? Weil wir es aus den Arbosana-Oliven gewinnen, die wir selbst anbauen und die wir sorgf\u00e4ltig ausw\u00e4hlen, um ihre Frische und Qualit\u00e4t zu garantieren. \r\n\r\nRoh verstr\u00f6mt er fruchtige, leicht s\u00fc\u00dfe, weiche Aromen mit subtilen Noten, die an frisch geschnittenes Gras, GR\u00dcNEN APFEL und KIWI erinnern. Er verleiht Salaten, Saucen, Gem\u00fcsecremes, Salmorejos, wei\u00dfem Knoblauch und Gazpacho einen zus\u00e4tzlichen Geschmack. Trauen Sie sich sogar, ihn in Ihren Desserts zu verwenden und Sie werden begeistert sein. \r\n\r\nUnd wenn Sie es zum Kochen Ihrer Rezepte verwenden, werden Sie ein k\u00f6stliches, ausgewogenes Ergebnis erhalten. Verbessern Sie den Geschmack Ihrer Gerichte mit unserem Arbosana-\u00d6l. \r\n\r\nVon unseren aragonesischen Feldern auf Ihre Teller.\r\n\r\nAu\u00dferdem ist unser Oliven\u00f6l der Sorte Arbosana ein extra natives \u00d6l, das durch mechanische Verfahren kalt extrahiert wird, um all seine unglaublichen Eigenschaften zu erhalten.\r\n<h2>Arbosana \u00d6l<\/h2>\r\nUnser <strong>Arbosana-\u00d6l<\/strong> wird aus unseren \u00fcppigen und verw\u00f6hnten Olivenhainen gewonnen. Es zu genie\u00dfen wird zu einem gro\u00dfartigen Erlebnis f\u00fcr die Sinne. \r\n\r\nWir m\u00f6chten mit Ihnen das teilen, was wir am besten k\u00f6nnen: Jahr f\u00fcr Jahr die Tradition unserer Familie bewahren, die sich in einem Produkt widerspiegelt, in das wir total verliebt sind: unsere Aove.\r\n\r\nEin angenehmer Geschmack, der Ihren Gaumen \u00fcberflutet und Sie nicht gleichg\u00fcltig lassen wird. Der Genuss wird zu Ihrem Lieblingsritual beim Fr\u00fchst\u00fcck, Mittag- oder Abendessen. \r\n\r\nWie schaffen wir es, so hochwertige arbosan VARIETY OLIVES anzubauen? Indem wir zuh\u00f6ren, das Land und die Olivenb\u00e4ume beobachten und ihnen erlauben, auf verantwortungsvolle Weise und ohne Substanzen, die das Endprodukt ver\u00e4ndern, zu wachsen. Unser \u00d6l, unser Schatz.  \r\n\r\nUnsere Nativen Oliven\u00f6le Extra Arbosana\r\n\r\n&nbsp;\t\t\t\t\t\t\t\t<\/div>\n\t\t\t\t<\/div>\n\t\t\t\t\t<\/div>\n\t\t\t\t<\/div>\n\t\t\t\t<\/div>\n\t\t","protected":false},"excerpt":{"rendered":"<p>\u00d6l kaufen Natives Oliven\u00f6l extra von Arbosana kaufen Hier k\u00f6nnen Sie EXTRA VIRGIN Oliven\u00f6l von Arbosana kaufen und es sich direkt nach Hause liefern lassen, ohne zu reisen. Zwei der vielen Vorteile des Kaufs von nativem Oliven\u00f6l extra in unserem Online-Shop sind Bequemlichkeit und Seelenfrieden. Bequemlichkeit, weil Sie in weniger als zwei Minuten den gesamten &#8230; <a title=\"Arbosana Oliven\u00f6l\" class=\"read-more\" href=\"https:\/\/almazaraartal.com\/de\/shop\/arbosana-olivenoel\/\" aria-label=\"Mehr Informationen \u00fcber Arbosana Oliven\u00f6l\">Weiterlesen &#8230;<\/a><\/p>\n","protected":false},"author":1,"featured_media":0,"parent":8585,"menu_order":0,"comment_status":"closed","ping_status":"closed","template":"","meta":{"_joinchat":[],"footnotes":""},"class_list":["post-9361","page","type-page","status-publish"],"_links":{"self":[{"href":"https:\/\/almazaraartal.com\/de\/wp-json\/wp\/v2\/pages\/9361","targetHints":{"allow":["GET"]}}],"collection":[{"href":"https:\/\/almazaraartal.com\/de\/wp-json\/wp\/v2\/pages"}],"about":[{"href":"https:\/\/almazaraartal.com\/de\/wp-json\/wp\/v2\/types\/page"}],"author":[{"embeddable":true,"href":"https:\/\/almazaraartal.com\/de\/wp-json\/wp\/v2\/users\/1"}],"replies":[{"embeddable":true,"href":"https:\/\/almazaraartal.com\/de\/wp-json\/wp\/v2\/comments?post=9361"}],"version-history":[{"count":1,"href":"https:\/\/almazaraartal.com\/de\/wp-json\/wp\/v2\/pages\/9361\/revisions"}],"predecessor-version":[{"id":9363,"href":"https:\/\/almazaraartal.com\/de\/wp-json\/wp\/v2\/pages\/9361\/revisions\/9363"}],"up":[{"embeddable":true,"href":"https:\/\/almazaraartal.com\/de\/wp-json\/wp\/v2\/pages\/8585"}],"wp:attachment":[{"href":"https:\/\/almazaraartal.com\/de\/wp-json\/wp\/v2\/media?parent=9361"}],"curies":[{"name":"wp","href":"https:\/\/api.w.org\/{rel}","templated":true}]}}