{"id":9364,"date":"2021-04-05T11:19:53","date_gmt":"2021-04-05T09:19:53","guid":{"rendered":"https:\/\/almazaraartal.com\/shop\/natives-olivenoel-extra-arbequina\/"},"modified":"2021-04-05T11:19:53","modified_gmt":"2021-04-05T09:19:53","slug":"natives-olivenoel-extra-arbequina","status":"publish","type":"page","link":"https:\/\/almazaraartal.com\/de\/shop\/natives-olivenoel-extra-arbequina\/","title":{"rendered":"Natives Oliven\u00f6l Extra Arbequina"},"content":{"rendered":"<h1>Natives Oliven\u00f6l Extra von Arbequina kaufen<\/h1>\n<p>Sie m\u00f6chten <strong>arbequina EXTRA VIRGIN Oliven\u00f6l kaufen<\/strong>? Entdecken Sie unser wertvollstes \u00d6l, das in unserer \u00d6lm\u00fchle hergestellt und direkt in Ihre K\u00fcche geliefert wird, ohne Zwischenh\u00e4ndler, so einfach und nat\u00fcrlich. <\/p>\n<p>Aromen lassen uns in der Zeit zur\u00fcckreisen, um uns an die Gerichte zu erinnern, die wir seit unserer Kindheit gegessen haben. Diejenigen, die uns an unsere Familie erinnern. Und in ihnen gab es immer eine grundlegende Zutat: ein gutes EXTRA VIRGIN Oliven\u00f6l, nicht wahr?  <\/p>\n<p>Unser \u00d6l ist r\u00e4tselhaft, einzigartig und von h\u00f6chster Qualit\u00e4t. Es geh\u00f6rt zu den Aromen, die Sie, wenn Sie sie einmal gekostet haben, nicht mehr so leicht vergessen&#8230; Wir k\u00fcmmern uns um das Wachstum unserer Olivenb\u00e4ume, die Ernte ihrer Oliven und die Herstellung eines nativen Oliven\u00f6ls extra, das auf Tradition und Nachhaltigkeit unseres Planeten beruht. <\/p>\n<p>Wir k\u00fcmmern uns um unsere Olivenb\u00e4ume und unser Land. Wir achten auf jedes Detail unseres arbequina EXTRA VIRGIN Oliven\u00f6ls und wir achten auf unsere Produktionsprozesse, damit die Eigenschaften dieses fl\u00fcssigen Goldes, das wir so sehr lieben, nicht ver\u00e4ndert werden und Sie von jedem einzelnen profitieren k\u00f6nnen. <\/p>\n<h2>Arbequina-\u00d6l<\/h2>\n<p>Unser <strong>Arbequina-\u00d6l<\/strong> ist nicht irgendein \u00d6l, es ist ein Produkt mit Charakter, mit Pers\u00f6nlichkeit.<\/p>\n<p>Haben Sie ihn schon probiert? Jede seiner sanften Noten ist in der Lage, auch die anspruchsvollsten Gaumen zu befriedigen. <\/p>\n<p>Es ist ein \u00d6l, das durch seine Zartheit und seine fruchtigen Aromen gl\u00e4nzt. Es passt zu allen Arten von s\u00fc\u00dfen und herzhaften Rezepten; verwenden Sie es in einer Vielzahl von Gerichten, um ihnen eine besondere und edle Note zu verleihen. <\/p>\n<p>Die Zugabe dieser Zutat zu Ihrem Fr\u00fchst\u00fcck, Mittag- oder Abendessen ist perfekt, wenn Sie Ihren Gerichten mehr Geschmack verleihen und gleichzeitig etwas f\u00fcr Ihr Wohlbefinden tun m\u00f6chten. Denn Arbequina-\u00d6l hat einen hohen Anteil an <strong>\u00d6ls\u00e4ure<\/strong>, die es Ihnen erm\u00f6glicht, den Spiegel des &#8222;schlechten&#8220; Cholesterins (LDL-Cholesterin) zu senken. <\/p>\n<p>Wir bieten Ihnen ein EVOO, das sich um Sie k\u00fcmmert, das zu Ihrem Wohlbefinden beitr\u00e4gt und das den Geschmack Ihrer Mahlzeiten verbessert. Das perfekte Gleichgewicht zwischen Geschmack und Qualit\u00e4t, von unserer \u00d6lm\u00fchle zu Ihnen nach Hause. <\/p>\n<h2>Natives Oliven\u00f6l Extra Arbequina<\/h2>\n<p>Wir haben hart an unserem <strong>nativen Oliven\u00f6l extra von Arbequina<\/strong> gearbeitet. In unserer \u00d6lm\u00fchle streben wir nach Exzellenz und sind erst zufrieden, wenn wir die Qualit\u00e4t erreicht haben, die Sie verdienen.<\/p>\n<p>Unser Ziel ist es, Ihnen ein \u00d6l zur Verf\u00fcgung zu stellen, das Ihr bester Verb\u00fcndeter in der K\u00fcche sein wird und Ihren Gerichten nicht nur einen zus\u00e4tzlichen Geschmack, sondern auch ein Plus an Gesundheit verleiht. Deshalb k\u00f6nnen Sie es in Ihren frittierten Speisen genie\u00dfen, ohne dass die Gefahr besteht, dass das \u00d6l anbrennt (das native Oliven\u00f6l extra von Arbequina beginnt erst bei einer Temperatur von mehr als 200 Grad Celsius seine Frische zu verlieren und zu verderben, eine Temperatur, die viel h\u00f6her ist als die, bei der Sie Ihre Speisen zu Hause frittieren), es roh zu gutem Brot oder in einem Salat genie\u00dfen, Gem\u00fcsecremes anrichten und ihnen eine samtige Textur verleihen usw. Wie auch immer Sie es am liebsten m\u00f6gen!  <\/p>\n<h2><strong>VIRGIN EXTRA VIRGIN arbequina Oliven\u00f6l Preis<\/strong><\/h2>\n<p>Ein hochwertiges Produkt, wie unser <strong>VIRGEN EXTRA arbequina Oliven\u00f6l<\/strong>, ist mit h\u00f6heren Produktionskosten verbunden als ein minderwertiges Oliven\u00f6l.<\/p>\n<p>Au\u00dferdem ist es nicht dasselbe wie eine Oliven\u00f6lfabrik, die sich nicht so sehr um ihre Prozesse k\u00fcmmert wie eine \u00d6lm\u00fchle, in der jeder Prozess mit viel mehr Sorgfalt und Liebe zum Detail bearbeitet wird. Dennoch ist es uns bei Almazara Artal gelungen, einen <strong>fairen Preis<\/strong> f\u00fcr unser hochwertiges Arbequina-Oliven\u00f6l festzulegen. <\/p>\n<p>Wir m\u00f6chten, dass jeder unser \u00d6l konsumieren kann. Wir produzieren ein Qualit\u00e4ts\u00f6l, das f\u00fcr alle Familien zug\u00e4nglich ist. Wir verw\u00f6hnen alle Gaumen. <\/p>\n<p>Unsere Nativen Oliven\u00f6le Extra Arbequina<\/p>\n","protected":false},"excerpt":{"rendered":"<p>Natives Oliven\u00f6l Extra von Arbequina kaufen Sie m\u00f6chten arbequina EXTRA VIRGIN Oliven\u00f6l kaufen? Entdecken Sie unser wertvollstes \u00d6l, das in unserer \u00d6lm\u00fchle hergestellt und direkt in Ihre K\u00fcche geliefert wird, ohne Zwischenh\u00e4ndler, so einfach und nat\u00fcrlich. Aromen lassen uns in der Zeit zur\u00fcckreisen, um uns an die Gerichte zu erinnern, die wir seit unserer Kindheit &#8230; <a title=\"Natives Oliven\u00f6l Extra Arbequina\" class=\"read-more\" href=\"https:\/\/almazaraartal.com\/de\/shop\/natives-olivenoel-extra-arbequina\/\" aria-label=\"Mehr Informationen \u00fcber Natives Oliven\u00f6l Extra Arbequina\">Weiterlesen &#8230;<\/a><\/p>\n","protected":false},"author":1,"featured_media":0,"parent":8585,"menu_order":0,"comment_status":"closed","ping_status":"closed","template":"","meta":{"_joinchat":[],"footnotes":""},"class_list":["post-9364","page","type-page","status-publish"],"_links":{"self":[{"href":"https:\/\/almazaraartal.com\/de\/wp-json\/wp\/v2\/pages\/9364","targetHints":{"allow":["GET"]}}],"collection":[{"href":"https:\/\/almazaraartal.com\/de\/wp-json\/wp\/v2\/pages"}],"about":[{"href":"https:\/\/almazaraartal.com\/de\/wp-json\/wp\/v2\/types\/page"}],"author":[{"embeddable":true,"href":"https:\/\/almazaraartal.com\/de\/wp-json\/wp\/v2\/users\/1"}],"replies":[{"embeddable":true,"href":"https:\/\/almazaraartal.com\/de\/wp-json\/wp\/v2\/comments?post=9364"}],"version-history":[{"count":0,"href":"https:\/\/almazaraartal.com\/de\/wp-json\/wp\/v2\/pages\/9364\/revisions"}],"up":[{"embeddable":true,"href":"https:\/\/almazaraartal.com\/de\/wp-json\/wp\/v2\/pages\/8585"}],"wp:attachment":[{"href":"https:\/\/almazaraartal.com\/de\/wp-json\/wp\/v2\/media?parent=9364"}],"curies":[{"name":"wp","href":"https:\/\/api.w.org\/{rel}","templated":true}]}}