{"id":9371,"date":"2021-04-05T10:24:14","date_gmt":"2021-04-05T08:24:14","guid":{"rendered":"https:\/\/almazaraartal.com\/shop\/empeltre-olivenoel\/"},"modified":"2026-04-15T14:17:05","modified_gmt":"2026-04-15T12:17:05","slug":"empeltre-olivenoel","status":"publish","type":"page","link":"https:\/\/almazaraartal.com\/de\/shop\/empeltre-olivenoel\/","title":{"rendered":"Empeltre Oliven\u00f6l"},"content":{"rendered":"\t\t<div data-elementor-type=\"wp-page\" data-elementor-id=\"9371\" class=\"elementor elementor-9371 elementor-1059\">\n\t\t\t\t<div class=\"elementor-element elementor-element-2a5ba9ae e-flex e-con-boxed e-con e-parent\" data-id=\"2a5ba9ae\" data-element_type=\"container\" data-e-type=\"container\">\n\t\t\t\t\t<div class=\"e-con-inner\">\n\t\t\t\t<div class=\"elementor-element elementor-element-5e8a153f elementor-align-center elementor-widget elementor-widget-button\" data-id=\"5e8a153f\" data-element_type=\"widget\" data-e-type=\"widget\" data-widget_type=\"button.default\">\n\t\t\t\t<div class=\"elementor-widget-container\">\n\t\t\t\t\t\t\t\t\t<div class=\"elementor-button-wrapper\">\n\t\t\t\t\t<a class=\"elementor-button elementor-button-link elementor-size-sm\" href=\"https:\/\/almazaraartal.com\/de\/categoria-producto\/martas-ol\/\">\n\t\t\t\t\t\t<span class=\"elementor-button-content-wrapper\">\n\t\t\t\t\t\t<span class=\"elementor-button-icon\">\n\t\t\t\t<svg aria-hidden=\"true\" class=\"e-font-icon-svg e-fas-shopping-cart\" viewBox=\"0 0 576 512\" xmlns=\"http:\/\/www.w3.org\/2000\/svg\"><path d=\"M528.12 301.319l47.273-208C578.806 78.301 567.391 64 551.99 64H159.208l-9.166-44.81C147.758 8.021 137.93 0 126.529 0H24C10.745 0 0 10.745 0 24v16c0 13.255 10.745 24 24 24h69.883l70.248 343.435C147.325 417.1 136 435.222 136 456c0 30.928 25.072 56 56 56s56-25.072 56-56c0-15.674-6.447-29.835-16.824-40h209.647C430.447 426.165 424 440.326 424 456c0 30.928 25.072 56 56 56s56-25.072 56-56c0-22.172-12.888-41.332-31.579-50.405l5.517-24.276c3.413-15.018-8.002-29.319-23.403-29.319H218.117l-6.545-32h293.145c11.206 0 20.92-7.754 23.403-18.681z\"><\/path><\/svg>\t\t\t<\/span>\n\t\t\t\t\t\t\t\t\t<span class=\"elementor-button-text\">\u00d6l kaufen<\/span>\n\t\t\t\t\t<\/span>\n\t\t\t\t\t<\/a>\n\t\t\t\t<\/div>\n\t\t\t\t\t\t\t\t<\/div>\n\t\t\t\t<\/div>\n\t\t\t\t\t<\/div>\n\t\t\t\t<\/div>\n\t\t<div class=\"elementor-element elementor-element-257c9e0 e-flex e-con-boxed e-con e-parent\" data-id=\"257c9e0\" data-element_type=\"container\" data-e-type=\"container\">\n\t\t\t\t\t<div class=\"e-con-inner\">\n\t\t\t\t<div class=\"elementor-element elementor-element-f9bf771 elementor-widget elementor-widget-text-editor\" data-id=\"f9bf771\" data-element_type=\"widget\" data-e-type=\"widget\" data-widget_type=\"text-editor.default\">\n\t\t\t\t<div class=\"elementor-widget-container\">\n\t\t\t\t\t\t\t\t\t<h1>Natives Oliven\u00f6l extra aus Empeltre kaufen<\/h1>\r\nBei Almazara Artal ist der <strong>Kauf von VIRGIN EXTRA VIRGIN Oliven\u00f6l von empeltre<\/strong> sehr einfach und schnell. Wir bieten Ihnen ein hochwertiges Produkt, das Ihre Gesundheit sch\u00fctzt, Ihren Gaumen verw\u00f6hnt und das beste Preis-Leistungs-Verh\u00e4ltnis hat. \r\n\r\nUnser \u00d6l aus Oliven der Sorte Empeltre bietet dank seines milden Geschmacks und seiner Intensit\u00e4t ein perfektes Gleichgewicht. Es bereichert und verst\u00e4rkt die Aromen jedes Rezepts, in dem es verwendet wird, und eignet sich besonders gut, um S\u00fc\u00dfspeisen exquisite Nuancen zu verleihen. \r\n\r\nGenie\u00dfen Sie, direkt von unserer \u00d6lm\u00fchle zu Ihnen nach Hause, ein empeltre EVOO, dessen Herstellung auf Tradition und Handwerkskunst beruht. Unser \u00d6l wird durch Kaltpressung gewonnen, mit mechanischen Verfahren, die die gro\u00dfartigen Eigenschaften der Fr\u00fcchte, die wir mit unseren eigenen H\u00e4nden auf unserem eigenen Land anbauen, erhalten. \r\n<h2>Empeltre \u00d6l<\/h2>\r\nDer <strong>AOVE DE empeltre<\/strong>, den wir Ihnen anbieten, hat die Ursprungsbezeichnung Bajo Arag\u00f3n.\r\n\r\nIn unserer \u00d6lm\u00fchle haben wir ein respektvolles \u00d6lherstellungsverfahren entwickelt, das auf MECHANISATION UND INNOVATION basiert. Wir respektieren das Produkt, verw\u00f6hnen es und garantieren durch umfassende Qualit\u00e4tskontrollen die Exzellenz, die unser Oliven\u00f6l seit jeher auszeichnet. Probieren Sie es und entdecken Sie ein Oliven\u00f6l, das Ihnen viele gl\u00fcckliche Momente mit Ihren Liebsten bescheren wird. \r\n\r\nEines der sch\u00f6nsten Zeichen der Liebe ist es, k\u00f6stliche Rezepte f\u00fcr die Menschen zuzubereiten, die Sie lieben. Tun Sie es mit unserem Empeltre-\u00d6l und Ihre Gerichte erhalten die besondere Note, die sie garantiert zu den Lieblingsgerichten Ihrer Familie und Freunde machen wird! Es wird die Aromen der anderen Zutaten verst\u00e4rken und ausgleichen.  \r\n\r\nUnsere Nativen Oliven\u00f6le Extra empeltre\r\n<h2>\u00d6l aus S\u00fcd-Aragonien kaufen<\/h2>\r\nWenn Sie mit dem Gedanken spielen, <strong>\u00d6l aus S\u00fcdaragonien zu kaufen<\/strong>, empfehlen wir Ihnen, unser Empeltre-\u00d6l zu probieren, das von unseren Experten auf traditionelle Weise hergestellt wird.\r\n\r\nWir m\u00f6chten, dass Sie seine Weichheit, seine S\u00fc\u00dfe und seinen delikaten Geschmack sp\u00fcren, dass Sie in eine Welt voller Nuancen eintauchen, die Sie in Ihre Kindheit zur\u00fcckversetzt und Sie mit Ihren Wurzeln und den Wurzeln unseres Landes verbindet. Erinnern Sie sich noch an die Morgen, an denen Sie mit Ihrer Familie mit einem guten Laib Brot und Oliven\u00f6l fr\u00fchst\u00fcckten? \r\n\r\nEs ist erstaunlich, dass etwas so Einfaches gleichzeitig so besonders sein kann.\r\n\r\nFinden Sie es in unserem Online Shop und Sie erhalten es so schnell wie m\u00f6glich nach Hause.\r\n<h2>DO Unteres Aragon<\/h2>\r\nUnser EXTRA VIRGIN OLIVEN\u00d6L aus Bajo Arag\u00f3n stammt von UNSEREN FELDERN, die in einer privilegierten Umgebung liegen, in der unsere Olivenb\u00e4ume gesund und kr\u00e4ftig wachsen und uns ihre unglaublichen Fr\u00fcchte schenken. BEW\u00c4SSERT VON DEN FL\u00dcSSEN EBRO UND MARTIN. \r\n\r\nDieses unverwechselbare Etikett kennzeichnet unser \u00d6l als ein exklusives Produkt, dessen Ursprung im Nordosten von Teruel und im S\u00fcdosten von Zaragoza liegt. Dies ist eines der wichtigsten Anbaugebiete f\u00fcr Oliven\u00f6l in Spanien. \r\n\r\nIn diesem Teil Spaniens gibt es Olivenb\u00e4ume mit gr\u00fcnen und schwarzen Oliven, die auf traditionelle Weise angebaut werden und von denen einige hundertj\u00e4hrige B\u00e4ume sind. Sie produzieren ein goldfarbenes, mittelstarkes, gr\u00fcnes oder gelbes Oliven\u00f6l extravergine. \r\n\r\nSein Geruch und sein Geschmack sind ebenfalls von mittlerer Intensit\u00e4t, mit sehr wenig Bitterkeit und ein wenig w\u00fcrzig, mit s\u00fc\u00dfen Noten und bei all dem mit einer perfekten Balance.\r\n<h2>Bio-Empeltre-\u00d6l<\/h2>\r\nDamit etwas gut ist, braucht man einen guten Ausgangspunkt, aber damit etwas ausgezeichnet ist, muss man einen Schritt weiter gehen. Und genau das haben wir bei Almazara Artal getan. Wir bieten Ihnen unser <strong>biologisches EXTRA VIRGINES OLIVEN\u00d6L AUS Empeltre<\/strong> an, ein Produkt, das die Frucht der Tradition ist und durch umweltvertr\u00e4gliche Praktiken gewonnen wird. \r\n\r\nDenn wir m\u00f6chten, dass Sie ein einzigartiges \u00d6l genie\u00dfen und sicher sein k\u00f6nnen, dass es von h\u00f6chster Qualit\u00e4t ist und auf nachhaltige Weise hergestellt wurde.\r\n\r\nWir k\u00fcmmern uns um unsere Felder, damit wir noch viele Jahre lang unsere Kunden mit unserem Bio-Empeltre-\u00d6l versorgen k\u00f6nnen. Frei von chemischen Substanzen und unter Beibehaltung aller ern\u00e4hrungsphysiologischen Eigenschaften der Oliven. \r\n\r\nDemn\u00e4chst&#8230;\r\n\r\n&nbsp;\t\t\t\t\t\t\t\t<\/div>\n\t\t\t\t<\/div>\n\t\t\t\t\t<\/div>\n\t\t\t\t<\/div>\n\t\t\t\t<\/div>\n\t\t","protected":false},"excerpt":{"rendered":"<p>\u00d6l kaufen Natives Oliven\u00f6l extra aus Empeltre kaufen Bei Almazara Artal ist der Kauf von VIRGIN EXTRA VIRGIN Oliven\u00f6l von empeltre sehr einfach und schnell. Wir bieten Ihnen ein hochwertiges Produkt, das Ihre Gesundheit sch\u00fctzt, Ihren Gaumen verw\u00f6hnt und das beste Preis-Leistungs-Verh\u00e4ltnis hat. Unser \u00d6l aus Oliven der Sorte Empeltre bietet dank seines milden Geschmacks &#8230; <a title=\"Empeltre Oliven\u00f6l\" class=\"read-more\" href=\"https:\/\/almazaraartal.com\/de\/shop\/empeltre-olivenoel\/\" aria-label=\"Mehr Informationen \u00fcber Empeltre Oliven\u00f6l\">Weiterlesen &#8230;<\/a><\/p>\n","protected":false},"author":1,"featured_media":0,"parent":8585,"menu_order":0,"comment_status":"closed","ping_status":"closed","template":"","meta":{"_joinchat":[],"footnotes":""},"class_list":["post-9371","page","type-page","status-publish"],"_links":{"self":[{"href":"https:\/\/almazaraartal.com\/de\/wp-json\/wp\/v2\/pages\/9371","targetHints":{"allow":["GET"]}}],"collection":[{"href":"https:\/\/almazaraartal.com\/de\/wp-json\/wp\/v2\/pages"}],"about":[{"href":"https:\/\/almazaraartal.com\/de\/wp-json\/wp\/v2\/types\/page"}],"author":[{"embeddable":true,"href":"https:\/\/almazaraartal.com\/de\/wp-json\/wp\/v2\/users\/1"}],"replies":[{"embeddable":true,"href":"https:\/\/almazaraartal.com\/de\/wp-json\/wp\/v2\/comments?post=9371"}],"version-history":[{"count":1,"href":"https:\/\/almazaraartal.com\/de\/wp-json\/wp\/v2\/pages\/9371\/revisions"}],"predecessor-version":[{"id":9372,"href":"https:\/\/almazaraartal.com\/de\/wp-json\/wp\/v2\/pages\/9371\/revisions\/9372"}],"up":[{"embeddable":true,"href":"https:\/\/almazaraartal.com\/de\/wp-json\/wp\/v2\/pages\/8585"}],"wp:attachment":[{"href":"https:\/\/almazaraartal.com\/de\/wp-json\/wp\/v2\/media?parent=9371"}],"curies":[{"name":"wp","href":"https:\/\/api.w.org\/{rel}","templated":true}]}}