{"id":9375,"date":"2021-02-08T10:31:55","date_gmt":"2021-02-08T09:31:55","guid":{"rendered":"https:\/\/almazaraartal.com\/cookie-richtlinie\/"},"modified":"2021-02-08T10:31:55","modified_gmt":"2021-02-08T09:31:55","slug":"cookie-richtlinie","status":"publish","type":"page","link":"https:\/\/almazaraartal.com\/de\/cookie-richtlinie\/","title":{"rendered":"Cookie-Richtlinie"},"content":{"rendered":"<h1>Cookie-Richtlinie<\/h1>\n<p><strong>HINTERGRUND<\/strong><\/p>\n<p>In \u00dcbereinstimmung mit den spanischen Vorschriften zur Verwendung von Cookies informieren wir Sie \u00fcber die auf dieser Website verwendeten Cookies.<\/p>\n<p><strong> <\/strong><\/p>\n<p><strong>2.- WAS SIND COOKIES?<\/strong><\/p>\n<p>Ein Cookie ist eine Datei, die beim Zugriff auf bestimmte Webseiten auf den Computer des Benutzers heruntergeladen wird und die beim Surfen Informationen speichert und abruft. Cookies erm\u00f6glichen es unter anderem, Sie als Benutzer zu erkennen, Informationen \u00fcber die Surfgewohnheiten des Benutzers zu erhalten oder die Art und Weise, wie Inhalte angezeigt werden, zu personalisieren. Die Verwendung von Cookies durch diese Website wird in dieser Cookie-Richtlinie beschrieben.  <\/p>\n<p>&nbsp;<\/p>\n<p><strong>3.- ARTEN VON COOKIES<\/strong><\/p>\n<p>Cookies k\u00f6nnen wie folgt klassifiziert werden:<\/p>\n<p>&nbsp;<\/p>\n<p><strong><u>Cookies nach der Entit\u00e4t, die sie verwaltet<\/u><\/strong>:<\/p>\n<p>1.- <strong>Eigene Cookies<\/strong>: Dies sind Cookies, die von einem Computer oder einer Dom\u00e4ne, die vom Editor selbst verwaltet wird und von der aus der vom Benutzer angeforderte Dienst bereitgestellt wird, an das Endger\u00e4t des Benutzers gesendet werden.<\/p>\n<p>2.- <strong>Cookies von Drittanbietern<\/strong>: Dies sind Cookies, die von einem Computer oder einer Dom\u00e4ne, die nicht vom Herausgeber, sondern von einer anderen Einrichtung, die die durch die Cookies erhaltenen Daten verarbeitet, an das Endger\u00e4t des Benutzers gesendet werden.<\/p>\n<p>&nbsp;<\/p>\n<p><strong><u>Cookies nach Zweck<\/u><\/strong>:<\/p>\n<p>1.- <strong>Technische Cookies:<\/strong> Dies sind diejenigen, die es dem Benutzer erm\u00f6glichen, auf einer Website, Plattform oder Anwendung zu surfen und die verschiedenen Optionen oder Dienste zu nutzen, die darauf vorhanden sind, einschlie\u00dflich derjenigen, die der Herausgeber verwendet, um die Verwaltung und den Betrieb der Website zu erm\u00f6glichen und ihre Funktionen und Dienste zu aktivieren.<\/p>\n<p>2.-<strong> Pr\u00e4ferenz- oder Personalisierungs-Cookies:<\/strong> Dies sind Cookies, die es erm\u00f6glichen, Informationen zu speichern, so dass der Benutzer auf den Dienst mit bestimmten Merkmalen zugreifen kann, die seine Erfahrung von der anderer Benutzer unterscheiden k\u00f6nnen.<\/p>\n<p>3.- <strong>Analyse- oder Mess-Cookies<\/strong>: Diese Cookies erm\u00f6glichen es der f\u00fcr sie verantwortlichen Partei, das Verhalten der Nutzer der Websites, mit denen sie verkn\u00fcpft sind, zu \u00fcberwachen und zu analysieren.<\/p>\n<p>4.- <strong>Cookies f\u00fcr verhaltensbasierte Werbung<\/strong>: Dies sind Cookies, die Informationen \u00fcber das Verhalten von Nutzern speichern, die durch die kontinuierliche Beobachtung ihrer Surfgewohnheiten gewonnen werden, wodurch ein spezifisches Profil erstellt werden kann, um darauf basierende Werbung anzuzeigen.<\/p>\n<p>&nbsp;<\/p>\n<p><strong><u>Cookies nach der Dauer ihrer Aktivit\u00e4tsdauer<\/u><\/strong>:<\/p>\n<p><strong>Sitzungscookies:<\/strong> Dies sind Cookies, die dazu dienen, Daten zu sammeln und zu speichern, w\u00e4hrend der Benutzer eine Webseite aufruft.<\/p>\n<p><strong>Dauerhafte Cookies<\/strong>: Dies sind Cookies, bei denen die Daten auf dem Endger\u00e4t gespeichert bleiben und f\u00fcr einen von der f\u00fcr das Cookie verantwortlichen Partei festgelegten Zeitraum, der von einigen Minuten bis zu mehreren Jahren reichen kann, abgerufen und verarbeitet werden k\u00f6nnen.<\/p>\n<p><strong> <\/strong><\/p>\n<p><strong>4.- ARTEN VON COOKIES, DIE VON DIESER WEBSITE VERWENDET WERDEN<\/strong><\/p>\n<p>Unsere Website verwendet die folgenden Cookies:<\/p>\n<p><strong> <\/strong><\/p>\n<table style=\"background-color: #eadb99;\" width=\"662\">\n<tbody>\n<tr style=\"background-color: #42494e; color: #e8cb4f; font-weight: bold;\">\n<td width=\"68\"><strong>Name<\/strong><\/td>\n<td width=\"83\"><strong>Eigent\u00fcmerschaft <\/strong><\/td>\n<td width=\"95\"><strong> Typ <\/strong><\/td>\n<td width=\"103\"><strong>Verfall<\/strong><\/td>\n<td width=\"313\"><strong>Zweck<\/strong><\/td>\n<\/tr>\n<tr>\n<td width=\"68\"> Sicher-3PSIDCC<\/td>\n<td width=\"83\"> google.de<\/td>\n<td width=\"95\"> dritte Parteien<\/td>\n<td width=\"103\"> 1 Jahr<\/td>\n<td width=\"313\"> Cookie, das f\u00fcr die Nutzung der Optionen und Dienste von<br \/>\nauf der Website erforderlich ist.<\/td>\n<\/tr>\n<tr>\n<td width=\"68\"> __Secure-3PAPISI<br \/>\nD<\/td>\n<td width=\"83\"> google.de<\/td>\n<td width=\"95\"> dritte Parteien<\/td>\n<td width=\"103\"> 2 Jahre<\/td>\n<td width=\"313\"> Diese Cookies werden verwendet, um Anzeigen zu schalten, die<br \/>\nbesser auf Sie und Ihre Interessen abstimmen.<\/td>\n<\/tr>\n<tr>\n<td width=\"68\">  SAPISID<\/td>\n<td width=\"83\">  google.de<\/td>\n<td width=\"95\">  dritte Parteien<\/td>\n<td width=\"103\">2 Jahre<\/td>\n<td width=\"313\">Laden Sie bestimmte Google-Tools herunter und speichern Sie bestimmte<br \/>\nEinstellungen, z.B. die Anzahl der Ergebnisse der<br \/>\nSuche pro Seite oder die Aktivierung des SafeSearch-Filters. Passen Sie<br \/>\ndie Anzeigen an, die in der Google-Suche erscheinen. <\/td>\n<\/tr>\n<tr>\n<td width=\"68\">APISID<\/td>\n<td width=\"83\">  google.de<\/td>\n<td width=\"95\">dritte Parteien<\/td>\n<td width=\"103\">2 Jahre<\/td>\n<td width=\"313\">Laden Sie bestimmte Google-Tools herunter und speichern Sie bestimmte<br \/>\nEinstellungen, z.B. die Anzahl der Ergebnisse der<br \/>\nSuche pro Seite oder die Aktivierung des SafeSearch-Filters. Passen Sie<br \/>\ndie Anzeigen an, die in der Google-Suche erscheinen. <\/td>\n<\/tr>\n<tr>\n<td width=\"68\">SIDCC<\/td>\n<td width=\"83\">  google.de<\/td>\n<td width=\"95\">dritte Parteien<\/td>\n<td width=\"103\">1 Jahr<\/td>\n<td width=\"313\">Laden Sie bestimmte Google-Tools herunter und speichern Sie bestimmte<br \/>\nEinstellungen, z.B. die Anzahl der Ergebnisse der<br \/>\nSuche pro Seite oder die Aktivierung des SafeSearch-Filters. Passen Sie<br \/>\ndie Anzeigen an, die in der Google-Suche erscheinen. <\/td>\n<\/tr>\n<tr>\n<td width=\"68\">HSID<\/td>\n<td width=\"83\">  google.de<\/td>\n<td width=\"95\">dritte Parteien<\/td>\n<td width=\"103\">2 Jahre<\/td>\n<td width=\"313\">Laden Sie bestimmte Google-Tools herunter und speichern Sie bestimmte<br \/>\nEinstellungen, z.B. die Anzahl der Ergebnisse der<br \/>\nSuche pro Seite oder die Aktivierung des SafeSearch-Filters. Passen Sie<br \/>\ndie Anzeigen an, die in der Google-Suche erscheinen. <\/td>\n<\/tr>\n<tr>\n<td width=\"68\">SID<\/td>\n<td width=\"83\">  google.de<\/td>\n<td width=\"95\">dritte Parteien<\/td>\n<td width=\"103\">2 Jahre<\/td>\n<td width=\"313\">Laden Sie bestimmte Google-Tools herunter und speichern Sie bestimmte<br \/>\nEinstellungen, z.B. die Anzahl der Ergebnisse der<br \/>\nSuche pro Seite oder die Aktivierung des SafeSearch-Filters. Passen Sie<br \/>\ndie Anzeigen an, die in der Google-Suche erscheinen. <\/td>\n<\/tr>\n<tr>\n<td width=\"68\">SSID<\/td>\n<td width=\"83\"> google.de<\/td>\n<td width=\"95\">Drittanbieter<\/td>\n<td width=\"103\">2 Jahre<\/td>\n<td width=\"313\">L\u00e4dt bestimmte Google-Tools herunter und speichert bestimmte<br \/>\nEinstellungen, z. B. die Anzahl der<br \/>\nSuchergebnisse pro Seite oder die Aktivierung des SafeSearch-Filters.<br \/>\nPasst die Anzeigen an, die in der Google-Suche erscheinen.<\/td>\n<\/tr>\n<tr>\n<td width=\"68\">1P_JAR<\/td>\n<td width=\"83\">  google.de<\/td>\n<td width=\"95\">dritte Parteien<\/td>\n<td width=\"103\">1 Monat<\/td>\n<td width=\"313\">Diese Cookies werden \u00fcber eingebettete youtube-Videos<br \/>\ngesetzt. Sie zeichnen anonyme statistische Daten auf,<br \/>\nzum Beispiel, wie oft das Video abgespielt wird und die<br \/>\nEinstellungen, die f\u00fcr die Wiedergabe verwendet werden. <\/td>\n<\/tr>\n<tr>\n<td width=\"68\">DV<\/td>\n<td width=\"83\"> google.de<\/td>\n<td width=\"95\">dritte Parteien<\/td>\n<td width=\"103\">24 Stunden<\/td>\n<td width=\"313\">Wird von Google verwendet, um Dienste bereitzustellen und anonyme Browsing-Informationen zu gewinnen.<\/td>\n<\/tr>\n<tr>\n<td width=\"68\">_gid<\/td>\n<td width=\"83\">almazaraartal.com<\/td>\n<td width=\"95\">eigene<\/td>\n<td width=\"103\">22 Stunden<\/td>\n<td width=\"313\">ID, die zur Identifizierung von Benutzern f\u00fcr 24 Stunden<br \/>\nnach der letzten Aktivit\u00e4t verwendet wird.<\/td>\n<\/tr>\n<tr>\n<td width=\"68\">_ga<\/td>\n<td width=\"83\">almazaraartal.com<\/td>\n<td width=\"95\">eigene<\/td>\n<td width=\"103\">2 Jahre<\/td>\n<td width=\"313\">ID zur Identifizierung von Benutzern verwendet<\/td>\n<\/tr>\n<tr>\n<td width=\"68\">_fbp<\/td>\n<td width=\"83\">almazaraartal.com<\/td>\n<td width=\"95\">eigene<\/td>\n<td width=\"103\">3 Monate<\/td>\n<td width=\"313\">Wird von Facebook verwendet, um eine Reihe von Produkten anzubieten<br \/>\nwie Werbung, Echtzeitangebote von Werbetreibenden<br \/>\nDritten<\/td>\n<\/tr>\n<\/tbody>\n<\/table>\n<p><strong> <\/strong><\/p>\n<p>Wenn Sie Cookies von Drittanbietern akzeptieren, m\u00fcssen diese in den Optionen Ihres Browsers, wie unter Punkt 5 dieser Richtlinie beschrieben, oder in dem von dem Drittanbieter angebotenen System gel\u00f6scht werden.<\/p>\n<p><strong>WIDERRUF UND L\u00d6SCHUNG VON COOKIES<\/strong><\/p>\n<p>&nbsp;<\/p>\n<p>Wenn Sie zum ersten Mal auf unsere Website zugreifen, k\u00f6nnen Sie die Verwendung aller unserer Cookies akzeptieren oder ablehnen. Wenn Sie es vorziehen, k\u00f6nnen Sie auf die Einstellungen zugreifen und Cookies entsprechend ihrer Art akzeptieren, mit Ausnahme von technischen Cookies, die keine Zustimmung des Benutzers erfordern. Sie k\u00f6nnen Ihre Einstellungen jederzeit \u00e4ndern, indem Sie auf unser Konfigurationspanel zugreifen. <\/p>\n<p>Dar\u00fcber hinaus k\u00f6nnen Sie auf die Einstellungen Ihres Browsers zugreifen, um Cookies einzuschr\u00e4nken, zu blockieren oder zu l\u00f6schen, indem Sie eine der folgenden Vorgehensweisen befolgen, die von dem von Ihnen verwendeten Browser abh\u00e4ngt:<\/p>\n<p><strong> <\/strong><\/p>\n<p><strong>Google Chrome<\/strong><\/p>\n<p><a href=\"https:\/\/support.google.com\/chrome\/answer\/95647?hl=es\" target=\"_blank\" rel=\"noopener\">https:\/\/support.google.com\/chrome\/answer\/95647?hl=es<br \/>\n <\/a><\/p>\n<p>&nbsp;<\/p>\n<p><strong>Microsoft Internet Explorer<\/strong><\/p>\n<p><a href=\"https:\/\/support.microsoft.com\/es-es\/help\/17442\/windows-internet-explorer-delete-manage-cookies#ie=ie-9\" target=\"_blank\" rel=\"noopener\">http:\/\/windows.microsoft.com\/es-es\/internet-explorer\/delete-manage-cookies#ie=ie-9<br \/>\n <\/a><\/p>\n<p><strong> <\/strong><\/p>\n<p><strong>Firefox<\/strong><br \/>\n<a href=\"http:\/\/support.mozilla.org\/es\/kb\/habilitar-y-deshabilitar-cookies-que-los-sitios-we\" target=\"_blank\" rel=\"noopener\">http:\/\/support.mozilla.org\/es\/kb\/habilitar-y-deshabilitar-cookies-que-los-sitios-we<br \/>\n <\/a><\/p>\n<p><strong> <\/strong><\/p>\n<p><strong>Safari , iPad und iPhone<\/strong><br \/>\n<a href=\"https:\/\/support.apple.com\/es-es\/HT201265\" target=\"_blank\" rel=\"noopener\">https:\/\/support.apple.com\/es-es\/HT201265<\/a><\/p>\n<p><strong> <\/strong><\/p>\n<p><strong>Oper<\/strong><br \/>\n<a href=\"http:\/\/help.opera.com\/Linux\/10.60\/es-ES\/cookies.html\" target=\"_blank\" rel=\"noopener\">http:\/\/help.opera.com\/Linux\/10.60\/es-ES\/cookies.html<br \/>\n <\/a><\/p>\n<p><strong> <\/strong><\/p>\n<p><strong>6.- DRITTANBIETER VON DIENSTLEISTUNGEN<\/strong><\/p>\n<p>Im Einzelnen handelt es sich bei den Drittanbietern, mit denen wir einen Vertrag \u00fcber eine Dienstleistung abgeschlossen haben, f\u00fcr die die Verwendung von Cookies erforderlich ist, um:<\/p>\n<p>&nbsp;<\/p>\n<table style=\"background-color: #eadb99;\">\n<tbody>\n<tr style=\"background-color: #42494e; color: #e8cb4f; font-weight: bold;\">\n<td width=\"132\"><strong>Anbieter<\/strong><\/td>\n<td width=\"230\"><strong>Zweck des Dienstes und Cookie<\/strong><\/td>\n<td width=\"236\"><strong>Anbieter-Informationen<\/strong><\/td>\n<\/tr>\n<tr>\n<td width=\"132\">Socke Daten<\/td>\n<td width=\"230\"> &#8211;<\/td>\n<td width=\"236\">IT-Unterst\u00fctzung<\/td>\n<\/tr>\n<tr>\n<td width=\"132\">Raiola<\/td>\n<td width=\"230\">&#8211;<\/td>\n<td width=\"236\">Webhosting<\/td>\n<\/tr>\n<\/tbody>\n<\/table>\n<p><strong> <\/strong><\/p>\n<p>Wenn Sie Cookies von Drittanbietern akzeptieren, m\u00fcssen diese in den Optionen Ihres Browsers, wie unter Punkt 5 dieser Richtlinie beschrieben, oder in dem von dem Drittanbieter angebotenen System gel\u00f6scht werden.<\/p>\n<p>Dar\u00fcber hinaus k\u00f6nnen Sie sich \u00fcber die internationalen \u00dcbermittlungen in Drittl\u00e4nder, die von den in der obigen Tabelle genannten Drittanbietern vorgenommen werden, in deren entsprechenden Richtlinien informieren, indem Sie den Link unter &#8222;Anbieterinformationen&#8220; in der obigen Tabelle aufrufen.<\/p>\n","protected":false},"excerpt":{"rendered":"<p>Cookie-Richtlinie HINTERGRUND In \u00dcbereinstimmung mit den spanischen Vorschriften zur Verwendung von Cookies informieren wir Sie \u00fcber die auf dieser Website verwendeten Cookies. 2.- WAS SIND COOKIES? Ein Cookie ist eine Datei, die beim Zugriff auf bestimmte Webseiten auf den Computer des Benutzers heruntergeladen wird und die beim Surfen Informationen speichert und abruft. Cookies erm\u00f6glichen es &#8230; <a title=\"Cookie-Richtlinie\" class=\"read-more\" href=\"https:\/\/almazaraartal.com\/de\/cookie-richtlinie\/\" aria-label=\"Read more about Cookie-Richtlinie\">Weiterlesen &#8230;<\/a><\/p>\n","protected":false},"author":1,"featured_media":0,"parent":0,"menu_order":0,"comment_status":"closed","ping_status":"closed","template":"","meta":{"_joinchat":[],"footnotes":""},"class_list":["post-9375","page","type-page","status-publish"],"_links":{"self":[{"href":"https:\/\/almazaraartal.com\/de\/wp-json\/wp\/v2\/pages\/9375","targetHints":{"allow":["GET"]}}],"collection":[{"href":"https:\/\/almazaraartal.com\/de\/wp-json\/wp\/v2\/pages"}],"about":[{"href":"https:\/\/almazaraartal.com\/de\/wp-json\/wp\/v2\/types\/page"}],"author":[{"embeddable":true,"href":"https:\/\/almazaraartal.com\/de\/wp-json\/wp\/v2\/users\/1"}],"replies":[{"embeddable":true,"href":"https:\/\/almazaraartal.com\/de\/wp-json\/wp\/v2\/comments?post=9375"}],"version-history":[{"count":0,"href":"https:\/\/almazaraartal.com\/de\/wp-json\/wp\/v2\/pages\/9375\/revisions"}],"wp:attachment":[{"href":"https:\/\/almazaraartal.com\/de\/wp-json\/wp\/v2\/media?parent=9375"}],"curies":[{"name":"wp","href":"https:\/\/api.w.org\/{rel}","templated":true}]}}