{"id":8834,"date":"2021-01-26T10:11:53","date_gmt":"2021-01-26T09:11:53","guid":{"rendered":"https:\/\/almazaraartal.com\/producto\/flasche-250-ml-natives-olivenoel-extra-el-aceite-de-marta-arbequina\/"},"modified":"2021-01-26T10:11:53","modified_gmt":"2021-01-26T09:11:53","slug":"flasche-250-ml-natives-olivenoel-extra-el-aceite-de-marta-arbequina","status":"publish","type":"product","link":"https:\/\/almazaraartal.com\/de\/producto\/flasche-250-ml-natives-olivenoel-extra-el-aceite-de-marta-arbequina\/","title":{"rendered":"Flasche 250 ml Natives Oliven\u00f6l Extra &#8222;El Aceite de Marta&#8220; Arbequina"},"content":{"rendered":"<p><strong>Die Frische Aragons auf Ihrem Tisch.<\/strong><br \/>\nArbequina, eine weitere der typischen Sorten unseres Landes, ergibt ein mittelfruchtiges \u00d6l, frisch und aromatisch, mit Noten von frisch geschnittenem Gras, Tomaten und gr\u00fcnen Fr\u00fcchten. Mit einer sehr milden Sch\u00e4rfe und Bitterkeit ist es ausgewogen und leicht zu genie\u00dfen.<br \/>\nIdeal f\u00fcr den Rohverzehr: Salate, Gazpacho, Gem\u00fcse und Dressings. Er passt auch perfekt zu milden Eint\u00f6pfen und verleiht dem Gericht eine frische Note, ohne es zu \u00fcberlagern.  <\/p>\n","protected":false},"excerpt":{"rendered":"<p>250 ml Flasche Natives Oliven\u00f6l Extra &#8222;El Aceite de Marta&#8220; der Sorte Arbequina.<\/p>\n","protected":false},"featured_media":2683,"comment_status":"closed","ping_status":"closed","template":"","meta":{"_joinchat":[]},"product_brand":[],"product_cat":[125],"product_tag":[],"class_list":{"0":"post-8834","1":"product","2":"type-product","3":"status-publish","4":"has-post-thumbnail","6":"product_cat-martas-ol","7":"sales-flash-overlay","8":"woocommerce-text-align-center","9":"woocommerce-image-align-center","10":"do-quantity-buttons","12":"first","13":"instock","14":"taxable","15":"shipping-taxable","16":"purchasable","17":"product-type-simple"},"_links":{"self":[{"href":"https:\/\/almazaraartal.com\/de\/wp-json\/wp\/v2\/product\/8834","targetHints":{"allow":["GET"]}}],"collection":[{"href":"https:\/\/almazaraartal.com\/de\/wp-json\/wp\/v2\/product"}],"about":[{"href":"https:\/\/almazaraartal.com\/de\/wp-json\/wp\/v2\/types\/product"}],"replies":[{"embeddable":true,"href":"https:\/\/almazaraartal.com\/de\/wp-json\/wp\/v2\/comments?post=8834"}],"wp:featuredmedia":[{"embeddable":true,"href":"https:\/\/almazaraartal.com\/de\/wp-json\/wp\/v2\/media\/2683"}],"wp:attachment":[{"href":"https:\/\/almazaraartal.com\/de\/wp-json\/wp\/v2\/media?parent=8834"}],"wp:term":[{"taxonomy":"product_brand","embeddable":true,"href":"https:\/\/almazaraartal.com\/de\/wp-json\/wp\/v2\/product_brand?post=8834"},{"taxonomy":"product_cat","embeddable":true,"href":"https:\/\/almazaraartal.com\/de\/wp-json\/wp\/v2\/product_cat?post=8834"},{"taxonomy":"product_tag","embeddable":true,"href":"https:\/\/almazaraartal.com\/de\/wp-json\/wp\/v2\/product_tag?post=8834"}],"curies":[{"name":"wp","href":"https:\/\/api.w.org\/{rel}","templated":true}]}}