{"id":9037,"date":"2020-11-10T10:54:11","date_gmt":"2020-11-10T09:54:11","guid":{"rendered":"https:\/\/almazaraartal.com\/producto\/karaffe-5-liter-natives-olivenoel-extra-el-aceite-de-marta-empeltre\/"},"modified":"2020-11-10T10:54:11","modified_gmt":"2020-11-10T09:54:11","slug":"karaffe-5-liter-natives-olivenoel-extra-el-aceite-de-marta-empeltre","status":"publish","type":"product","link":"https:\/\/almazaraartal.com\/de\/producto\/karaffe-5-liter-natives-olivenoel-extra-el-aceite-de-marta-empeltre\/","title":{"rendered":"Karaffe 5 Liter Natives Oliven\u00f6l Extra &#8222;El Aceite de Marta&#8220; Empeltre"},"content":{"rendered":"<p><strong>Das traditionelle aragonesische \u00d6l.<\/strong><br \/>\nDie f\u00fcr unser Land typische Sorte Empeltre ergibt ein sehr weiches und ausgewogenes \u00d6l mit Noten von s\u00fc\u00dfen Mandeln und Trockenfr\u00fcchten. Ideal f\u00fcr alle, die ein delikates EVOO suchen, ohne Bitterkeit oder Sch\u00e4rfe.<br \/>\nPerfekt f\u00fcr Eint\u00f6pfe, Desserts, Mayonnaise oder Dressings, aber auch roh in Salaten und Toast. <\/p>\n","protected":false},"excerpt":{"rendered":"<p>5 Liter Karaffe Natives Oliven\u00f6l Extra &#8222;El Aceite de Marta&#8220; aus der Sorte Empeltre.<\/p>\n","protected":false},"featured_media":2668,"comment_status":"closed","ping_status":"closed","template":"","meta":{"_joinchat":[]},"product_brand":[],"product_cat":[125],"product_tag":[],"class_list":{"0":"post-9037","1":"product","2":"type-product","3":"status-publish","4":"has-post-thumbnail","6":"product_cat-martas-ol","7":"sales-flash-overlay","8":"woocommerce-text-align-center","9":"woocommerce-image-align-center","10":"do-quantity-buttons","12":"first","13":"instock","14":"taxable","15":"shipping-taxable","16":"purchasable","17":"product-type-simple"},"_links":{"self":[{"href":"https:\/\/almazaraartal.com\/de\/wp-json\/wp\/v2\/product\/9037","targetHints":{"allow":["GET"]}}],"collection":[{"href":"https:\/\/almazaraartal.com\/de\/wp-json\/wp\/v2\/product"}],"about":[{"href":"https:\/\/almazaraartal.com\/de\/wp-json\/wp\/v2\/types\/product"}],"replies":[{"embeddable":true,"href":"https:\/\/almazaraartal.com\/de\/wp-json\/wp\/v2\/comments?post=9037"}],"wp:featuredmedia":[{"embeddable":true,"href":"https:\/\/almazaraartal.com\/de\/wp-json\/wp\/v2\/media\/2668"}],"wp:attachment":[{"href":"https:\/\/almazaraartal.com\/de\/wp-json\/wp\/v2\/media?parent=9037"}],"wp:term":[{"taxonomy":"product_brand","embeddable":true,"href":"https:\/\/almazaraartal.com\/de\/wp-json\/wp\/v2\/product_brand?post=9037"},{"taxonomy":"product_cat","embeddable":true,"href":"https:\/\/almazaraartal.com\/de\/wp-json\/wp\/v2\/product_cat?post=9037"},{"taxonomy":"product_tag","embeddable":true,"href":"https:\/\/almazaraartal.com\/de\/wp-json\/wp\/v2\/product_tag?post=9037"}],"curies":[{"name":"wp","href":"https:\/\/api.w.org\/{rel}","templated":true}]}}