{"id":9054,"date":"2020-10-28T15:49:21","date_gmt":"2020-10-28T14:49:21","guid":{"rendered":"https:\/\/almazaraartal.com\/producto\/bio-premium-evoo-safeito-arbosana-250ml\/"},"modified":"2020-10-28T15:49:21","modified_gmt":"2020-10-28T14:49:21","slug":"bio-premium-evoo-safeito-arbosana-250ml","status":"publish","type":"product","link":"https:\/\/almazaraartal.com\/de\/producto\/bio-premium-evoo-safeito-arbosana-250ml\/","title":{"rendered":"Bio Premium EVOO &#8222;Safeito&#8220; Arbosana &#8211; 250ml"},"content":{"rendered":"<p><strong data-start=\"315\" data-end=\"399\">Bio-Oliven\u00f6l extra vergine (EVOO) &#8222;Safeito&#8220; der Sorte Arbosana.<\/strong><br data-start=\"399\" data-end=\"402\">Fruchtig mit mediterranem Charakter. Die Sorte Arbosana liefert ein \u00d6l mit mehr Intensit\u00e4t als die Sorte Arbequina, bei der die Nuancen von reifen Tomaten und frischen Fr\u00fcchten \u00fcberwiegen. Sein Profil ist ausgewogen, mit einer milden Bitterkeit und Sch\u00e4rfe.<br data-start=\"624\" data-end=\"627\">Perfekt roh auf Brot, Dressings, Salaten oder Gem\u00fcse, sowie zur Verfeinerung von mediterranen Gerichten mit einer fruchtigen Note.  <\/p>\n","protected":false},"excerpt":{"rendered":"<p><strong data-start=\"315\" data-end=\"399\">Bio-Oliven\u00f6l extra vergine (EVOO) &#8222;Safeito&#8220; der Sorte Arbosana.<\/strong><br data-start=\"399\" data-end=\"402\">Fruchtig mit mediterranem Charakter. Die Sorte Arbosana liefert ein \u00d6l mit mehr Intensit\u00e4t als die Sorte Arbequina, bei der die Nuancen von reifen Tomaten und frischen Fr\u00fcchten \u00fcberwiegen. Sein Profil ist ausgewogen, mit einer milden Bitterkeit und Sch\u00e4rfe.<br data-start=\"624\" data-end=\"627\">Perfekt roh auf Brot, Dressings, Salaten und Gem\u00fcse sowie zur Verfeinerung mediterraner Gerichte.  <\/p>\n","protected":false},"featured_media":3154,"comment_status":"closed","ping_status":"closed","template":"","meta":{"_joinchat":[]},"product_brand":[],"product_cat":[145],"product_tag":[],"class_list":{"0":"post-9054","1":"product","2":"type-product","3":"status-publish","4":"has-post-thumbnail","6":"product_cat-safeito","7":"sales-flash-overlay","8":"woocommerce-text-align-center","9":"woocommerce-image-align-center","10":"do-quantity-buttons","12":"first","13":"instock","14":"taxable","15":"shipping-taxable","16":"purchasable","17":"product-type-simple"},"_links":{"self":[{"href":"https:\/\/almazaraartal.com\/de\/wp-json\/wp\/v2\/product\/9054","targetHints":{"allow":["GET"]}}],"collection":[{"href":"https:\/\/almazaraartal.com\/de\/wp-json\/wp\/v2\/product"}],"about":[{"href":"https:\/\/almazaraartal.com\/de\/wp-json\/wp\/v2\/types\/product"}],"replies":[{"embeddable":true,"href":"https:\/\/almazaraartal.com\/de\/wp-json\/wp\/v2\/comments?post=9054"}],"wp:featuredmedia":[{"embeddable":true,"href":"https:\/\/almazaraartal.com\/de\/wp-json\/wp\/v2\/media\/3154"}],"wp:attachment":[{"href":"https:\/\/almazaraartal.com\/de\/wp-json\/wp\/v2\/media?parent=9054"}],"wp:term":[{"taxonomy":"product_brand","embeddable":true,"href":"https:\/\/almazaraartal.com\/de\/wp-json\/wp\/v2\/product_brand?post=9054"},{"taxonomy":"product_cat","embeddable":true,"href":"https:\/\/almazaraartal.com\/de\/wp-json\/wp\/v2\/product_cat?post=9054"},{"taxonomy":"product_tag","embeddable":true,"href":"https:\/\/almazaraartal.com\/de\/wp-json\/wp\/v2\/product_tag?post=9054"}],"curies":[{"name":"wp","href":"https:\/\/api.w.org\/{rel}","templated":true}]}}