{"id":9056,"date":"2020-10-28T15:08:52","date_gmt":"2020-10-28T14:08:52","guid":{"rendered":"https:\/\/almazaraartal.com\/producto\/bio-premium-evoo-safeito-arbequina-250ml\/"},"modified":"2020-10-28T15:08:52","modified_gmt":"2020-10-28T14:08:52","slug":"bio-premium-evoo-safeito-arbequina-250ml","status":"publish","type":"product","link":"https:\/\/almazaraartal.com\/de\/producto\/bio-premium-evoo-safeito-arbequina-250ml\/","title":{"rendered":"Bio Premium EVOO &#8222;Safeito&#8220; Arbequina &#8211; 250ml"},"content":{"rendered":"<p><strong data-start=\"1179\" data-end=\"1264\">Natives Oliven\u00f6l extra (EVOO) Premium und Bio &#8222;Safeito&#8220; der Sorte Arbequina.<\/strong><br data-start=\"1264\" data-end=\"1267\">Frische und Ausgewogenheit. Die Sorte Arbequina ergibt ein aromatisches und harmonisches \u00d6l mit mittlerer Fruchtigkeit und einem Hauch von frisch geschnittenem Gras, Tomate und gr\u00fcnen Fr\u00fcchten. Mit seiner milden Sch\u00e4rfe und Bitterkeit ist es ein sehr vielseitiges \u00d6l und leicht zu genie\u00dfen.<br data-start=\"1496\" data-end=\"1499\">Ideal zum Anrichten von Salaten, Gazpacho, Gem\u00fcse und kalten Gerichten, da es Frische verleiht, ohne andere Aromen zu \u00fcberlagern.  <\/p>\n","protected":false},"excerpt":{"rendered":"<p>Safeito&#8220; Arbequina Premium Bio-Oliven\u00f6l extra vergine (EVOO) in der 250ml Flasche. Mittelfruchtig, aromatisch und harmonisch, mit einem Hauch von frisch geschnittenem Gras, Tomaten und gr\u00fcnen Fr\u00fcchten sowie einer leichten Sch\u00e4rfe und Bitterkeit. Ideal f\u00fcr Salate, Gazpacho, Gem\u00fcse und kalte Gerichte und als Gourmet-Detail.  <\/p>\n","protected":false},"featured_media":3157,"comment_status":"closed","ping_status":"closed","template":"","meta":{"_joinchat":[]},"product_brand":[],"product_cat":[145],"product_tag":[],"class_list":{"0":"post-9056","1":"product","2":"type-product","3":"status-publish","4":"has-post-thumbnail","6":"product_cat-safeito","7":"sales-flash-overlay","8":"woocommerce-text-align-center","9":"woocommerce-image-align-center","10":"do-quantity-buttons","12":"first","13":"instock","14":"taxable","15":"shipping-taxable","16":"purchasable","17":"product-type-simple"},"_links":{"self":[{"href":"https:\/\/almazaraartal.com\/de\/wp-json\/wp\/v2\/product\/9056","targetHints":{"allow":["GET"]}}],"collection":[{"href":"https:\/\/almazaraartal.com\/de\/wp-json\/wp\/v2\/product"}],"about":[{"href":"https:\/\/almazaraartal.com\/de\/wp-json\/wp\/v2\/types\/product"}],"replies":[{"embeddable":true,"href":"https:\/\/almazaraartal.com\/de\/wp-json\/wp\/v2\/comments?post=9056"}],"wp:featuredmedia":[{"embeddable":true,"href":"https:\/\/almazaraartal.com\/de\/wp-json\/wp\/v2\/media\/3157"}],"wp:attachment":[{"href":"https:\/\/almazaraartal.com\/de\/wp-json\/wp\/v2\/media?parent=9056"}],"wp:term":[{"taxonomy":"product_brand","embeddable":true,"href":"https:\/\/almazaraartal.com\/de\/wp-json\/wp\/v2\/product_brand?post=9056"},{"taxonomy":"product_cat","embeddable":true,"href":"https:\/\/almazaraartal.com\/de\/wp-json\/wp\/v2\/product_cat?post=9056"},{"taxonomy":"product_tag","embeddable":true,"href":"https:\/\/almazaraartal.com\/de\/wp-json\/wp\/v2\/product_tag?post=9056"}],"curies":[{"name":"wp","href":"https:\/\/api.w.org\/{rel}","templated":true}]}}