{"id":9105,"date":"2020-10-28T15:32:43","date_gmt":"2020-10-28T14:32:43","guid":{"rendered":"https:\/\/almazaraartal.com\/producto\/aove-premium-safeito-empeltre-250ml\/"},"modified":"2020-10-28T15:32:43","modified_gmt":"2020-10-28T14:32:43","slug":"aove-premium-safeito-empeltre-250ml","status":"publish","type":"product","link":"https:\/\/almazaraartal.com\/de\/producto\/aove-premium-safeito-empeltre-250ml\/","title":{"rendered":"AOVE Premium &#8222;Safeito&#8220; Empeltre &#8211; 250ml"},"content":{"rendered":"<p><strong data-start=\"264\" data-end=\"338\">Natives Oliven\u00f6l extra (EVOO) &#8222;Safeito&#8220; aus der Sorte Empeltre.<\/strong><br data-start=\"338\" data-end=\"341\">Sanftheit mit einer aragonesischen Seele. Die Sorte Empeltre, das Wahrzeichen Aragons, bietet ein delikates \u00d6l mit Noten von s\u00fc\u00dfen Mandeln und Trockenfr\u00fcchten. Sanft und elegant, ist es perfekt f\u00fcr alle, die ein EVOO ohne \u00fcberm\u00e4\u00dfige Bitterkeit oder Sch\u00e4rfe suchen.<br data-start=\"584\" data-end=\"587\">Ideal f\u00fcr den Rohverzehr in Salaten, Fisch, Gem\u00fcse oder einfach auf Brot, wo es seine ganze Finesse entfaltet.  <\/p>\n","protected":false},"excerpt":{"rendered":"<p>Natives Oliven\u00f6l extra (EVOO) &#8222;Safeito&#8220; Empeltre in der 250ml Flasche. Ein weiches und elegantes EVOO mit Noten von s\u00fc\u00dfen Mandeln und Trockenfr\u00fcchten, ideal f\u00fcr den Rohverzehr. <\/p>\n","protected":false},"featured_media":2675,"comment_status":"closed","ping_status":"closed","template":"","meta":{"_joinchat":[]},"product_brand":[],"product_cat":[145],"product_tag":[],"class_list":{"0":"post-9105","1":"product","2":"type-product","3":"status-publish","4":"has-post-thumbnail","6":"product_cat-safeito","7":"sales-flash-overlay","8":"woocommerce-text-align-center","9":"woocommerce-image-align-center","10":"do-quantity-buttons","12":"first","13":"instock","14":"taxable","15":"shipping-taxable","16":"purchasable","17":"product-type-simple"},"_links":{"self":[{"href":"https:\/\/almazaraartal.com\/de\/wp-json\/wp\/v2\/product\/9105","targetHints":{"allow":["GET"]}}],"collection":[{"href":"https:\/\/almazaraartal.com\/de\/wp-json\/wp\/v2\/product"}],"about":[{"href":"https:\/\/almazaraartal.com\/de\/wp-json\/wp\/v2\/types\/product"}],"replies":[{"embeddable":true,"href":"https:\/\/almazaraartal.com\/de\/wp-json\/wp\/v2\/comments?post=9105"}],"wp:featuredmedia":[{"embeddable":true,"href":"https:\/\/almazaraartal.com\/de\/wp-json\/wp\/v2\/media\/2675"}],"wp:attachment":[{"href":"https:\/\/almazaraartal.com\/de\/wp-json\/wp\/v2\/media?parent=9105"}],"wp:term":[{"taxonomy":"product_brand","embeddable":true,"href":"https:\/\/almazaraartal.com\/de\/wp-json\/wp\/v2\/product_brand?post=9105"},{"taxonomy":"product_cat","embeddable":true,"href":"https:\/\/almazaraartal.com\/de\/wp-json\/wp\/v2\/product_cat?post=9105"},{"taxonomy":"product_tag","embeddable":true,"href":"https:\/\/almazaraartal.com\/de\/wp-json\/wp\/v2\/product_tag?post=9105"}],"curies":[{"name":"wp","href":"https:\/\/api.w.org\/{rel}","templated":true}]}}