{"id":9123,"date":"2020-10-28T14:52:49","date_gmt":"2020-10-28T13:52:49","guid":{"rendered":"https:\/\/almazaraartal.com\/producto\/premium-bio-evoo-safeito-arbequina-500ml\/"},"modified":"2020-10-28T14:52:49","modified_gmt":"2020-10-28T13:52:49","slug":"premium-bio-evoo-safeito-arbequina-500ml","status":"publish","type":"product","link":"https:\/\/almazaraartal.com\/de\/producto\/premium-bio-evoo-safeito-arbequina-500ml\/","title":{"rendered":"Premium Bio EVOO &#8222;Safeito&#8220; Arbequina &#8211; 500ml"},"content":{"rendered":"<p><strong data-start=\"370\" data-end=\"455\">Bio-Oliven\u00f6l extra vergine (EVOO) &#8222;Safeito&#8220; der Sorte Arbequina.<\/strong><br data-start=\"455\" data-end=\"458\">Frische und Ausgewogenheit. Die Sorte Arbequina ergibt ein aromatisches und harmonisches \u00d6l mit mittlerer Fruchtigkeit und einem Hauch von frisch geschnittenem Gras, Tomate und gr\u00fcnen Fr\u00fcchten. Mit seiner milden Sch\u00e4rfe und Bitterkeit ist es ein sehr vielseitiges \u00d6l und leicht zu genie\u00dfen.<br data-start=\"687\" data-end=\"690\">Ideal zum Anrichten von Salaten, Gazpacho, Gem\u00fcse und kalten Gerichten, da es Frische verleiht, ohne andere Aromen zu \u00fcberlagern.  <\/p>\n","protected":false},"excerpt":{"rendered":"<p>Natives Bio-Oliven\u00f6l extra (EVOO) &#8222;Safeito&#8220; Arbequina in der 500ml-Flasche. Mittelfruchtig, aromatisch und harmonisch, mit einem Hauch von frisch geschnittenem Gras, Tomaten und gr\u00fcnen Fr\u00fcchten sowie einer leichten Sch\u00e4rfe und Bitterkeit. Ideal f\u00fcr Salate, Gazpacho, Gem\u00fcse und kalte Gerichte.  <\/p>\n","protected":false},"featured_media":3155,"comment_status":"closed","ping_status":"closed","template":"","meta":{"_joinchat":[]},"product_brand":[],"product_cat":[145],"product_tag":[],"class_list":{"0":"post-9123","1":"product","2":"type-product","3":"status-publish","4":"has-post-thumbnail","6":"product_cat-safeito","7":"sales-flash-overlay","8":"woocommerce-text-align-center","9":"woocommerce-image-align-center","10":"do-quantity-buttons","12":"first","13":"instock","14":"taxable","15":"shipping-taxable","16":"purchasable","17":"product-type-simple"},"_links":{"self":[{"href":"https:\/\/almazaraartal.com\/de\/wp-json\/wp\/v2\/product\/9123","targetHints":{"allow":["GET"]}}],"collection":[{"href":"https:\/\/almazaraartal.com\/de\/wp-json\/wp\/v2\/product"}],"about":[{"href":"https:\/\/almazaraartal.com\/de\/wp-json\/wp\/v2\/types\/product"}],"replies":[{"embeddable":true,"href":"https:\/\/almazaraartal.com\/de\/wp-json\/wp\/v2\/comments?post=9123"}],"wp:featuredmedia":[{"embeddable":true,"href":"https:\/\/almazaraartal.com\/de\/wp-json\/wp\/v2\/media\/3155"}],"wp:attachment":[{"href":"https:\/\/almazaraartal.com\/de\/wp-json\/wp\/v2\/media?parent=9123"}],"wp:term":[{"taxonomy":"product_brand","embeddable":true,"href":"https:\/\/almazaraartal.com\/de\/wp-json\/wp\/v2\/product_brand?post=9123"},{"taxonomy":"product_cat","embeddable":true,"href":"https:\/\/almazaraartal.com\/de\/wp-json\/wp\/v2\/product_cat?post=9123"},{"taxonomy":"product_tag","embeddable":true,"href":"https:\/\/almazaraartal.com\/de\/wp-json\/wp\/v2\/product_tag?post=9123"}],"curies":[{"name":"wp","href":"https:\/\/api.w.org\/{rel}","templated":true}]}}