{"id":9221,"date":"2021-01-26T08:19:51","date_gmt":"2021-01-26T07:19:51","guid":{"rendered":"https:\/\/almazaraartal.com\/producto\/tausendblueten-honig-1-kg-la-abella-rondadora\/"},"modified":"2021-01-26T08:19:51","modified_gmt":"2021-01-26T07:19:51","slug":"tausendblueten-honig-1-kg-la-abella-rondadora","status":"publish","type":"product","link":"https:\/\/almazaraartal.com\/de\/producto\/tausendblueten-honig-1-kg-la-abella-rondadora\/","title":{"rendered":"Tausendbl\u00fcten Honig 1 kg &#8222;La Abella Rondadora&#8220;."},"content":{"rendered":"<p>Ein Honig, der den floralen Reichtum von Nieder-Aragonien und der Ribera Baja del Ebro widerspiegelt. Ausgewogen und vielseitig, perfekt zum S\u00fc\u00dfen des Alltags in Fr\u00fchst\u00fcck, Aufg\u00fcssen oder selbstgemachtem Geb\u00e4ck. <\/p>\n","protected":false},"excerpt":{"rendered":"<p>Tausendbl\u00fcten Honig 1 kg &#8222;La Abella Rondadora&#8220;.<\/p>\n","protected":false},"featured_media":886,"comment_status":"closed","ping_status":"closed","template":"","meta":{"_joinchat":[]},"product_brand":[],"product_cat":[156],"product_tag":[],"class_list":{"0":"post-9221","1":"product","2":"type-product","3":"status-publish","4":"has-post-thumbnail","6":"product_cat-la-abella-rondadora","7":"sales-flash-overlay","8":"woocommerce-text-align-center","9":"woocommerce-image-align-center","10":"do-quantity-buttons","12":"first","13":"instock","14":"taxable","15":"shipping-taxable","16":"purchasable","17":"product-type-simple"},"_links":{"self":[{"href":"https:\/\/almazaraartal.com\/de\/wp-json\/wp\/v2\/product\/9221","targetHints":{"allow":["GET"]}}],"collection":[{"href":"https:\/\/almazaraartal.com\/de\/wp-json\/wp\/v2\/product"}],"about":[{"href":"https:\/\/almazaraartal.com\/de\/wp-json\/wp\/v2\/types\/product"}],"replies":[{"embeddable":true,"href":"https:\/\/almazaraartal.com\/de\/wp-json\/wp\/v2\/comments?post=9221"}],"wp:featuredmedia":[{"embeddable":true,"href":"https:\/\/almazaraartal.com\/de\/wp-json\/wp\/v2\/media\/886"}],"wp:attachment":[{"href":"https:\/\/almazaraartal.com\/de\/wp-json\/wp\/v2\/media?parent=9221"}],"wp:term":[{"taxonomy":"product_brand","embeddable":true,"href":"https:\/\/almazaraartal.com\/de\/wp-json\/wp\/v2\/product_brand?post=9221"},{"taxonomy":"product_cat","embeddable":true,"href":"https:\/\/almazaraartal.com\/de\/wp-json\/wp\/v2\/product_cat?post=9221"},{"taxonomy":"product_tag","embeddable":true,"href":"https:\/\/almazaraartal.com\/de\/wp-json\/wp\/v2\/product_tag?post=9221"}],"curies":[{"name":"wp","href":"https:\/\/api.w.org\/{rel}","templated":true}]}}