{"id":9387,"date":"2020-10-28T14:02:12","date_gmt":"2020-10-28T13:02:12","guid":{"rendered":"https:\/\/almazaraartal.com\/producto\/flasche-2-liter-natives-olivenoel-extra-el-aceite-de-marta-empeltre-do\/"},"modified":"2020-10-28T14:02:12","modified_gmt":"2020-10-28T13:02:12","slug":"flasche-2-liter-natives-olivenoel-extra-el-aceite-de-marta-empeltre-do","status":"publish","type":"product","link":"https:\/\/almazaraartal.com\/de\/producto\/flasche-2-liter-natives-olivenoel-extra-el-aceite-de-marta-empeltre-do\/","title":{"rendered":"Flasche 2 Liter Natives Oliven\u00f6l Extra &#8222;El Aceite de Marta&#8220; Empeltre DO"},"content":{"rendered":"<p><strong>Das traditionelle aragonesische \u00d6l, mit einem Hauch mehr Geschmack.<\/strong><br \/>\nMit der Garantie der Herkunftsbezeichnung Bajo Arag\u00f3n beh\u00e4lt dieses Empeltre die charakteristische Sanftheit der Sorte, aber mit einer etwas intensiveren Fruchtigkeit und ausgepr\u00e4gteren Nuancen.<br \/>\nEmpfohlen, um Ihren Gerichten Pers\u00f6nlichkeit zu verleihen, ohne stark zu sein: Eint\u00f6pfe, Dressings, Gem\u00fcse und Rohkost.<\/p>\n","protected":false},"excerpt":{"rendered":"<p>2-Liter-Flasche Natives Oliven\u00f6l Extra &#8222;El Aceite de Marta&#8220; der Sorte mit der Herkunftsbezeichnung Empeltre.<\/p>\n","protected":false},"featured_media":2673,"comment_status":"closed","ping_status":"closed","template":"","meta":{"_joinchat":[]},"product_brand":[],"product_cat":[125],"product_tag":[],"class_list":{"0":"post-9387","1":"product","2":"type-product","3":"status-publish","4":"has-post-thumbnail","6":"product_cat-martas-ol","7":"sales-flash-overlay","8":"woocommerce-text-align-center","9":"woocommerce-image-align-center","10":"do-quantity-buttons","12":"first","13":"instock","14":"taxable","15":"shipping-taxable","16":"purchasable","17":"product-type-simple"},"_links":{"self":[{"href":"https:\/\/almazaraartal.com\/de\/wp-json\/wp\/v2\/product\/9387","targetHints":{"allow":["GET"]}}],"collection":[{"href":"https:\/\/almazaraartal.com\/de\/wp-json\/wp\/v2\/product"}],"about":[{"href":"https:\/\/almazaraartal.com\/de\/wp-json\/wp\/v2\/types\/product"}],"replies":[{"embeddable":true,"href":"https:\/\/almazaraartal.com\/de\/wp-json\/wp\/v2\/comments?post=9387"}],"wp:featuredmedia":[{"embeddable":true,"href":"https:\/\/almazaraartal.com\/de\/wp-json\/wp\/v2\/media\/2673"}],"wp:attachment":[{"href":"https:\/\/almazaraartal.com\/de\/wp-json\/wp\/v2\/media?parent=9387"}],"wp:term":[{"taxonomy":"product_brand","embeddable":true,"href":"https:\/\/almazaraartal.com\/de\/wp-json\/wp\/v2\/product_brand?post=9387"},{"taxonomy":"product_cat","embeddable":true,"href":"https:\/\/almazaraartal.com\/de\/wp-json\/wp\/v2\/product_cat?post=9387"},{"taxonomy":"product_tag","embeddable":true,"href":"https:\/\/almazaraartal.com\/de\/wp-json\/wp\/v2\/product_tag?post=9387"}],"curies":[{"name":"wp","href":"https:\/\/api.w.org\/{rel}","templated":true}]}}