{"id":9464,"date":"2026-02-02T09:25:00","date_gmt":"2026-02-02T08:25:00","guid":{"rendered":"https:\/\/almazaraartal.com\/producto\/flasche-2-liter-natives-olivenoel-extra-el-aceite-de-marta-coriana\/"},"modified":"2026-02-02T09:25:00","modified_gmt":"2026-02-02T08:25:00","slug":"flasche-2-liter-natives-olivenoel-extra-el-aceite-de-marta-coriana","status":"publish","type":"product","link":"https:\/\/almazaraartal.com\/de\/producto\/flasche-2-liter-natives-olivenoel-extra-el-aceite-de-marta-coriana\/","title":{"rendered":"Flasche 2 Liter Natives Oliven\u00f6l Extra &#8222;El Aceite de Marta&#8220; Coriana"},"content":{"rendered":"<p><strong>Mittelstarke gr\u00fcne Fruchtigkeit, frisch und ausdrucksstark.<\/strong><\/p>\n<p>Klare Aromen von frisch geschnittenem Gras, Tomate und Artischocke. Ausgewogene Bitterkeit und Sch\u00e4rfe am Gaumen, fl\u00fcssige Textur und langer, sauberer Abgang. Eine neue Sorte &#8211; Arbosana \u00d7 Koroneiki Kreuzung &#8211; die sich durch ihr gr\u00fcnes und konzentriertes Profil auszeichnet.  <\/p>\n<p>Ideal roh: Brot und Tomaten, Salate, gegrilltes Gem\u00fcse, kalte Cremes, wei\u00dfer Fisch und Weichk\u00e4se.<br \/>\nAuch zum Kochen: Pfannengerichte und leichte Saut\u00e9s; Reis- und Nudelgerichte; wei\u00dfer Fisch; gebackenes H\u00e4hnchen; Gem\u00fcsecremes. Bei mittlerer Hitze verwenden und beim Anrichten mit einem Faden abschlie\u00dfen. <\/p>\n","protected":false},"excerpt":{"rendered":"<p>2 Liter Flasche Natives Oliven\u00f6l Extra &#8222;El Aceite de Marta&#8220; der Sorte Coriana.<\/p>\n","protected":false},"featured_media":8501,"comment_status":"closed","ping_status":"closed","template":"","meta":{"_joinchat":[]},"product_brand":[],"product_cat":[125],"product_tag":[],"class_list":{"0":"post-9464","1":"product","2":"type-product","3":"status-publish","4":"has-post-thumbnail","6":"product_cat-martas-ol","7":"sales-flash-overlay","8":"woocommerce-text-align-center","9":"woocommerce-image-align-center","10":"do-quantity-buttons","12":"first","13":"instock","14":"taxable","15":"shipping-taxable","16":"purchasable","17":"product-type-simple"},"_links":{"self":[{"href":"https:\/\/almazaraartal.com\/de\/wp-json\/wp\/v2\/product\/9464","targetHints":{"allow":["GET"]}}],"collection":[{"href":"https:\/\/almazaraartal.com\/de\/wp-json\/wp\/v2\/product"}],"about":[{"href":"https:\/\/almazaraartal.com\/de\/wp-json\/wp\/v2\/types\/product"}],"replies":[{"embeddable":true,"href":"https:\/\/almazaraartal.com\/de\/wp-json\/wp\/v2\/comments?post=9464"}],"wp:featuredmedia":[{"embeddable":true,"href":"https:\/\/almazaraartal.com\/de\/wp-json\/wp\/v2\/media\/8501"}],"wp:attachment":[{"href":"https:\/\/almazaraartal.com\/de\/wp-json\/wp\/v2\/media?parent=9464"}],"wp:term":[{"taxonomy":"product_brand","embeddable":true,"href":"https:\/\/almazaraartal.com\/de\/wp-json\/wp\/v2\/product_brand?post=9464"},{"taxonomy":"product_cat","embeddable":true,"href":"https:\/\/almazaraartal.com\/de\/wp-json\/wp\/v2\/product_cat?post=9464"},{"taxonomy":"product_tag","embeddable":true,"href":"https:\/\/almazaraartal.com\/de\/wp-json\/wp\/v2\/product_tag?post=9464"}],"curies":[{"name":"wp","href":"https:\/\/api.w.org\/{rel}","templated":true}]}}