{"id":9471,"date":"2023-02-02T08:47:43","date_gmt":"2023-02-02T07:47:43","guid":{"rendered":"https:\/\/almazaraartal.com\/producto\/flasche-5-liter-natives-olivenoel-extra-el-aceite-de-marta-arbosana\/"},"modified":"2023-02-02T08:47:43","modified_gmt":"2023-02-02T07:47:43","slug":"flasche-5-liter-natives-olivenoel-extra-el-aceite-de-marta-arbosana","status":"publish","type":"product","link":"https:\/\/almazaraartal.com\/de\/producto\/flasche-5-liter-natives-olivenoel-extra-el-aceite-de-marta-arbosana\/","title":{"rendered":"Flasche 5 Liter Natives Oliven\u00f6l Extra &#8222;El Aceite de Marta&#8220; Arbosana"},"content":{"rendered":"<p><strong>Fruchtiger Geschmack mit mediterranem Charakter.<\/strong><br \/>\nLa Arbosana bietet ein etwas intensiveres \u00d6l als das Arbequina, bei dem die Nuancen von reifen Tomaten und frischen Fr\u00fcchten gegen\u00fcber krautigen T\u00f6nen \u00fcberwiegen. Mit einer milden Bitterkeit und Sch\u00e4rfe ist es ein ausgewogenes EVOO, das angenehm am Gaumen ist.<br \/>\nIdeal f\u00fcr den Rohverzehr auf Brot, Salaten, Dressings oder Gem\u00fcse und auch perfekt, um Eint\u00f6pfen und mediterranen Gerichten eine geschmackliche Note zu verleihen. <\/p>\n","protected":false},"excerpt":{"rendered":"<p>Flasche 5 Liter Natives Oliven\u00f6l Extra &#8222;El Aceite de Marta&#8220; der Sorte Arbosana.<\/p>\n","protected":false},"featured_media":4168,"comment_status":"closed","ping_status":"closed","template":"","meta":{"_joinchat":[]},"product_brand":[],"product_cat":[125],"product_tag":[],"class_list":{"0":"post-9471","1":"product","2":"type-product","3":"status-publish","4":"has-post-thumbnail","6":"product_cat-martas-ol","7":"sales-flash-overlay","8":"woocommerce-text-align-center","9":"woocommerce-image-align-center","10":"do-quantity-buttons","12":"first","13":"instock","14":"taxable","15":"shipping-taxable","16":"purchasable","17":"product-type-simple"},"_links":{"self":[{"href":"https:\/\/almazaraartal.com\/de\/wp-json\/wp\/v2\/product\/9471","targetHints":{"allow":["GET"]}}],"collection":[{"href":"https:\/\/almazaraartal.com\/de\/wp-json\/wp\/v2\/product"}],"about":[{"href":"https:\/\/almazaraartal.com\/de\/wp-json\/wp\/v2\/types\/product"}],"replies":[{"embeddable":true,"href":"https:\/\/almazaraartal.com\/de\/wp-json\/wp\/v2\/comments?post=9471"}],"wp:featuredmedia":[{"embeddable":true,"href":"https:\/\/almazaraartal.com\/de\/wp-json\/wp\/v2\/media\/4168"}],"wp:attachment":[{"href":"https:\/\/almazaraartal.com\/de\/wp-json\/wp\/v2\/media?parent=9471"}],"wp:term":[{"taxonomy":"product_brand","embeddable":true,"href":"https:\/\/almazaraartal.com\/de\/wp-json\/wp\/v2\/product_brand?post=9471"},{"taxonomy":"product_cat","embeddable":true,"href":"https:\/\/almazaraartal.com\/de\/wp-json\/wp\/v2\/product_cat?post=9471"},{"taxonomy":"product_tag","embeddable":true,"href":"https:\/\/almazaraartal.com\/de\/wp-json\/wp\/v2\/product_tag?post=9471"}],"curies":[{"name":"wp","href":"https:\/\/api.w.org\/{rel}","templated":true}]}}