{"id":9477,"date":"2023-09-05T10:02:22","date_gmt":"2023-09-05T08:02:22","guid":{"rendered":"https:\/\/almazaraartal.com\/producto\/patenschaft-fuer-einen-bienenstock\/"},"modified":"2023-09-05T10:02:22","modified_gmt":"2023-09-05T08:02:22","slug":"patenschaft-fuer-einen-bienenstock","status":"publish","type":"product","link":"https:\/\/almazaraartal.com\/de\/producto\/patenschaft-fuer-einen-bienenstock\/","title":{"rendered":"Patenschaft f\u00fcr einen Bienenstock"},"content":{"rendered":"<p style=\"text-align: left;\">K\u00f6nnen Sie sich vorstellen, sich von einem Bienenstock aus um den Planeten zu k\u00fcmmern?<br data-start=\"547\" data-end=\"550\">Mit dem Projekt <strong data-start=\"566\" data-end=\"610\">Apadrina una colmena <\/strong>von Almazara Artal k\u00f6nnen Sie es m\u00f6glich machen.<\/p>\n<p style=\"text-align: left;\">Jeder Bienenstock ist ein kleines \u00d6kosystem voller Leben, um das wir uns sorgf\u00e4ltig k\u00fcmmern, indem wir die Rhythmen der Bienen respektieren und so nat\u00fcrlich wie m\u00f6glich arbeiten.<\/p>\n<p style=\"text-align: left;\" data-start=\"817\" data-end=\"1048\">Bei Almazara Artal k\u00fcmmern wir uns mit Respekt und Geduld um unsere Bienenst\u00f6cke, ohne zu hetzen und ohne die Produktion zu forcieren.<br data-start=\"925\" data-end=\"928\">Wir mischen keine Honige und wenden keine unn\u00f6tigen Behandlungen an, sondern lassen der Natur ihren Lauf, so wie sie es schon immer getan hat.<\/p>\n<p style=\"text-align: left;\"><strong>Was beinhaltet die Patenschaft f\u00fcr einen Bienenstock?<\/strong><\/p>\n<ul>\n<li style=\"text-align: left;\" data-start=\"1847\" data-end=\"1909\">\n<p data-start=\"1849\" data-end=\"1909\">Auf Ihrem Bienenstock wird Ihr <strong data-start=\"1871\" data-end=\"1898\">Name oder Ihre pers\u00f6nliche Marke<\/strong> eingraviert.<\/p>\n<\/li>\n<li style=\"text-align: left;\" data-start=\"1910\" data-end=\"1964\">\n<p data-start=\"1912\" data-end=\"1964\">Sie erhalten jedes Jahr <strong data-start=\"1922\" data-end=\"1938\">nat\u00fcrlichen Honig<\/strong> aus Ihrem Bienenstock.<\/p>\n<\/li>\n<li style=\"text-align: left;\" data-start=\"1965\" data-end=\"2096\">\n<p data-start=\"1967\" data-end=\"2096\">Sie k\u00f6nnen <strong data-start=\"1982\" data-end=\"2022\">Ihren Bienenstock in Nieder-Aragonien besuchen<\/strong>, die Bienen kennenlernen und den Prozess der Honiggewinnung entdecken.<\/p>\n<\/li>\n<li data-start=\"2097\" data-end=\"2200\">\n<p style=\"text-align: left;\" data-start=\"2099\" data-end=\"2200\">Sie tragen zum <strong data-start=\"2117\" data-end=\"2145\">Schutz der Bienen<\/strong>, der <strong data-start=\"2150\" data-end=\"2167\">biologischen Vielfalt<\/strong> und der <strong data-start=\"2173\" data-end=\"2199\">Zukunft der l\u00e4ndlichen Umwelt<\/strong> bei.<\/p>\n<\/li>\n<\/ul>\n","protected":false},"excerpt":{"rendered":"<p><strong>JAHRESPREIS<\/strong><br \/>\nApadrina una Colmena-La Abella Rondadora.<\/p>\n","protected":false},"featured_media":4932,"comment_status":"closed","ping_status":"closed","template":"","meta":{"_joinchat":[]},"product_brand":[],"product_cat":[156],"product_tag":[],"class_list":{"0":"post-9477","1":"product","2":"type-product","3":"status-publish","4":"has-post-thumbnail","6":"product_cat-la-abella-rondadora","7":"sales-flash-overlay","8":"woocommerce-text-align-center","9":"woocommerce-image-align-center","10":"do-quantity-buttons","12":"first","13":"instock","14":"virtual","15":"taxable","16":"purchasable","17":"product-type-simple"},"_links":{"self":[{"href":"https:\/\/almazaraartal.com\/de\/wp-json\/wp\/v2\/product\/9477","targetHints":{"allow":["GET"]}}],"collection":[{"href":"https:\/\/almazaraartal.com\/de\/wp-json\/wp\/v2\/product"}],"about":[{"href":"https:\/\/almazaraartal.com\/de\/wp-json\/wp\/v2\/types\/product"}],"replies":[{"embeddable":true,"href":"https:\/\/almazaraartal.com\/de\/wp-json\/wp\/v2\/comments?post=9477"}],"wp:featuredmedia":[{"embeddable":true,"href":"https:\/\/almazaraartal.com\/de\/wp-json\/wp\/v2\/media\/4932"}],"wp:attachment":[{"href":"https:\/\/almazaraartal.com\/de\/wp-json\/wp\/v2\/media?parent=9477"}],"wp:term":[{"taxonomy":"product_brand","embeddable":true,"href":"https:\/\/almazaraartal.com\/de\/wp-json\/wp\/v2\/product_brand?post=9477"},{"taxonomy":"product_cat","embeddable":true,"href":"https:\/\/almazaraartal.com\/de\/wp-json\/wp\/v2\/product_cat?post=9477"},{"taxonomy":"product_tag","embeddable":true,"href":"https:\/\/almazaraartal.com\/de\/wp-json\/wp\/v2\/product_tag?post=9477"}],"curies":[{"name":"wp","href":"https:\/\/api.w.org\/{rel}","templated":true}]}}