{"id":9485,"date":"2022-11-16T12:01:53","date_gmt":"2022-11-16T11:01:53","guid":{"rendered":"https:\/\/almazaraartal.com\/producto\/safeito-barren-los\/"},"modified":"2022-11-16T12:01:53","modified_gmt":"2022-11-16T11:01:53","slug":"safeito-barren-los","status":"publish","type":"product","link":"https:\/\/almazaraartal.com\/de\/producto\/safeito-barren-los\/","title":{"rendered":"Safeito Barren Los"},"content":{"rendered":"","protected":false},"excerpt":{"rendered":"<p>Gourmet-Oliven\u00f6le extra vergine, aus unserer traditionellen Olivenm\u00fchle. Die nativen Oliven\u00f6le extra von Safeito werden aus vier verschiedenen Olivensorten hergestellt, die alle aus unseren aragonesischen Olivenhainen stammen. <\/p>\n<p><strong>ENTH\u00c4LT:<\/strong><\/p>\n<ul>\n<li>Safeito Arbequina 250ml EVOO &#8211; f\u00fcr frische Tapas <em><strong>F\u00dcR FRISCHE TAPAS<\/strong><\/em><\/li>\n<li>Safeito Fulla de Salze 250ml EVOO &#8212; <em><strong>GEM\u00dcSE UND TOAST<\/strong><\/em><\/li>\n<li>Safeito Arbosana 250ml EVOO &#8212; <strong><em>IDEAL AUF EINER K\u00c4SEPLATTE, EIN PAAR TROPFEN DARAUF GEBEN<\/em><\/strong><\/li>\n<li>Safeito Empeltre 250ml AOVE &#8212; <strong><em>EMPFOHLEN F\u00dcR EXQUISITE DESSERTS<\/em><\/strong><\/li>\n<\/ul>\n","protected":false},"featured_media":3729,"comment_status":"closed","ping_status":"closed","template":"","meta":{"_joinchat":[]},"product_brand":[],"product_cat":[185],"product_tag":[],"class_list":{"0":"post-9485","1":"product","2":"type-product","3":"status-publish","4":"has-post-thumbnail","6":"product_cat-los","7":"sales-flash-overlay","8":"woocommerce-text-align-center","9":"woocommerce-image-align-center","10":"do-quantity-buttons","12":"first","13":"instock","14":"sale","15":"taxable","16":"shipping-taxable","17":"purchasable","18":"product-type-simple"},"_links":{"self":[{"href":"https:\/\/almazaraartal.com\/de\/wp-json\/wp\/v2\/product\/9485","targetHints":{"allow":["GET"]}}],"collection":[{"href":"https:\/\/almazaraartal.com\/de\/wp-json\/wp\/v2\/product"}],"about":[{"href":"https:\/\/almazaraartal.com\/de\/wp-json\/wp\/v2\/types\/product"}],"replies":[{"embeddable":true,"href":"https:\/\/almazaraartal.com\/de\/wp-json\/wp\/v2\/comments?post=9485"}],"wp:featuredmedia":[{"embeddable":true,"href":"https:\/\/almazaraartal.com\/de\/wp-json\/wp\/v2\/media\/3729"}],"wp:attachment":[{"href":"https:\/\/almazaraartal.com\/de\/wp-json\/wp\/v2\/media?parent=9485"}],"wp:term":[{"taxonomy":"product_brand","embeddable":true,"href":"https:\/\/almazaraartal.com\/de\/wp-json\/wp\/v2\/product_brand?post=9485"},{"taxonomy":"product_cat","embeddable":true,"href":"https:\/\/almazaraartal.com\/de\/wp-json\/wp\/v2\/product_cat?post=9485"},{"taxonomy":"product_tag","embeddable":true,"href":"https:\/\/almazaraartal.com\/de\/wp-json\/wp\/v2\/product_tag?post=9485"}],"curies":[{"name":"wp","href":"https:\/\/api.w.org\/{rel}","templated":true}]}}