{"id":9512,"date":"2021-12-19T17:06:13","date_gmt":"2021-12-19T16:06:13","guid":{"rendered":"https:\/\/almazaraartal.com\/producto\/bio-premium-evoo-safeito-fulla-de-salze-250ml\/"},"modified":"2021-12-19T17:06:13","modified_gmt":"2021-12-19T16:06:13","slug":"bio-premium-evoo-safeito-fulla-de-salze-250ml","status":"publish","type":"product","link":"https:\/\/almazaraartal.com\/de\/producto\/bio-premium-evoo-safeito-fulla-de-salze-250ml\/","title":{"rendered":"Bio Premium EVOO &#8222;Safeito&#8220; Fulla de Salze &#8211; 250ml"},"content":{"rendered":"<p><strong data-start=\"686\" data-end=\"776\">Bio-Oliven\u00f6l extra vergine (EVOO) &#8222;Safeito&#8220; aus der Sorte Fulla de Salze.<\/strong><br data-start=\"776\" data-end=\"779\">Die Sorte Fulla de Salze bietet ein aromatisches und ganz besonderes \u00d6l, mit blumigen Nuancen, die es von allen anderen unterscheidet. Sein delikater Charakter l\u00e4dt dazu ein, es langsam zu genie\u00dfen und jeden Tropfen auszukosten.<br data-start=\"985\" data-end=\"988\">Perfekt, um es roh zu genie\u00dfen und leichte Gerichte wie Fisch, frische Salate oder einfach auf Brot zu verfeinern, wo es seine ganze Eleganz entfaltet. <\/p>\n","protected":false},"excerpt":{"rendered":"<p>Natives Oliven\u00f6l extra (EVOO) Premium Bio &#8222;Safeito&#8220; Fulla de Salze in der 250ml Flasche. Zart und blumig, ideal um es roh zu trinken. Eines der 10 besten der Welt in seiner Sorte.  <\/p>\n","protected":false},"featured_media":3158,"comment_status":"closed","ping_status":"closed","template":"","meta":{"_joinchat":[]},"product_brand":[],"product_cat":[145],"product_tag":[],"class_list":{"0":"post-9512","1":"product","2":"type-product","3":"status-publish","4":"has-post-thumbnail","6":"product_cat-safeito","7":"sales-flash-overlay","8":"woocommerce-text-align-center","9":"woocommerce-image-align-center","10":"do-quantity-buttons","12":"first","13":"instock","14":"taxable","15":"shipping-taxable","16":"purchasable","17":"product-type-simple"},"_links":{"self":[{"href":"https:\/\/almazaraartal.com\/de\/wp-json\/wp\/v2\/product\/9512","targetHints":{"allow":["GET"]}}],"collection":[{"href":"https:\/\/almazaraartal.com\/de\/wp-json\/wp\/v2\/product"}],"about":[{"href":"https:\/\/almazaraartal.com\/de\/wp-json\/wp\/v2\/types\/product"}],"replies":[{"embeddable":true,"href":"https:\/\/almazaraartal.com\/de\/wp-json\/wp\/v2\/comments?post=9512"}],"wp:featuredmedia":[{"embeddable":true,"href":"https:\/\/almazaraartal.com\/de\/wp-json\/wp\/v2\/media\/3158"}],"wp:attachment":[{"href":"https:\/\/almazaraartal.com\/de\/wp-json\/wp\/v2\/media?parent=9512"}],"wp:term":[{"taxonomy":"product_brand","embeddable":true,"href":"https:\/\/almazaraartal.com\/de\/wp-json\/wp\/v2\/product_brand?post=9512"},{"taxonomy":"product_cat","embeddable":true,"href":"https:\/\/almazaraartal.com\/de\/wp-json\/wp\/v2\/product_cat?post=9512"},{"taxonomy":"product_tag","embeddable":true,"href":"https:\/\/almazaraartal.com\/de\/wp-json\/wp\/v2\/product_tag?post=9512"}],"curies":[{"name":"wp","href":"https:\/\/api.w.org\/{rel}","templated":true}]}}