{"id":8601,"date":"2020-09-29T13:51:19","date_gmt":"2020-09-29T11:51:19","guid":{"rendered":"https:\/\/almazaraartal.com\/boutique\/huile-dolive-extra-vierge\/"},"modified":"2026-04-15T14:09:34","modified_gmt":"2026-04-15T12:09:34","slug":"huile-dolive-extra-vierge","status":"publish","type":"page","link":"https:\/\/almazaraartal.com\/fr\/boutique\/huile-dolive-extra-vierge\/","title":{"rendered":"Huile d&rsquo;olive extra vierge"},"content":{"rendered":"\t\t<div data-elementor-type=\"wp-page\" data-elementor-id=\"8601\" class=\"elementor elementor-8601 elementor-349\">\n\t\t\t\t<div class=\"elementor-element elementor-element-50f0c278 e-flex e-con-boxed e-con e-parent\" data-id=\"50f0c278\" data-element_type=\"container\" data-e-type=\"container\">\n\t\t\t\t\t<div class=\"e-con-inner\">\n\t\t\t\t<div class=\"elementor-element elementor-element-7bbff39d elementor-align-center elementor-widget elementor-widget-button\" data-id=\"7bbff39d\" data-element_type=\"widget\" data-e-type=\"widget\" data-widget_type=\"button.default\">\n\t\t\t\t<div class=\"elementor-widget-container\">\n\t\t\t\t\t\t\t\t\t<div class=\"elementor-button-wrapper\">\n\t\t\t\t\t<a class=\"elementor-button elementor-button-link elementor-size-sm\" href=\"https:\/\/almazaraartal.com\/categoria-producto\/el-aceite-de-marta\/\">\n\t\t\t\t\t\t<span class=\"elementor-button-content-wrapper\">\n\t\t\t\t\t\t<span class=\"elementor-button-icon\">\n\t\t\t\t<svg aria-hidden=\"true\" class=\"e-font-icon-svg e-fas-shopping-cart\" viewBox=\"0 0 576 512\" xmlns=\"http:\/\/www.w3.org\/2000\/svg\"><path d=\"M528.12 301.319l47.273-208C578.806 78.301 567.391 64 551.99 64H159.208l-9.166-44.81C147.758 8.021 137.93 0 126.529 0H24C10.745 0 0 10.745 0 24v16c0 13.255 10.745 24 24 24h69.883l70.248 343.435C147.325 417.1 136 435.222 136 456c0 30.928 25.072 56 56 56s56-25.072 56-56c0-15.674-6.447-29.835-16.824-40h209.647C430.447 426.165 424 440.326 424 456c0 30.928 25.072 56 56 56s56-25.072 56-56c0-22.172-12.888-41.332-31.579-50.405l5.517-24.276c3.413-15.018-8.002-29.319-23.403-29.319H218.117l-6.545-32h293.145c11.206 0 20.92-7.754 23.403-18.681z\"><\/path><\/svg>\t\t\t<\/span>\n\t\t\t\t\t\t\t\t\t<span class=\"elementor-button-text\">Acheter du p\u00e9trole<\/span>\n\t\t\t\t\t<\/span>\n\t\t\t\t\t<\/a>\n\t\t\t\t<\/div>\n\t\t\t\t\t\t\t\t<\/div>\n\t\t\t\t<\/div>\n\t\t\t\t\t<\/div>\n\t\t\t\t<\/div>\n\t\t<div class=\"elementor-element elementor-element-76470820 e-flex e-con-boxed e-con e-parent\" data-id=\"76470820\" data-element_type=\"container\" data-e-type=\"container\">\n\t\t\t\t\t<div class=\"e-con-inner\">\n\t\t\t\t<div class=\"elementor-element elementor-element-7406cc65 elementor-widget elementor-widget-text-editor\" data-id=\"7406cc65\" data-element_type=\"widget\" data-e-type=\"widget\" data-widget_type=\"text-editor.default\">\n\t\t\t\t<div class=\"elementor-widget-container\">\n\t\t\t\t\t\t\t\t\t<p>L&rsquo;une de nos marques, <strong>El Aceite de Marta <\/strong>, et notre embl\u00e8me, l&rsquo;<strong>huile d&rsquo;olive extra vierge<\/strong>. Notre raison d&rsquo;\u00eatre. Notre pass\u00e9, notre pr\u00e9sent et notre avenir. L&rsquo;essence de l&rsquo;Aragon emprisonn\u00e9e dans une bouteille.<\/p><p>L <strong>&lsquo;Aceite de Marta DO del bajo Arag\u00f3n<\/strong> est fabriqu\u00e9 \u00e0 partir d&#8217;empeltre et d&rsquo;un peu d&rsquo;arbequina. Il s&rsquo;agit d&rsquo;une huile vierge extra obtenue \u00e0 partir d&rsquo;oliviers d&rsquo;appellation d&rsquo;origine du Bas-Aragon et dont les olives ne touchent pas le sol, nous les ramassons toutes avec des parapluies en vol. Il est travaill\u00e9 exclusivement par des moyens m\u00e9caniques afin de ne pas perturber son d\u00e9licat \u00e9quilibre naturel.<\/p><p>Le soin et les d\u00e9tails ont fait de l&rsquo;huile.<\/p><h2>Achetez de l&rsquo;huile d&rsquo;olive extra vierge<\/h2><p>Nos huiles sont toujours des <strong>huiles d&rsquo;olive extra vierges<\/strong>. La qualit\u00e9 et la saveur maximales de notre terre, de nos olives, dans une seule bouteille. Dans notre magasin, vous pouvez <strong>acheter de l&rsquo;huile d&rsquo;olive extra vierge<\/strong> de la plus haute qualit\u00e9, avec D.O. Aceite del Bajo Arag\u00f3n.<\/p><p>Les param\u00e8tres de qualit\u00e9 de nos huiles figurent parmi les qualit\u00e9s les plus reconnues de la meilleure huile d&rsquo;olive vierge extra.<\/p>\t\t\t\t\t\t\t\t<\/div>\n\t\t\t\t<\/div>\n\t\t\t\t\t<\/div>\n\t\t\t\t<\/div>\n\t\t\t\t<\/div>\n\t\t","protected":false},"excerpt":{"rendered":"<p>Acheter du p\u00e9trole L&rsquo;une de nos marques, El Aceite de Marta , et notre embl\u00e8me, l&rsquo;huile d&rsquo;olive extra vierge. Notre raison d&rsquo;\u00eatre. Notre pass\u00e9, notre pr\u00e9sent et notre avenir. L&rsquo;essence de l&rsquo;Aragon emprisonn\u00e9e dans une bouteille. L &lsquo;Aceite de Marta DO del bajo Arag\u00f3n est fabriqu\u00e9 \u00e0 partir d&#8217;empeltre et d&rsquo;un peu d&rsquo;arbequina. Il s&rsquo;agit &#8230; <a title=\"Huile d&rsquo;olive extra vierge\" class=\"read-more\" href=\"https:\/\/almazaraartal.com\/fr\/boutique\/huile-dolive-extra-vierge\/\" aria-label=\"En savoir plus sur Huile d&rsquo;olive extra vierge\">Lire plus<\/a><\/p>\n","protected":false},"author":1,"featured_media":0,"parent":8581,"menu_order":0,"comment_status":"closed","ping_status":"closed","template":"","meta":{"_joinchat":[],"footnotes":""},"class_list":["post-8601","page","type-page","status-publish"],"_links":{"self":[{"href":"https:\/\/almazaraartal.com\/fr\/wp-json\/wp\/v2\/pages\/8601","targetHints":{"allow":["GET"]}}],"collection":[{"href":"https:\/\/almazaraartal.com\/fr\/wp-json\/wp\/v2\/pages"}],"about":[{"href":"https:\/\/almazaraartal.com\/fr\/wp-json\/wp\/v2\/types\/page"}],"author":[{"embeddable":true,"href":"https:\/\/almazaraartal.com\/fr\/wp-json\/wp\/v2\/users\/1"}],"replies":[{"embeddable":true,"href":"https:\/\/almazaraartal.com\/fr\/wp-json\/wp\/v2\/comments?post=8601"}],"version-history":[{"count":3,"href":"https:\/\/almazaraartal.com\/fr\/wp-json\/wp\/v2\/pages\/8601\/revisions"}],"predecessor-version":[{"id":8614,"href":"https:\/\/almazaraartal.com\/fr\/wp-json\/wp\/v2\/pages\/8601\/revisions\/8614"}],"up":[{"embeddable":true,"href":"https:\/\/almazaraartal.com\/fr\/wp-json\/wp\/v2\/pages\/8581"}],"wp:attachment":[{"href":"https:\/\/almazaraartal.com\/fr\/wp-json\/wp\/v2\/media?parent=8601"}],"curies":[{"name":"wp","href":"https:\/\/api.w.org\/{rel}","templated":true}]}}