{"id":8611,"date":"2020-09-29T14:23:44","date_gmt":"2020-09-29T12:23:44","guid":{"rendered":"https:\/\/almazaraartal.com\/boutique\/huile-gourmet\/"},"modified":"2026-04-15T14:09:34","modified_gmt":"2026-04-15T12:09:34","slug":"huile-gourmet","status":"publish","type":"page","link":"https:\/\/almazaraartal.com\/fr\/boutique\/huile-gourmet\/","title":{"rendered":"Huile Gourmet"},"content":{"rendered":"\t\t<div data-elementor-type=\"wp-page\" data-elementor-id=\"8611\" class=\"elementor elementor-8611 elementor-369\">\n\t\t\t\t<div class=\"elementor-element elementor-element-240d62f7 e-flex e-con-boxed e-con e-parent\" data-id=\"240d62f7\" data-element_type=\"container\" data-e-type=\"container\">\n\t\t\t\t\t<div class=\"e-con-inner\">\n\t\t\t\t<div class=\"elementor-element elementor-element-5e9c82d5 elementor-align-left elementor-widget elementor-widget-button\" data-id=\"5e9c82d5\" data-element_type=\"widget\" data-e-type=\"widget\" data-widget_type=\"button.default\">\n\t\t\t\t<div class=\"elementor-widget-container\">\n\t\t\t\t\t\t\t\t\t<div class=\"elementor-button-wrapper\">\n\t\t\t\t\t<a class=\"elementor-button elementor-button-link elementor-size-sm\" href=\"https:\/\/almazaraartal.com\/categoria-producto\/safeito\/\">\n\t\t\t\t\t\t<span class=\"elementor-button-content-wrapper\">\n\t\t\t\t\t\t<span class=\"elementor-button-icon\">\n\t\t\t\t<svg aria-hidden=\"true\" class=\"e-font-icon-svg e-fas-shopping-cart\" viewBox=\"0 0 576 512\" xmlns=\"http:\/\/www.w3.org\/2000\/svg\"><path d=\"M528.12 301.319l47.273-208C578.806 78.301 567.391 64 551.99 64H159.208l-9.166-44.81C147.758 8.021 137.93 0 126.529 0H24C10.745 0 0 10.745 0 24v16c0 13.255 10.745 24 24 24h69.883l70.248 343.435C147.325 417.1 136 435.222 136 456c0 30.928 25.072 56 56 56s56-25.072 56-56c0-15.674-6.447-29.835-16.824-40h209.647C430.447 426.165 424 440.326 424 456c0 30.928 25.072 56 56 56s56-25.072 56-56c0-22.172-12.888-41.332-31.579-50.405l5.517-24.276c3.413-15.018-8.002-29.319-23.403-29.319H218.117l-6.545-32h293.145c11.206 0 20.92-7.754 23.403-18.681z\"><\/path><\/svg>\t\t\t<\/span>\n\t\t\t\t\t\t\t\t\t<span class=\"elementor-button-text\">Acheter du p\u00e9trole<\/span>\n\t\t\t\t\t<\/span>\n\t\t\t\t\t<\/a>\n\t\t\t\t<\/div>\n\t\t\t\t\t\t\t\t<\/div>\n\t\t\t\t<\/div>\n\t\t\t\t\t<\/div>\n\t\t\t\t<\/div>\n\t\t<div class=\"elementor-element elementor-element-64d2f762 e-flex e-con-boxed e-con e-parent\" data-id=\"64d2f762\" data-element_type=\"container\" data-e-type=\"container\">\n\t\t\t\t\t<div class=\"e-con-inner\">\n\t\t\t\t<div class=\"elementor-element elementor-element-6f17fc2f elementor-widget elementor-widget-text-editor\" data-id=\"6f17fc2f\" data-element_type=\"widget\" data-e-type=\"widget\" data-widget_type=\"text-editor.default\">\n\t\t\t\t<div class=\"elementor-widget-container\">\n\t\t\t\t\t\t\t\t\t<h1>Acheter Extra Virgin Gourmet<\/h1><p>Un bon <strong>EVOO gourmet<\/strong> est indispensable dans la cuisine des adeptes du r\u00e9gime m\u00e9diterran\u00e9en. Quelle que soit la recette. Quel que soit le plat. Sa saveur rehausse et exalte comme aucun autre condiment.   <\/p><h2>Huile d&rsquo;olive extra vierge Gourmet &#8211; Safeito<\/h2><p data-start=\"50\" data-end=\"407\"><strong data-start=\"50\" data-end=\"61\">Safeito<\/strong> est notre <strong data-start=\"73\" data-end=\"102\">huile d&rsquo;olive gastronomique \u00e0 vari\u00e9t\u00e9 unique<\/strong> du <strong data-start=\"107\" data-end=\"122\">sud de l&rsquo;Aragon<\/strong>.<\/p><p data-start=\"50\" data-end=\"407\">Chaque bouteille est baign\u00e9e d&rsquo;une couleur repr\u00e9sentant chaque vari\u00e9t\u00e9 : <strong>Empeltre<\/strong> (jaune), <strong>Arbequina<\/strong> (vert), <strong>Arbosana<\/strong> (bleu) et <strong>Fulla de Salze<\/strong> (rose).<\/p><p data-start=\"50\" data-end=\"407\">Notre <strong>huile d&rsquo;olive extra vierge de premi\u00e8re qualit\u00e9, produite dans notre propre moulin<\/strong>, est con\u00e7ue pour \u00eatre d\u00e9gust\u00e9e \u00e0 <strong data-start=\"362\" data-end=\"374\">l&rsquo;\u00e9tat brut en<\/strong> raison de son profil \u00e9quilibr\u00e9 et \u00e9l\u00e9gant.<\/p><p data-start=\"409\" data-end=\"428\"><strong data-start=\"409\" data-end=\"428\">Pourquoi Safeito ?<\/strong><\/p><ul data-start=\"429\" data-end=\"663\"><li data-start=\"429\" data-end=\"491\"><p data-start=\"431\" data-end=\"491\"><strong data-start=\"431\" data-end=\"452\">100 % mono-c\u00e9page<\/strong>: expressions pures de chaque vari\u00e9t\u00e9.<\/p><\/li><li data-start=\"492\" data-end=\"568\"><p data-start=\"494\" data-end=\"568\"><strong data-start=\"494\" data-end=\"519\">Origine et tra\u00e7abilit\u00e9<\/strong>: oliveraies propres et contr\u00f4le total du processus.<\/p><\/li><li data-start=\"569\" data-end=\"663\"><p data-start=\"571\" data-end=\"663\"><strong data-start=\"571\" data-end=\"595\">Pr\u00e9sentation premium<\/strong>: <strong data-start=\"597\" data-end=\"618\">bouteille design<\/strong> qui habille la table et est <strong>parfaite comme cadeau<\/strong>.<\/p><\/li><\/ul><p data-start=\"665\" data-end=\"865\" data-is-last-node=\"\" data-is-only-node=\"\"><strong data-start=\"665\" data-end=\"682\">Achetez<\/strong> votre <strong data-start=\"686\" data-end=\"734\">huile d&rsquo;olive extra vierge gourmet Safeito<\/strong> <strong data-start=\"665\" data-end=\"682\">en ligne<\/strong> et recevez-la avec le m\u00eame soin que celui que nous lui apportons.<\/p><p data-start=\"665\" data-end=\"865\" data-is-last-node=\"\" data-is-only-node=\"\"><strong data-start=\"800\" data-end=\"811\">Safeito<\/strong>: l&rsquo;huile d&rsquo;olive extra vierge la plus exclusive.  <\/p><h2>Une huile d&rsquo;olive de premi\u00e8re qualit\u00e9<\/h2><p><strong>Acheter de l&rsquo;huile d&rsquo;olive de premi\u00e8re qualit\u00e9 <\/strong>et l&rsquo;utiliser pour assaisonner vos plats constitue un saut qualitatif sans pr\u00e9c\u00e9dent.<\/p><p>Notre marque Premium goumet Safeito nous offre des huiles mono-vari\u00e9tales d&rsquo;arbequina, arbosana, empeltre et fulle de salsa. Son go\u00fbt doux et fruit\u00e9, d\u00e9licat et sucr\u00e9, est ce qui la rend si sp\u00e9ciale. <\/p><p>Elle est, bien entendu, fabriqu\u00e9e \u00e0 la main et de mani\u00e8re traditionnelle, dans notre <strong>moulin \u00e0 huile aragonais<\/strong>. L&rsquo;extraction se fait \u00e0 froid et les fruits sont s\u00e9lectionn\u00e9s au maximum. <\/p><p>Acheter de l&rsquo;huile gourmet fabriqu\u00e9e dans notre moulin \u00e0 huile, c&rsquo;est ce que vous pouvez faire sur cette page de la boutique. Si vous avez des questions sur notre processus de production, n&rsquo;h\u00e9sitez pas \u00e0 nous contacter. <\/p><p>Huiles d&rsquo;olive gastronomiques d&rsquo;Almazara Artal. Huile d&rsquo;olive gourmet Safeito premium. <\/p><p>Nos huiles d&rsquo;olive vierges extra<\/p><h2><strong>Huile d&rsquo;olive extra vierge Gourmet<\/strong><\/h2><p>Notre huile d&rsquo;olive gourmet d&rsquo;Almazara Artal Safeito, fruit des oliveraies du sud de l&rsquo;Aragon, une huile d&rsquo;olive extra vierge qui vous fera go\u00fbter des sensations uniques, nouvelles et incomparables.<\/p><p>Notre marque haut de gamme Safeito est bien s\u00fbr produite dans notre propre moulin \u00e0 huile d&rsquo;olive avec des machines innovantes de Gea Westfalia.<\/p><p>Les fruits sont d\u00e9licatement extraits \u00e0 l&rsquo;aide de diff\u00e9rents proc\u00e9d\u00e9s m\u00e9caniques d&rsquo;extraction \u00e0 froid, en les s\u00e9lectionnant le plus possible afin d&rsquo;obtenir une huile d&rsquo;olive sp\u00e9ciale de la plus haute qualit\u00e9. Toujours en utilisant des proc\u00e9d\u00e9s m\u00e9caniques. <\/p><p>Les huiles d&rsquo;olive extra vierge de Safeito sont des huiles monovari\u00e9tales provenant de nos propres oliveraies en Aragon.<\/p><h2><strong>Huile d&rsquo;olive extra vierge prim\u00e9e<\/strong><\/h2><p>Notre huile d&rsquo;olive, Fulla de Salze, a \u00e9t\u00e9 r\u00e9compens\u00e9e par des concours prestigieux tels que le Guide Evololeum 2022 et le grand CINVE 2022.<\/p><h2><strong>Les cl\u00e9s d&rsquo;une huile d&rsquo;olive vierge extra de qualit\u00e9<\/strong><\/h2><p><strong>Les caract\u00e9ristiques qui font d&rsquo;une huile Gourmet une huile que nous pourrions avoir :  <\/strong><\/p><p>Les olives pour ces huiles sont r\u00e9colt\u00e9es directement sur l&rsquo;arbre pour \u00e9viter les impuret\u00e9s. Nous apportons un soin particulier \u00e0 la r\u00e9colte afin d&rsquo;obtenir la meilleure qualit\u00e9 pour nos huiles d&rsquo;olive gourmandes. Il s&rsquo;agit toujours d&rsquo;olives de l&rsquo;air, jamais du sol.  <\/p><p>La p\u00e9riode exacte de maturation s&rsquo;\u00e9tend d&rsquo;octobre \u00e0 d\u00e9cembre.<\/p><p>Chez Almazara Artal, nous sommes tr\u00e8s attentifs \u00e0 tous nos processus afin d&rsquo;obtenir une huile d&rsquo;olive vierge extra de grande qualit\u00e9, en r\u00e9coltant nos olives au moment exact de leur maturation.<\/p><p>Le temps \u00e9coul\u00e9 entre l&rsquo;oliveraie et le moulin est tr\u00e8s important. Apr\u00e8s la r\u00e9colte des olives, le fruit commence \u00e0 gagner rapidement en acidit\u00e9 et \u00e0 perdre ses propri\u00e9t\u00e9s. Nous transportons toujours nos olives de l&rsquo;oliveraie \u00e0 notre propre moulin \u00e0 huile en moins de 10 heures. <\/p><h2><strong>Safeito gourmet oil pack<\/strong><\/h2><p>Visitez notre collection d&rsquo;huiles d&rsquo;olive vierges extra Safeito et appr\u00e9ciez la qualit\u00e9 de nos huiles.<\/p><p>Nos Safeito AOVES sont r\u00e9colt\u00e9s sur notre ferme en conversion biologique, et depuis cette r\u00e9colte, ils sont certifi\u00e9s par le CAE.<\/p><p>Le Safeito est une vendange verte pr\u00e9coce, r\u00e9alis\u00e9e avec beaucoup de soin et au moyen de proc\u00e9dures m\u00e9caniques \u00e0 froid, en dessous de 25\u00ba.<\/p>\t\t\t\t\t\t\t\t<\/div>\n\t\t\t\t<\/div>\n\t\t\t\t\t<\/div>\n\t\t\t\t<\/div>\n\t\t\t\t<\/div>\n\t\t","protected":false},"excerpt":{"rendered":"<p>Acheter du p\u00e9trole Acheter Extra Virgin Gourmet Un bon EVOO gourmet est indispensable dans la cuisine des adeptes du r\u00e9gime m\u00e9diterran\u00e9en. Quelle que soit la recette. Quel que soit le plat. Sa saveur rehausse et exalte comme aucun autre condiment. Huile d&rsquo;olive extra vierge Gourmet &#8211; Safeito Safeito est notre huile d&rsquo;olive gastronomique \u00e0 vari\u00e9t\u00e9 &#8230; <a title=\"Huile Gourmet\" class=\"read-more\" href=\"https:\/\/almazaraartal.com\/fr\/boutique\/huile-gourmet\/\" aria-label=\"En savoir plus sur Huile Gourmet\">Lire plus<\/a><\/p>\n","protected":false},"author":1,"featured_media":0,"parent":8581,"menu_order":0,"comment_status":"closed","ping_status":"closed","template":"","meta":{"_joinchat":[],"footnotes":""},"class_list":["post-8611","page","type-page","status-publish"],"_links":{"self":[{"href":"https:\/\/almazaraartal.com\/fr\/wp-json\/wp\/v2\/pages\/8611","targetHints":{"allow":["GET"]}}],"collection":[{"href":"https:\/\/almazaraartal.com\/fr\/wp-json\/wp\/v2\/pages"}],"about":[{"href":"https:\/\/almazaraartal.com\/fr\/wp-json\/wp\/v2\/types\/page"}],"author":[{"embeddable":true,"href":"https:\/\/almazaraartal.com\/fr\/wp-json\/wp\/v2\/users\/1"}],"replies":[{"embeddable":true,"href":"https:\/\/almazaraartal.com\/fr\/wp-json\/wp\/v2\/comments?post=8611"}],"version-history":[{"count":1,"href":"https:\/\/almazaraartal.com\/fr\/wp-json\/wp\/v2\/pages\/8611\/revisions"}],"predecessor-version":[{"id":8613,"href":"https:\/\/almazaraartal.com\/fr\/wp-json\/wp\/v2\/pages\/8611\/revisions\/8613"}],"up":[{"embeddable":true,"href":"https:\/\/almazaraartal.com\/fr\/wp-json\/wp\/v2\/pages\/8581"}],"wp:attachment":[{"href":"https:\/\/almazaraartal.com\/fr\/wp-json\/wp\/v2\/media?parent=8611"}],"curies":[{"name":"wp","href":"https:\/\/api.w.org\/{rel}","templated":true}]}}