{"id":8616,"date":"2021-02-08T09:27:04","date_gmt":"2021-02-08T08:27:04","guid":{"rendered":"https:\/\/almazaraartal.com\/avis-juridique\/"},"modified":"2026-04-15T14:09:42","modified_gmt":"2026-04-15T12:09:42","slug":"avis-juridique","status":"publish","type":"page","link":"https:\/\/almazaraartal.com\/fr\/avis-juridique\/","title":{"rendered":"Avis juridique"},"content":{"rendered":"<p>Conform\u00e9ment \u00e0 l&rsquo;article 10 de la loi 34\/2002, du 11 juillet, sur les services de la soci\u00e9t\u00e9 de l&rsquo;information et le commerce \u00e9lectronique (LSSI+CE), nous vous informons par la pr\u00e9sente :<\/p>\n<p>Le titre de la page www.almazaraartal.com est le suivant :<\/p>\n<p>Nom de l&rsquo;entreprise : ANGEL JOSE ARTAL TOMAS<\/p>\n<p><strong>NUM\u00c9RO DE TVA : <\/strong> 17719696J<\/p>\n<p><strong>Adresse :<\/strong> Pol\u00edgono Eras Altas nave 4, punto 1, 44540 de Albalate del Arzobispo (TERUEL)<\/p>\n<p><strong>T\u00e9l\u00e9phone : <\/strong> 636904082<\/p>\n<p><strong>Courriel : <\/strong> info@almazaraartal.com<\/p>\n<p>Le pr\u00e9sent avis juridique est r\u00e9dig\u00e9 en espagnol.<\/p>\n<p><strong>Vos coordonn\u00e9es<\/strong><\/p>\n<p>Les informations ou donn\u00e9es personnelles fournies par l&rsquo;utilisateur seront trait\u00e9es conform\u00e9ment aux dispositions des politiques de protection des donn\u00e9es. L&rsquo;utilisateur d\u00e9clare que toutes les informations ou donn\u00e9es fournies sont v\u00e9ridiques et correspondent \u00e0 la r\u00e9alit\u00e9. <\/p>\n<p><strong> <\/strong><\/p>\n<p><strong>Vie priv\u00e9e\/Protection des donn\u00e9es personnelles<\/strong><\/p>\n<p>ANGEL JOSE ARTAL TOMAS respecte \u00e0 tout moment les directives du R\u00e8glement g\u00e9n\u00e9ral sur la protection des donn\u00e9es (R\u00e8glement (UE) 2016\/679) et les autres r\u00e9glementations en vigueur, et garantit l&rsquo;utilisation et le traitement corrects des donn\u00e9es personnelles de l&rsquo;utilisateur.<\/p>\n<p>&nbsp;<\/p>\n<p>\u00c0 cette fin, avec chaque formulaire de collecte de donn\u00e9es personnelles, l&rsquo;utilisateur sera inform\u00e9 de l&rsquo;existence et de l&rsquo;acceptation des conditions sp\u00e9cifiques du traitement de ses donn\u00e9es dans chaque cas, en l&rsquo;informant du responsable du traitement effectu\u00e9, de l&rsquo;adresse du responsable, de la possibilit\u00e9 d&rsquo;exercer ses droits d&rsquo;acc\u00e8s, de rectification, de suppression, d&rsquo;opposition, de limitation et de portabilit\u00e9, de la finalit\u00e9 du traitement et de la communication des donn\u00e9es \u00e0 des tiers, s&rsquo;il y a lieu.<\/p>\n<p>&nbsp;<\/p>\n<p>ANGEL JOSE ARTAL TOMAS, cr\u00e9ateur du site Web, informe qu&rsquo;il respecte la loi 34\/2002 du 11 juillet 2002 sur les services de la soci\u00e9t\u00e9 de l&rsquo;information et le commerce \u00e9lectronique et qu&rsquo;il demandera \u00e0 tout moment \u00e0 l&rsquo;utilisateur son consentement au traitement de son courrier \u00e9lectronique \u00e0 des fins commerciales.<\/p>\n<p><strong> <\/strong><\/p>\n<p><strong>Mineurs<\/strong><\/p>\n<p>Les contenus du site Web sont destin\u00e9s aux personnes majeures. ANGEL JOSE ARTAL TOMAS n&rsquo;a pas l&rsquo;intention d&rsquo;obtenir des donn\u00e9es de mineurs. Lorsque ANGEL JOSE ARTAL TOMAS aura connaissance de l&rsquo;existence dans son fichier de donn\u00e9es personnelles d&rsquo;un mineur, elle proc\u00e9dera imm\u00e9diatement \u00e0 l&rsquo;annulation desdites donn\u00e9es.  <\/p>\n<p>&nbsp;<\/p>\n<p><strong>Obligations de l&rsquo;utilisateur<\/strong><\/p>\n<p>L&rsquo;utilisateur doit \u00e0 tout moment respecter les termes et conditions \u00e9tablis par le site web.<\/p>\n<p>&nbsp;<\/p>\n<p>L&rsquo;utilisateur doit utiliser le site web de mani\u00e8re diligente et assume toute responsabilit\u00e9 pouvant d\u00e9couler d&rsquo;une violation des termes et conditions du site web.<\/p>\n<p>&nbsp;<\/p>\n<p>L&rsquo;utilisateur ne peut pas utiliser le site web pour transmettre, stocker, diffuser, promouvoir ou distribuer des donn\u00e9es ou du contenu contenant des virus ou tout autre code informatique, fichier ou programme con\u00e7u pour interrompre, d\u00e9truire ou alt\u00e9rer le fonctionnement de tout programme ou \u00e9quipement informatique ou de t\u00e9l\u00e9communication.<\/p>\n<p>&nbsp;<\/p>\n<p><strong>Propri\u00e9t\u00e9 industrielle et intellectuelle<\/strong><\/p>\n<p>ANGEL JOSE ARTAL TOMAS est titulaire, seul ou en tant que cessionnaire, de tous les droits de propri\u00e9t\u00e9 intellectuelle et industrielle de son site web, ainsi que des \u00e9l\u00e9ments qu&rsquo;il contient (y compris, mais sans s&rsquo;y limiter, les images, le son, l&rsquo;audio, la vid\u00e9o, le logiciel ou les textes ; les marques ou les logos, les combinaisons de couleurs, la structure et la conception, la s\u00e9lection des mat\u00e9riaux utilis\u00e9s, les programmes informatiques n\u00e9cessaires \u00e0 son fonctionnement, \u00e0 son acc\u00e8s et \u00e0 son utilisation, etc.)<\/p>\n<p>&nbsp;<\/p>\n<p>En vertu des dispositions des articles 8 et 32.1, deuxi\u00e8me alin\u00e9a, de la loi sur la propri\u00e9t\u00e9 intellectuelle, la reproduction, la distribution et la communication publique, y compris la mise \u00e0 disposition, de tout ou partie des contenus de ce site Web, \u00e0 des fins commerciales, sur tout support et par tout moyen technique, sont express\u00e9ment interdites sans l&rsquo;autorisation d&rsquo;ANGEL JOSE ARTAL TOMAS. Tous droits r\u00e9serv\u00e9s. <\/p>\n<p>&nbsp;<\/p>\n<p>L&rsquo;UTILISATEUR s&rsquo;engage \u00e0 respecter les droits de propri\u00e9t\u00e9 intellectuelle et industrielle d\u00e9tenus par ANGEL JOSE ARTAL TOMAS. Vous pouvez visualiser les \u00e9l\u00e9ments du portail et m\u00eame les imprimer, les copier et les stocker sur le disque dur de votre ordinateur ou sur tout autre support physique, \u00e0 condition que ce soit uniquement et exclusivement pour votre usage personnel et priv\u00e9. L&rsquo;UTILISATEUR doit s&rsquo;abstenir d&rsquo;effacer, d&rsquo;alt\u00e9rer, d&rsquo;\u00e9luder ou de manipuler tout dispositif de protection ou syst\u00e8me de s\u00e9curit\u00e9 install\u00e9 sur les pages de ANGEL JOSE ARTAL TOMAS.  <\/p>\n<p>&nbsp;<\/p>\n<p><strong>Droit d&rsquo;exclusion<\/strong><\/p>\n<p>ANGEL JOSE ARTAL TOMAS se r\u00e9serve le droit de refuser ou de retirer l&rsquo;acc\u00e8s au portail et\/ou aux services offerts sans avis pr\u00e9alable, \u00e0 sa propre demande ou \u00e0 la demande d&rsquo;un tiers, aux utilisateurs qui ne respectent pas les conditions d&rsquo;utilisation du portail.<\/p>\n<p>ANGEL JOSE ARTAL TOMAS poursuivra la violation des conditions d&rsquo;utilisation du portail, ainsi que toute utilisation impropre de son portail, en exer\u00e7ant toutes les actions civiles et p\u00e9nales qui peuvent lui correspondre en vertu de la loi.<\/p>\n<p><strong> <\/strong><\/p>\n<p><strong>Modifications et liens<\/strong><\/p>\n<p>ANGEL JOSE ARTAL TOMAS se r\u00e9serve le droit d&rsquo;effectuer les modifications inopin\u00e9es qu&rsquo;il juge opportunes sur son site web, et peut modifier, supprimer ou ajouter des contenus et des services qu&rsquo;il fournit et la mani\u00e8re dont ils sont pr\u00e9sent\u00e9s ou situ\u00e9s, ainsi que dans les Conditions G\u00e9n\u00e9rales de Contrat d\u00e9termin\u00e9es ici.<\/p>\n<p>&nbsp;<\/p>\n<p>ANGEL JOSE ARTAL TOMAS n&rsquo;est pas responsable de la mauvaise utilisation des contenus de son site web, qui rel\u00e8ve de la seule responsabilit\u00e9 de la personne qui y acc\u00e8de ou les utilise.<\/p>\n<p>&nbsp;<\/p>\n<p>Dans le cas o\u00f9 www.almazaraartal.com contiendrait des liens ou des hyperliens vers d&rsquo;autres sites Internet, ANGEL JOSE ARTAL TOMAS, cr\u00e9ateur du site Web, n&rsquo;exercera aucun type de contr\u00f4le sur ces sites et leur contenu. ANGEL JOSE ARTAL TOMAS, cr\u00e9ateur du site web, n&rsquo;assumera en aucun cas la responsabilit\u00e9 du contenu de tout lien appartenant \u00e0 un autre site web, ni ne garantira la disponibilit\u00e9 technique, la qualit\u00e9, la fiabilit\u00e9, la pr\u00e9cision, l&rsquo;exhaustivit\u00e9, l&rsquo;exactitude, la v\u00e9racit\u00e9, la validit\u00e9 et la constitutionnalit\u00e9 de tout mat\u00e9riel ou information contenu dans l&rsquo;un de ces hyperliens ou dans d&rsquo;autres sites web. De m\u00eame, l&rsquo;inclusion de ces connexions externes n&rsquo;implique aucun type d&rsquo;association, de fusion ou de participation avec les entit\u00e9s connect\u00e9es.  <\/p>\n<p><strong> <\/strong><\/p>\n<p><strong>Droit applicable et juridiction comp\u00e9tente<\/strong><\/p>\n<p>Les conditions d&rsquo;utilisation de la page Web contenues dans le pr\u00e9sent avis l\u00e9gal, ainsi que la relation entre l&rsquo;utilisateur et ANGEL JOSE ARTAL TOMAS, seront r\u00e9gies et interpr\u00e9t\u00e9es conform\u00e9ment \u00e0 la l\u00e9gislation espagnole. Pour la r\u00e9solution de tout conflit pouvant survenir, l&rsquo;utilisateur et ANGEL JOSE ARTAL TOMAS se soumettent express\u00e9ment \u00e0 la juridiction des cours et tribunaux de la ville de TERUEL, en renon\u00e7ant express\u00e9ment \u00e0 toute autre juridiction qui pourrait leur correspondre. <\/p>\n","protected":false},"excerpt":{"rendered":"<p>Conform\u00e9ment \u00e0 l&rsquo;article 10 de la loi 34\/2002, du 11 juillet, sur les services de la soci\u00e9t\u00e9 de l&rsquo;information et le commerce \u00e9lectronique (LSSI+CE), nous vous informons par la pr\u00e9sente : Le titre de la page www.almazaraartal.com est le suivant : Nom de l&rsquo;entreprise : ANGEL JOSE ARTAL TOMAS NUM\u00c9RO DE TVA : 17719696J Adresse &#8230; <a title=\"Avis juridique\" class=\"read-more\" href=\"https:\/\/almazaraartal.com\/fr\/avis-juridique\/\" aria-label=\"Read more about Avis juridique\">Lire plus<\/a><\/p>\n","protected":false},"author":1,"featured_media":0,"parent":0,"menu_order":0,"comment_status":"closed","ping_status":"closed","template":"","meta":{"_joinchat":[],"footnotes":""},"class_list":["post-8616","page","type-page","status-publish"],"_links":{"self":[{"href":"https:\/\/almazaraartal.com\/fr\/wp-json\/wp\/v2\/pages\/8616","targetHints":{"allow":["GET"]}}],"collection":[{"href":"https:\/\/almazaraartal.com\/fr\/wp-json\/wp\/v2\/pages"}],"about":[{"href":"https:\/\/almazaraartal.com\/fr\/wp-json\/wp\/v2\/types\/page"}],"author":[{"embeddable":true,"href":"https:\/\/almazaraartal.com\/fr\/wp-json\/wp\/v2\/users\/1"}],"replies":[{"embeddable":true,"href":"https:\/\/almazaraartal.com\/fr\/wp-json\/wp\/v2\/comments?post=8616"}],"version-history":[{"count":1,"href":"https:\/\/almazaraartal.com\/fr\/wp-json\/wp\/v2\/pages\/8616\/revisions"}],"predecessor-version":[{"id":8617,"href":"https:\/\/almazaraartal.com\/fr\/wp-json\/wp\/v2\/pages\/8616\/revisions\/8617"}],"wp:attachment":[{"href":"https:\/\/almazaraartal.com\/fr\/wp-json\/wp\/v2\/media?parent=8616"}],"curies":[{"name":"wp","href":"https:\/\/api.w.org\/{rel}","templated":true}]}}