{"id":8619,"date":"2021-02-08T09:43:13","date_gmt":"2021-02-08T08:43:13","guid":{"rendered":"https:\/\/almazaraartal.com\/politique-de-confidentialite\/"},"modified":"2026-04-15T14:09:48","modified_gmt":"2026-04-15T12:09:48","slug":"politique-de-confidentialite","status":"publish","type":"page","link":"https:\/\/almazaraartal.com\/fr\/politique-de-confidentialite\/","title":{"rendered":"Politique de confidentialit\u00e9"},"content":{"rendered":"<p>ANGEL JOSE ARTAL TOMAS (ALMAZARA ARTAL, ci-apr\u00e8s) conform\u00e9ment aux dispositions du R\u00e8glement g\u00e9n\u00e9ral sur la protection des donn\u00e9es (RGPD 2016\/679), informe les utilisateurs du site web www.almazaraartal.com :<\/p>\n<p><strong><\/strong><\/p>\n<p><strong>Qui est responsable du traitement de vos donn\u00e9es ?<\/strong><\/p>\n<p>Les donn\u00e9es fournies par l&rsquo;utilisateur \u00e0 travers les formulaires de ce site web seront incorpor\u00e9es au traitement dont le responsable est ALMAZARA ARTAL avec CIF 17719696J et l&rsquo;adresse aux fins de notification \u00e0 Pol\u00edgono Eras Altas nave 4, point 1, 44540 de Albalate del Arzobispo (TERUEL) (ESPAGNE).<\/p>\n<p>Vous pouvez nous contacter par t\u00e9l\u00e9phone \u00e0 l&rsquo;adresse 636904082 ou par courrier \u00e9lectronique \u00e0 l&rsquo;adresse info@almazaraartal.com.<\/p>\n<p>&nbsp;<\/p>\n<p><strong>Dans quel but collectons-nous vos donn\u00e9es et quelle est la base juridique du traitement de vos donn\u00e9es ?<\/strong><\/p>\n<p><u>DONN\u00c9ES PERSONNELLES DES CLIENTS<\/u><\/p>\n<table style=\"background-color:#eadb99;\">\n<tbody>\n<tr style=\"background-color:#42494e; color:#e8cb4f;font-weight: 700;\">\n<td width=\"288\">BUT<\/td>\n<td width=\"288\">BASE JURIDIQUE<\/td>\n<\/tr>\n<tr>\n<td width=\"288\">\n<p>&nbsp;<\/p>\n<p>Budg\u00e9tisation des services demand\u00e9s<\/p>\n<\/td>\n<td width=\"288\">\n<p>&nbsp;<\/p>\n<p>Il s&rsquo;agit de l&rsquo;ex\u00e9cution de mesures pr\u00e9contractuelles \u00e0 la demande de la partie int\u00e9ress\u00e9e (budgets).<\/p>\n<p>&nbsp;<\/p>\n<\/td>\n<\/tr>\n<tr>\n<td width=\"288\">\n<p>Fourniture des services demand\u00e9s<\/p>\n<p>&nbsp;<\/p>\n<\/td>\n<td width=\"288\">C&rsquo;est l&rsquo;ex\u00e9cution d&rsquo;un contrat<\/td>\n<\/tr>\n<tr>\n<td width=\"288\">Gestion interne client-entreprise<\/td>\n<td width=\"288\">\n<p>ALMAZARA ARTAL a l&rsquo;obligation l\u00e9gale de se conformer \u00e0 ses obligations fiscales.<\/p>\n<p>&nbsp;<\/p>\n<\/td>\n<\/tr>\n<tr>\n<td width=\"288\">Gestion administrative de notre entreprise<\/td>\n<td width=\"288\">\n<p>C&rsquo;est l&rsquo;ex\u00e9cution d&rsquo;un contrat<\/p>\n<p>&nbsp;<\/p>\n<\/td>\n<\/tr>\n<tr>\n<td width=\"288\">Facturation des services demand\u00e9s, le cas \u00e9ch\u00e9ant<\/td>\n<td width=\"288\">\n<p>ALMAZARA ARTAL a l&rsquo;obligation l\u00e9gale de se conformer \u00e0 ses obligations fiscales.<\/p>\n<p>&nbsp;<\/p>\n<\/td>\n<\/tr>\n<tr>\n<td width=\"288\">Envoi d&rsquo;informations commerciales<\/td>\n<td width=\"288\">Il s&rsquo;agit du consentement<\/td>\n<\/tr>\n<\/tbody>\n<\/table>\n<p>&nbsp;<\/p>\n<p><u>DONN\u00c9ES PERSONNELLES DES FOURNISSEURS<\/u><\/p>\n<table style=\"background-color:#eadb99;\">\n<tbody>\n<tr style=\"background-color:#42494e; color:#e8cb4f;font-weight: 700;\">\n<td width=\"288\">BUT<\/td>\n<td width=\"288\">BASE JURIDIQUE<\/td>\n<\/tr>\n<tr>\n<td width=\"288\">\n<p>&nbsp;<\/p>\n<p>Gestion du service fourni et\/ou de l&rsquo;approvisionnement en produits<\/p>\n<p>&nbsp;<\/p>\n<\/td>\n<td width=\"288\">\n<p>&nbsp;<\/p>\n<p>C&rsquo;est l&rsquo;ex\u00e9cution d&rsquo;un contrat<\/p>\n<p>&nbsp;<\/p>\n<\/td>\n<\/tr>\n<tr>\n<td width=\"288\">Gestion interne fournisseur-entreprise<\/td>\n<td width=\"288\">\n<p>ALMAZARA ARTAL a l&rsquo;obligation l\u00e9gale de se conformer \u00e0 ses obligations fiscales.<\/p>\n<p>&nbsp;<\/p>\n<\/td>\n<\/tr>\n<tr>\n<td width=\"288\">Gestion administrative de notre entreprise<\/td>\n<td width=\"288\">\n<p>C&rsquo;est l&rsquo;ex\u00e9cution d&rsquo;un contrat<\/p>\n<p>&nbsp;<\/p>\n<\/td>\n<\/tr>\n<tr>\n<td width=\"288\">Le paiement des services rendus, le cas \u00e9ch\u00e9ant.<\/td>\n<td width=\"288\">ALMAZARA ARTAL a l&rsquo;obligation l\u00e9gale de respecter ses obligations fiscales.<\/td>\n<\/tr>\n<tr>\n<td width=\"288\"><\/td>\n<td width=\"288\"><\/td>\n<\/tr>\n<\/tbody>\n<\/table>\n<p>&nbsp;<\/p>\n<p><u>DONN\u00c9ES PERSONNELLES DES CANDIDATS<\/u><\/p>\n<table style=\"background-color:#eadb99;\">\n<tbody>\n<tr style=\"background-color:#42494e; color:#e8cb4f;font-weight: 700;\">\n<td width=\"288\">BUT<\/td>\n<td width=\"288\">BASE JURIDIQUE<\/td>\n<\/tr>\n<tr>\n<td width=\"288\">\n<p>&nbsp;<\/p>\n<p>Que le candidat puisse participer aux processus de s\u00e9lection men\u00e9s par ALMAZARA ARTAL.<\/p>\n<p>&nbsp;<\/p>\n<\/td>\n<td width=\"288\">\n<p>&nbsp;<\/p>\n<p>Il s&rsquo;agit du consentement du candidat<\/p>\n<p>&nbsp;<\/p>\n<\/td>\n<\/tr>\n<\/tbody>\n<\/table>\n<p>&nbsp;<\/p>\n<p><u>DONN\u00c9ES PERSONNELLES COLLECT\u00c9ES SUR NOTRE SITE WEB<\/u><\/p>\n<p>&nbsp;<\/p>\n<p>En outre, ce site web recueille des donn\u00e9es personnelles par le biais de diff\u00e9rents formulaires. Les donn\u00e9es demand\u00e9es dans chaque formulaire sont celles qui sont n\u00e9cessaires aux fins pour lesquelles elles sont collect\u00e9es. Les finalit\u00e9s du traitement sont les suivantes :  <\/p>\n<p>&nbsp;<\/p>\n<p><u>FORMULAIRE DE CONTACT<\/u><\/p>\n<table style=\"background-color:#eadb99;\">\n<tbody>\n<tr style=\"background-color:#42494e; color:#e8cb4f;font-weight: 700;\">\n<td width=\"288\">BUT<\/td>\n<td width=\"288\">BASE JURIDIQUE<\/td>\n<\/tr>\n<tr>\n<td width=\"288\">\n<p>&nbsp;<\/p>\n<p>Pour pouvoir r\u00e9pondre aux questions pos\u00e9es et envoyer les informations demand\u00e9es \u00e0 l&rsquo;utilisateur par l&rsquo;interm\u00e9diaire de l&rsquo;adresse \u00e9lectronique ou du num\u00e9ro de t\u00e9l\u00e9phone indiqu\u00e9 sur le formulaire.<\/p>\n<\/td>\n<td width=\"288\">\n<p>&nbsp;<\/p>\n<p>Il s&rsquo;agit du consentement de l&rsquo;utilisateur<\/p>\n<p>&nbsp;<\/p>\n<\/td>\n<\/tr>\n<\/tbody>\n<\/table>\n<p>&nbsp;<\/p>\n<p><u>FORMULAIRE DE COMPTE D&rsquo;UTILISATEUR<\/u><\/p>\n<table style=\"background-color:#eadb99;\">\n<tbody>\n<tr style=\"background-color:#42494e; color:#e8cb4f;font-weight: 700;\">\n<td width=\"288\">BUT<\/td>\n<td width=\"288\">BASE JURIDIQUE<\/td>\n<\/tr>\n<tr>\n<td width=\"288\">\n<p>&nbsp;<\/p>\n<p>G\u00e9rer l&rsquo;enregistrement de l&rsquo;utilisateur. L&rsquo;utilisateur ne pourra effectuer des achats que s&rsquo;il est enregistr\u00e9. En s&rsquo;enregistrant, l&rsquo;utilisateur acc\u00e8dera aux futurs achats avec son nom d&rsquo;utilisateur et son mot de passe et pourra, en plus d&rsquo;effectuer des achats, consulter l&rsquo;historique de ses achats, etc.  <\/p>\n<p>&nbsp;<\/p>\n<\/td>\n<td width=\"288\">\n<p>&nbsp;<\/p>\n<p>Il s&rsquo;agit du consentement de l&rsquo;utilisateur<\/p>\n<p>&nbsp;<\/p>\n<\/td>\n<\/tr>\n<tr>\n<td width=\"288\">Traitement de l&rsquo;achat effectu\u00e9 par l&rsquo;utilisateur<\/td>\n<td width=\"288\">Il s&rsquo;agit de l&rsquo;ex\u00e9cution d&rsquo;un contrat<\/td>\n<\/tr>\n<tr>\n<td width=\"288\"><\/td>\n<td width=\"288\"><\/td>\n<\/tr>\n<tr>\n<td width=\"288\">Gestion interne client-entreprise<\/td>\n<td width=\"288\">\n<p>ALMAZARA ARTAL a l&rsquo;obligation l\u00e9gale de se conformer \u00e0 ses obligations fiscales.<\/p>\n<p>&nbsp;<\/p>\n<\/td>\n<\/tr>\n<tr>\n<td width=\"288\">Gestion administrative de notre entreprise<\/td>\n<td width=\"288\">\n<p>C&rsquo;est l&rsquo;ex\u00e9cution d&rsquo;un contrat<\/p>\n<p>&nbsp;<\/p>\n<\/td>\n<\/tr>\n<tr>\n<td width=\"288\">Facturation des services demand\u00e9s, le cas \u00e9ch\u00e9ant<\/td>\n<td width=\"288\">\n<p>ALMAZARA ARTAL a l&rsquo;obligation l\u00e9gale de se conformer \u00e0 ses obligations fiscales.<\/p>\n<p>&nbsp;<\/p>\n<\/td>\n<\/tr>\n<tr>\n<td width=\"288\">Inscrire l&rsquo;utilisateur au bulletin d&rsquo;information de l&rsquo;entreprise, gr\u00e2ce auquel il recevra des informations sur les offres, les promotions, les produits et les activit\u00e9s men\u00e9es par l&rsquo;entreprise. Une fois l&rsquo;utilisateur inscrit, il recevra un courrier \u00e9lectronique confirmant son inscription \u00e0 la lettre d&rsquo;information.<\/td>\n<td width=\"288\">Il s&rsquo;agit du consentement<\/td>\n<\/tr>\n<\/tbody>\n<\/table>\n<p>&nbsp;<\/p>\n<p><u>ADRESSE \u00c9LECTRONIQUE<\/u><\/p>\n<table style=\"background-color:#eadb99;\">\n<tbody>\n<tr style=\"background-color:#42494e; color:#e8cb4f;font-weight: 700;\">\n<td width=\"288\">BUT<\/td>\n<td width=\"288\">BASE JURIDIQUE<\/td>\n<\/tr>\n<tr>\n<td width=\"288\">\n<p>&nbsp;<\/p>\n<p>Si l&rsquo;utilisateur nous contacte par l&rsquo;interm\u00e9diaire de l&rsquo;adresse \u00e9lectronique publi\u00e9e sur ce site, ses donn\u00e9es seront trait\u00e9es afin de r\u00e9pondre aux questions pos\u00e9es et de lui envoyer les informations demand\u00e9es par l&rsquo;interm\u00e9diaire de l&rsquo;adresse \u00e9lectronique par laquelle la demande a \u00e9t\u00e9 re\u00e7ue.<\/p>\n<\/td>\n<td width=\"288\">\n<p>&nbsp;<\/p>\n<p>Il est dans l&rsquo;int\u00e9r\u00eat l\u00e9gitime de notre entreprise de r\u00e9pondre aux communications re\u00e7ues.<\/p>\n<\/td>\n<\/tr>\n<\/tbody>\n<\/table>\n<p>&nbsp;<\/p>\n<p><strong>Quelle cat\u00e9gorie de donn\u00e9es traitons-nous ?<\/strong><\/p>\n<p><span style=\"font-size: 16px;\">Les donn\u00e9es collect\u00e9es, y compris mais sans s&rsquo;y limiter, se r\u00e9f\u00e8rent \u00e0 la cat\u00e9gorie des donn\u00e9es d&rsquo;identification, telles que : le nom et le pr\u00e9nom, le t\u00e9l\u00e9phone, l&rsquo;adresse postale, la soci\u00e9t\u00e9, l&rsquo;e-mail, ainsi que l&rsquo;adresse IP \u00e0 partir de laquelle vous acc\u00e9dez au formulaire de collecte de donn\u00e9es.<\/span><\/p>\n<p>&nbsp;<\/p>\n<p><strong>Combien de temps conservons-nous vos donn\u00e9es ?<\/strong><\/p>\n<p><u style=\"font-size: 16px;\">LES DONN\u00c9ES PERSONNELLES DES CLIENTS ET DES FOURNISSEURS<\/u><span style=\"font-size: 16px;\"> <\/span><\/p>\n<p>Les donn\u00e9es personnelles fournies seront conserv\u00e9es aussi longtemps que la relation commerciale est maintenue ou que l&rsquo;utilisateur demande leur suppression. Une fois la relation commerciale termin\u00e9e, les donn\u00e9es seront conserv\u00e9es aussi longtemps qu&rsquo;il sera n\u00e9cessaire de respecter les obligations l\u00e9gales. Une fois que les responsabilit\u00e9s d\u00e9coulant desdites obligations l\u00e9gales auront expir\u00e9, vos donn\u00e9es seront supprim\u00e9es.  <\/p>\n<p>Les donn\u00e9es personnelles n\u00e9cessaires \u00e0 l&rsquo;envoi de communications commerciales, si vous avez donn\u00e9 votre consentement, seront conserv\u00e9es tant que vous n&rsquo;en demanderez pas la suppression.<\/p>\n<p><u style=\"font-size: 16px;\"><\/u><\/p>\n<p><u style=\"font-size: 16px;\">DONN\u00c9ES PERSONNELLES DES CANDIDATS<\/u><\/p>\n<p><span style=\"font-size: 16px;\">Les donn\u00e9es fournies par le candidat seront conserv\u00e9es pendant un an.<\/span><\/p>\n<p>&nbsp;<\/p>\n<p><u>DONN\u00c9ES PERSONNELLES FORMULAIRES DU SITE WEB<\/u><\/p>\n<p> <span style=\"font-size: 16px;\">Les donn\u00e9es collect\u00e9es par le biais des formulaires de notre site web seront conserv\u00e9es tant que l&rsquo;utilisateur n&rsquo;en demandera pas la suppression.<\/span><\/p>\n<p><strong> <\/strong><\/p>\n<p><strong>Profilons-nous vos donn\u00e9es ?<\/strong><\/p>\n<p><span style=\"font-size: 16px;\">Aucune d\u00e9cision automatis\u00e9e ne sera prise et aucun profilage ne sera effectu\u00e9.<\/span><\/p>\n<p><strong> <\/strong><\/p>\n<p><strong>\u00c0 qui transmettons-nous vos donn\u00e9es ?<\/strong><\/p>\n<p><span style=\"font-size: 16px;\">Aucun transfert de donn\u00e9es ou transfert international de vos donn\u00e9es n&rsquo;est pr\u00e9vu, \u00e0 l&rsquo;exception de ceux autoris\u00e9s par la l\u00e9gislation fiscale, commerciale et des t\u00e9l\u00e9communications, ainsi que dans les cas o\u00f9 une autorit\u00e9 judiciaire nous y oblige.<\/span><\/p>\n<p>&nbsp;<\/p>\n<p>ALMAZARA ARTAL peut partager des donn\u00e9es personnelles avec des entreprises externes qui fournissent des services \u00e0 ALMAZARA ARTAL. Un contrat de confidentialit\u00e9 est formalis\u00e9 avec toutes ces entreprises afin de garantir l&rsquo;utilisation des donn\u00e9es personnelles conform\u00e9ment aux exigences de la r\u00e9glementation en vigueur en mati\u00e8re de protection des donn\u00e9es. \u00c0 titre d&rsquo;exemple et sans \u00eatre exhaustif, ces soci\u00e9t\u00e9s peuvent \u00eatre :  <\/p>\n<ul>\n<li>Conseil fiscal et comptable.<\/li>\n<li>Soci\u00e9t\u00e9s informatiques.<\/li>\n<\/ul>\n<p>&nbsp;<\/p>\n<p>En outre, ALMAZARA ARTAL peut partager des donn\u00e9es personnelles avec des entreprises externes, qui sont responsables, afin de pouvoir d\u00e9velopper correctement l&rsquo;activit\u00e9. A titre d&rsquo;exemple et sans \u00eatre exhaustif, ces soci\u00e9t\u00e9s peuvent \u00eatre : <\/p>\n<ul>\n<li>Entreprises de transport<\/li>\n<\/ul>\n<p>&nbsp;<\/p>\n<p><strong>Quels sont les tiers qui fournissent des services sur ce site web ?<\/strong><\/p>\n<p>Les fournisseurs de services suivants sont utilis\u00e9s pour le d\u00e9veloppement de ce site web :<\/p>\n<p><span style=\"font-size: 16px;\">H\u00e9bergement : Les serveurs sur lesquels notre site web est h\u00e9berg\u00e9 sont situ\u00e9s dans l&rsquo;UE. Ils utilisent des protocoles s\u00e9curis\u00e9s afin que la communication des donn\u00e9es se fasse par un canal crypt\u00e9. <\/span><\/p>\n<p><strong> <\/strong><\/p>\n<p><strong>Quels sont vos droits et comment pouvez-vous les exercer ?<\/strong><\/p>\n<p><span style=\"font-size: 16px;\">L&rsquo;utilisateur a le droit <\/span><u style=\"font-size: 16px;\">d&rsquo;acc\u00e9der<\/u> <span style=\"font-size: 16px;\"> \u00e0 ses donn\u00e9es personnelles, de demander la <\/span><u style=\"font-size: 16px;\">rectification<\/u> <span style=\"font-size: 16px;\"> des donn\u00e9es inexactes, ainsi qu&rsquo;\u00e0 leur <\/span><u style=\"font-size: 16px;\">suppression<\/u>  <span style=\"font-size: 16px;\">  lorsque, entre autres raisons, elles ne sont plus n\u00e9cessaires aux fins pour lesquelles elles ont \u00e9t\u00e9 collect\u00e9es. Dans certaines circonstances, vous pouvez \u00e9galement demander au   <\/span><u style=\"font-size: 16px;\">limitation<\/u> <span style=\"font-size: 16px;\"> de leur traitement, auquel cas elles ne seront conserv\u00e9es qu&rsquo;aux fins d&rsquo;exercer ou de d\u00e9fendre des r\u00e9clamations, ainsi que pour demander la <\/span><u style=\"font-size: 16px;\">portabilit\u00e9<\/u><span style=\"font-size: 16px;\">  de vos donn\u00e9es. Pour des raisons tenant \u00e0 votre situation particuli\u00e8re, vous pouvez   <\/span><u style=\"font-size: 16px;\">objet<\/u><span style=\"font-size: 16px;\">  ALMAZARA ARTAL cessera de les traiter, sauf pour des raisons l\u00e9gitimes imp\u00e9rieuses, ou pour l&rsquo;exercice ou la d\u00e9fense d&rsquo;\u00e9ventuelles r\u00e9clamations.<\/span><\/p>\n<p>Le demandeur peut <u>r\u00e9voquer les consentements<\/u> donn\u00e9s \u00e0 tout moment. Le demandeur peut exercer ses droits par courrier \u00e9lectronique \u00e0 l&rsquo;adresse info@almazaraartal.com ou dans les bureaux situ\u00e9s \u00e0 Pol\u00edgono Eras Altas nave 4, point 1, 44540 Albalate del Arzobispo (TERUEL), en joignant une photocopie de sa carte d&rsquo;identit\u00e9 nationale et en indiquant le droit qu&rsquo;il exerce. Vous pouvez \u00e9galement d\u00e9poser une plainte aupr\u00e8s de l&rsquo;Agence espagnole de protection des donn\u00e9es.  <\/p>\n<p><strong> <\/strong><\/p>\n<p><strong>Quelles sont les mesures de s\u00e9curit\u00e9 mises en place ?<\/strong><\/p>\n<p><span style=\"font-size: 16px;\">Dans le cadre de notre engagement \u00e0 garantir la s\u00e9curit\u00e9 et la confidentialit\u00e9 de vos donn\u00e9es personnelles, nous vous informons que nous avons adopt\u00e9 les mesures techniques et organisationnelles n\u00e9cessaires pour garantir la s\u00e9curit\u00e9 de vos donn\u00e9es personnelles et emp\u00eacher leur alt\u00e9ration, perte, traitement ou acc\u00e8s non autoris\u00e9, compte tenu de l&rsquo;\u00e9tat de la technologie, de la nature des donn\u00e9es stock\u00e9es et des risques auxquels elles sont expos\u00e9es, conform\u00e9ment \u00e0 l&rsquo;art. 32 du RGPD UE 679\/2016.<\/span><\/p>\n<p>&nbsp;<\/p>\n<p><strong>Comment fonctionnent nos r\u00e9seaux sociaux ?<\/strong><\/p>\n<p><span style=\"font-size: 16px;\">Gr\u00e2ce \u00e0 nos r\u00e9seaux sociaux, vous pouvez partager nos contenus ou nous laisser vos commentaires, photos ou vid\u00e9os, pour autant qu&rsquo;ils int\u00e9ressent l&rsquo;ensemble de la communaut\u00e9.<\/span><\/p>\n<p><span style=\"font-size: 16px;\">Nos r\u00e9seaux sociaux sont surveill\u00e9s en permanence afin de r\u00e9pondre \u00e0 vos questions et commentaires dans les plus brefs d\u00e9lais.<\/span><\/p>\n<p><span style=\"font-size: 16px;\">Nous voulons qu&rsquo;il s&rsquo;agisse d&rsquo;un espace dont nous pouvons tous profiter, il est donc important que nous respections tous les r\u00e8gles de coexistence :<\/span><\/p>\n<p>&nbsp;<\/p>\n<ol>\n<li>Vous \u00eates responsable du contenu que vous publiez, ne violez aucun droit, loi ou r\u00e8glement.<\/li>\n<\/ol>\n<ol start=\"2\">\n<li>Soignez la formulation et le ton, \u00e9vitez de publier des informations injurieuses, diffamatoires ou obsc\u00e8nes.<\/li>\n<\/ol>\n<ol start=\"3\">\n<li>Respectez le droit \u00e0 la vie priv\u00e9e, ne faites pas de commentaires ill\u00e9gaux, offensants ou discriminatoires sur les autres.<\/li>\n<\/ol>\n<ol start=\"4\">\n<li>\u00c9vitez les commentaires frauduleux, trompeurs ou mensongers.<\/li>\n<\/ol>\n<ol start=\"5\">\n<li>Nous n&rsquo;autorisons pas les spams, les messages commerciaux ou publicitaires, nous ne voulons pas de messages r\u00e9p\u00e9titifs.<\/li>\n<\/ol>\n<ol start=\"6\">\n<li>Nous n&rsquo;engagerons pas de conversation avec des profils que nous pourrions consid\u00e9rer comme faux.<\/li>\n<\/ol>\n<p>&nbsp;<\/p>\n<p>Veuillez noter que le contenu affich\u00e9 par les adeptes sur nos pages ne refl\u00e8te pas n\u00e9cessairement les opinions de notre entreprise.<\/p>\n<p>Si vos commentaires ne sont pas conformes aux \u00ab\u00a0r\u00e8gles de la maison\u00a0\u00bb, ils peuvent \u00eatre supprim\u00e9s, masqu\u00e9s ou bloqu\u00e9s. Toute personne publiant un contenu non autoris\u00e9 sera exclue de la communaut\u00e9. <\/p>\n<p>Nous nous r\u00e9servons le droit de modifier ces r\u00e8gles \u00e0 tout moment et sans pr\u00e9avis.<\/p>\n","protected":false},"excerpt":{"rendered":"<p>ANGEL JOSE ARTAL TOMAS (ALMAZARA ARTAL, ci-apr\u00e8s) conform\u00e9ment aux dispositions du R\u00e8glement g\u00e9n\u00e9ral sur la protection des donn\u00e9es (RGPD 2016\/679), informe les utilisateurs du site web www.almazaraartal.com : Qui est responsable du traitement de vos donn\u00e9es ? Les donn\u00e9es fournies par l&rsquo;utilisateur \u00e0 travers les formulaires de ce site web seront incorpor\u00e9es au traitement dont &#8230; <a title=\"Politique de confidentialit\u00e9\" class=\"read-more\" href=\"https:\/\/almazaraartal.com\/fr\/politique-de-confidentialite\/\" aria-label=\"En savoir plus sur Politique de confidentialit\u00e9\">Lire plus<\/a><\/p>\n","protected":false},"author":1,"featured_media":0,"parent":0,"menu_order":0,"comment_status":"closed","ping_status":"closed","template":"","meta":{"_joinchat":[],"footnotes":""},"class_list":["post-8619","page","type-page","status-publish"],"_links":{"self":[{"href":"https:\/\/almazaraartal.com\/fr\/wp-json\/wp\/v2\/pages\/8619","targetHints":{"allow":["GET"]}}],"collection":[{"href":"https:\/\/almazaraartal.com\/fr\/wp-json\/wp\/v2\/pages"}],"about":[{"href":"https:\/\/almazaraartal.com\/fr\/wp-json\/wp\/v2\/types\/page"}],"author":[{"embeddable":true,"href":"https:\/\/almazaraartal.com\/fr\/wp-json\/wp\/v2\/users\/1"}],"replies":[{"embeddable":true,"href":"https:\/\/almazaraartal.com\/fr\/wp-json\/wp\/v2\/comments?post=8619"}],"version-history":[{"count":1,"href":"https:\/\/almazaraartal.com\/fr\/wp-json\/wp\/v2\/pages\/8619\/revisions"}],"predecessor-version":[{"id":8620,"href":"https:\/\/almazaraartal.com\/fr\/wp-json\/wp\/v2\/pages\/8619\/revisions\/8620"}],"wp:attachment":[{"href":"https:\/\/almazaraartal.com\/fr\/wp-json\/wp\/v2\/media?parent=8619"}],"curies":[{"name":"wp","href":"https:\/\/api.w.org\/{rel}","templated":true}]}}