{"id":9360,"date":"2021-04-05T11:19:53","date_gmt":"2021-04-05T09:19:53","guid":{"rendered":"https:\/\/almazaraartal.com\/boutique\/huile-dolive-extra-vierge-arbequina\/"},"modified":"2021-04-05T11:19:53","modified_gmt":"2021-04-05T09:19:53","slug":"huile-dolive-extra-vierge-arbequina","status":"publish","type":"page","link":"https:\/\/almazaraartal.com\/fr\/boutique\/huile-dolive-extra-vierge-arbequina\/","title":{"rendered":"Huile d&rsquo;olive extra vierge Arbequina"},"content":{"rendered":"<h1>Acheter l&rsquo;huile d&rsquo;olive extra vierge Arbequina<\/h1>\n<p>Voulez-vous <strong>acheter de l&rsquo;huile d&rsquo;olive EXTRA VIERGE arbequina<\/strong>? D\u00e9couvrez notre huile la plus pris\u00e9e, fabriqu\u00e9e dans notre moulin \u00e0 huile et envoy\u00e9e directement dans votre cuisine, sans interm\u00e9diaire, de mani\u00e8re simple et naturelle. <\/p>\n<p>Les saveurs nous permettent de voyager dans le temps, de nous souvenir des plats que nous avons mang\u00e9s depuis notre enfance. Ceux qui nous rappellent notre famille. Et dans ces plats, il y avait toujours un ingr\u00e9dient fondamental : une bonne huile d&rsquo;olive EXTRA VIERGE, n&rsquo;est-ce pas ?  <\/p>\n<p>Notre huile est \u00e9nigmatique, unique et de la plus haute qualit\u00e9. Nous prenons soin de la croissance de nos oliviers, de la r\u00e9colte de leurs olives et de la production d&rsquo;une huile d&rsquo;olive extra vierge bas\u00e9e sur la tradition et la durabilit\u00e9 de notre plan\u00e8te. <\/p>\n<p>Nous prenons soin de nos oliviers, de notre terre. Nous prenons soin de chaque d\u00e9tail de notre huile d&rsquo;olive arbequina EXTRA VIRGIN, et nous soignons nos processus de production pour que les propri\u00e9t\u00e9s de cet or liquide que nous aimons tant ne soient pas alt\u00e9r\u00e9es, et que vous puissiez b\u00e9n\u00e9ficier de chacune d&rsquo;entre elles. <\/p>\n<h2>Huile d&rsquo;arbequina<\/h2>\n<p>Notre <strong>huile d&rsquo;arbequina<\/strong> n&rsquo;est pas une huile comme les autres, c&rsquo;est un produit qui a du caract\u00e8re, de la personnalit\u00e9.<\/p>\n<p>L&rsquo;avez-vous essay\u00e9 ? Chacune de ses notes douces est capable de satisfaire les palais les plus exigeants. <\/p>\n<p>C&rsquo;est une huile qui brille par sa d\u00e9licatesse et ses ar\u00f4mes fruit\u00e9s. Elle s&rsquo;adapte \u00e0 toutes sortes de recettes sucr\u00e9es et sal\u00e9es ; utilisez-la dans un grand nombre de plats pour leur donner une touche sp\u00e9ciale et distingu\u00e9e. <\/p>\n<p>L&rsquo;ajout de cet ingr\u00e9dient \u00e0 votre petit-d\u00e9jeuner, votre d\u00e9jeuner ou votre d\u00eener est id\u00e9al si vous souhaitez donner du go\u00fbt \u00e0 vos plats tout en prenant soin de vous. En effet, l&rsquo;huile d&rsquo;arbequina contient un pourcentage \u00e9lev\u00e9 d&rsquo;<strong>acide ol\u00e9ique<\/strong>, ce qui vous permettra de r\u00e9duire votre taux de \u00ab\u00a0mauvais\u00a0\u00bb cholest\u00e9rol ou cholest\u00e9rol LDL. <\/p>\n<p>Nous vous proposons une huile d&rsquo;olive qui prend soin de vous, qui contribue \u00e0 votre bien-\u00eatre et qui rehausse la saveur de vos plats. L&rsquo;\u00e9quilibre parfait entre saveur et qualit\u00e9, de notre moulin \u00e0 huile \u00e0 votre domicile. <\/p>\n<h2>Huile d&rsquo;olive extra vierge arbequina<\/h2>\n<p>Nous avons travaill\u00e9 dur sur notre <strong>huile d&rsquo;olive extra vierge arbequina<\/strong>, dans notre moulin nous recherchons l&rsquo;excellence et nous ne sommes pas satisfaits tant que nous n&rsquo;avons pas atteint la qualit\u00e9 que vous m\u00e9ritez.<\/p>\n<p>Notre objectif est de vous fournir une huile qui deviendra votre meilleure alli\u00e9e dans la cuisine, ajoutant \u00e0 vos plats une saveur suppl\u00e9mentaire, mais aussi un suppl\u00e9ment de sant\u00e9. C&rsquo;est pourquoi vous pouvez la d\u00e9guster dans vos fritures sans risque de br\u00fblure de l&rsquo;huile (l&rsquo;huile d&rsquo;olive extra vierge arbequina ne commence \u00e0 perdre sa fra\u00eecheur et \u00e0 se d\u00e9t\u00e9riorer que lorsqu&rsquo;elle atteint plus de 200 degr\u00e9s centigrades, une temp\u00e9rature bien sup\u00e9rieure \u00e0 celle \u00e0 laquelle vous ferez frire vos aliments \u00e0 la maison), la d\u00e9guster crue avec du bon pain ou dans une salade, pour assaisonner des cr\u00e8mes de l\u00e9gumes et leur donner une texture velout\u00e9e, etc.  <\/p>\n<h2><strong>Prix de l&rsquo;huile d&rsquo;olive VIRGIN EXTRA VIRGIN arbequina<\/strong><\/h2>\n<p>Un produit de qualit\u00e9 sup\u00e9rieure, comme notre <strong>huile d&rsquo;olive VIRGEN EXTRA arbequina<\/strong>, a des co\u00fbts de production plus \u00e9lev\u00e9s qu&rsquo;une huile d&rsquo;olive de qualit\u00e9 inf\u00e9rieure.<\/p>\n<p>En outre, ce n&rsquo;est pas la m\u00eame chose qu&rsquo;une usine d&rsquo;huile d&rsquo;olive qui ne prend pas autant soin de ses processus qu&rsquo;un moulin \u00e0 huile, o\u00f9 chaque processus est pris en charge et travaill\u00e9 avec beaucoup plus de soin et d&rsquo;attention aux d\u00e9tails. Cependant, chez Almazara Artal, nous avons r\u00e9ussi \u00e0 fixer un <strong>prix juste<\/strong> pour notre huile d&rsquo;olive arbequina de grande qualit\u00e9. <\/p>\n<p>Nous voulons que tout le monde puisse consommer notre huile, nous produisons une huile de qualit\u00e9 accessible \u00e0 toutes les familles. Nous choyons tous les palais. <\/p>\n<p>Nos huiles d&rsquo;olive vierge extra Arbequina<\/p>\n","protected":false},"excerpt":{"rendered":"<p>Acheter l&rsquo;huile d&rsquo;olive extra vierge Arbequina Voulez-vous acheter de l&rsquo;huile d&rsquo;olive EXTRA VIERGE arbequina? D\u00e9couvrez notre huile la plus pris\u00e9e, fabriqu\u00e9e dans notre moulin \u00e0 huile et envoy\u00e9e directement dans votre cuisine, sans interm\u00e9diaire, de mani\u00e8re simple et naturelle. Les saveurs nous permettent de voyager dans le temps, de nous souvenir des plats que nous &#8230; <a title=\"Huile d&rsquo;olive extra vierge Arbequina\" class=\"read-more\" href=\"https:\/\/almazaraartal.com\/fr\/boutique\/huile-dolive-extra-vierge-arbequina\/\" aria-label=\"En savoir plus sur Huile d&rsquo;olive extra vierge Arbequina\">Lire plus<\/a><\/p>\n","protected":false},"author":1,"featured_media":0,"parent":8581,"menu_order":0,"comment_status":"closed","ping_status":"closed","template":"","meta":{"_joinchat":[],"footnotes":""},"class_list":["post-9360","page","type-page","status-publish"],"_links":{"self":[{"href":"https:\/\/almazaraartal.com\/fr\/wp-json\/wp\/v2\/pages\/9360","targetHints":{"allow":["GET"]}}],"collection":[{"href":"https:\/\/almazaraartal.com\/fr\/wp-json\/wp\/v2\/pages"}],"about":[{"href":"https:\/\/almazaraartal.com\/fr\/wp-json\/wp\/v2\/types\/page"}],"author":[{"embeddable":true,"href":"https:\/\/almazaraartal.com\/fr\/wp-json\/wp\/v2\/users\/1"}],"replies":[{"embeddable":true,"href":"https:\/\/almazaraartal.com\/fr\/wp-json\/wp\/v2\/comments?post=9360"}],"version-history":[{"count":0,"href":"https:\/\/almazaraartal.com\/fr\/wp-json\/wp\/v2\/pages\/9360\/revisions"}],"up":[{"embeddable":true,"href":"https:\/\/almazaraartal.com\/fr\/wp-json\/wp\/v2\/pages\/8581"}],"wp:attachment":[{"href":"https:\/\/almazaraartal.com\/fr\/wp-json\/wp\/v2\/media?parent=9360"}],"curies":[{"name":"wp","href":"https:\/\/api.w.org\/{rel}","templated":true}]}}