{"id":9365,"date":"2021-04-05T10:24:14","date_gmt":"2021-04-05T08:24:14","guid":{"rendered":"https:\/\/almazaraartal.com\/boutique\/huile-dolive-dempeltre\/"},"modified":"2026-04-15T14:17:05","modified_gmt":"2026-04-15T12:17:05","slug":"huile-dolive-dempeltre","status":"publish","type":"page","link":"https:\/\/almazaraartal.com\/fr\/boutique\/huile-dolive-dempeltre\/","title":{"rendered":"Huile d&rsquo;olive d&rsquo;Empeltre"},"content":{"rendered":"\t\t<div data-elementor-type=\"wp-page\" data-elementor-id=\"9365\" class=\"elementor elementor-9365 elementor-1059\">\n\t\t\t\t<div class=\"elementor-element elementor-element-2a5ba9ae e-flex e-con-boxed e-con e-parent\" data-id=\"2a5ba9ae\" data-element_type=\"container\" data-e-type=\"container\">\n\t\t\t\t\t<div class=\"e-con-inner\">\n\t\t\t\t<div class=\"elementor-element elementor-element-5e8a153f elementor-align-center elementor-widget elementor-widget-button\" data-id=\"5e8a153f\" data-element_type=\"widget\" data-e-type=\"widget\" data-widget_type=\"button.default\">\n\t\t\t\t<div class=\"elementor-widget-container\">\n\t\t\t\t\t\t\t\t\t<div class=\"elementor-button-wrapper\">\n\t\t\t\t\t<a class=\"elementor-button elementor-button-link elementor-size-sm\" href=\"https:\/\/almazaraartal.com\/fr\/categoria-producto\/lhuile-de-marta\/\">\n\t\t\t\t\t\t<span class=\"elementor-button-content-wrapper\">\n\t\t\t\t\t\t<span class=\"elementor-button-icon\">\n\t\t\t\t<svg aria-hidden=\"true\" class=\"e-font-icon-svg e-fas-shopping-cart\" viewBox=\"0 0 576 512\" xmlns=\"http:\/\/www.w3.org\/2000\/svg\"><path d=\"M528.12 301.319l47.273-208C578.806 78.301 567.391 64 551.99 64H159.208l-9.166-44.81C147.758 8.021 137.93 0 126.529 0H24C10.745 0 0 10.745 0 24v16c0 13.255 10.745 24 24 24h69.883l70.248 343.435C147.325 417.1 136 435.222 136 456c0 30.928 25.072 56 56 56s56-25.072 56-56c0-15.674-6.447-29.835-16.824-40h209.647C430.447 426.165 424 440.326 424 456c0 30.928 25.072 56 56 56s56-25.072 56-56c0-22.172-12.888-41.332-31.579-50.405l5.517-24.276c3.413-15.018-8.002-29.319-23.403-29.319H218.117l-6.545-32h293.145c11.206 0 20.92-7.754 23.403-18.681z\"><\/path><\/svg>\t\t\t<\/span>\n\t\t\t\t\t\t\t\t\t<span class=\"elementor-button-text\">Acheter du p\u00e9trole<\/span>\n\t\t\t\t\t<\/span>\n\t\t\t\t\t<\/a>\n\t\t\t\t<\/div>\n\t\t\t\t\t\t\t\t<\/div>\n\t\t\t\t<\/div>\n\t\t\t\t\t<\/div>\n\t\t\t\t<\/div>\n\t\t<div class=\"elementor-element elementor-element-257c9e0 e-flex e-con-boxed e-con e-parent\" data-id=\"257c9e0\" data-element_type=\"container\" data-e-type=\"container\">\n\t\t\t\t\t<div class=\"e-con-inner\">\n\t\t\t\t<div class=\"elementor-element elementor-element-f9bf771 elementor-widget elementor-widget-text-editor\" data-id=\"f9bf771\" data-element_type=\"widget\" data-e-type=\"widget\" data-widget_type=\"text-editor.default\">\n\t\t\t\t<div class=\"elementor-widget-container\">\n\t\t\t\t\t\t\t\t\t<h1>Acheter de l&rsquo;huile d&rsquo;olive extra vierge d&rsquo;Empeltre<\/h1>\r\nChez Almazara Artal, <strong>acheter de l&rsquo;huile d&rsquo;olive VIRGIN EXTRA VIRGIN \u00e0 empeltre<\/strong> est tr\u00e8s simple et rapide. Nous vous offrons un produit de qualit\u00e9 sup\u00e9rieure qui prend soin de votre sant\u00e9, qui r\u00e9gale votre palais et qui pr\u00e9sente le meilleur rapport qualit\u00e9\/prix. \r\n\r\nNotre huile \u00e9labor\u00e9e \u00e0 partir d&rsquo;olives de la vari\u00e9t\u00e9 empeltre offre un \u00e9quilibre parfait gr\u00e2ce \u00e0 sa saveur douce et \u00e0 son intensit\u00e9. Elle enrichit et exalte les saveurs de toutes les recettes dans lesquelles elle est utilis\u00e9e, et elle est particuli\u00e8rement id\u00e9ale pour apporter des nuances exquises \u00e0 la confiserie. \r\n\r\nSavourez, directement de notre moulin \u00e0 huile \u00e0 votre domicile, une huile d&rsquo;olive empeltre dont la production est bas\u00e9e sur la tradition et l&rsquo;artisanat. Notre huile est extraite par pression \u00e0 froid, avec des proc\u00e9d\u00e9s m\u00e9caniques qui conservent intactes les magnifiques propri\u00e9t\u00e9s du fruit que nous cultivons de nos propres mains sur nos propres terres. \r\n<h2>Empeltre oil<\/h2>\r\nL&rsquo;<strong>AOVE DE empeltre<\/strong> que nous vous proposons a l&rsquo;Appellation d&rsquo;Origine Contr\u00f4l\u00e9e du Bajo Arag\u00f3n.\r\n\r\nDans notre moulin \u00e0 huile, nous avons cr\u00e9\u00e9 un processus de production d&rsquo;huile respectueux, bas\u00e9 sur la M\u00c9CANISATION ET l&rsquo;INNOVATION. En respectant le produit, en le choyant et en effectuant des contr\u00f4les de qualit\u00e9 exhaustifs pour garantir l&rsquo;excellence qui a toujours caract\u00e9ris\u00e9 notre huile d&rsquo;olive, essayez-la et d\u00e9couvrez une huile d&rsquo;olive qui vous procurera de nombreux moments de bonheur avec vos proches. \r\n\r\nL&rsquo;une des plus belles preuves d&rsquo;amour est de pr\u00e9parer de d\u00e9licieuses recettes pour les personnes que vous aimez. Faites-le avec notre huile empeltre et vos plats auront cette touche sp\u00e9ciale qui en fera les pr\u00e9f\u00e9r\u00e9s de votre famille et de vos amis, c&rsquo;est garanti ! Elle rehaussera et \u00e9quilibrera les saveurs des autres ingr\u00e9dients.  \r\n\r\nNos huiles d&rsquo;olive vierges extra empeltre\r\n<h2>Acheter de l&rsquo;huile du sud de l&rsquo;Aragon<\/h2>\r\nSi vous envisagez d&rsquo;<strong>acheter de l&rsquo;huile du sud de l&rsquo;Aragon<\/strong>, nous vous recommandons d&rsquo;essayer notre huile empeltre, \u00e9labor\u00e9e de mani\u00e8re traditionnelle par nos experts.\r\n\r\nNous voulons vous faire sentir sa douceur, son go\u00fbt d\u00e9licat, vous immerger dans un monde de nuances qui vous fera voyager dans votre enfance, renouer avec vos racines et celles de notre terre. Vous vous souvenez certainement de ces matins o\u00f9 vous preniez votre petit-d\u00e9jeuner en famille avec un bon pain et de l&rsquo;huile d&rsquo;olive ? \r\n\r\nIl est \u00e9tonnant que quelque chose d&rsquo;aussi simple puisse \u00eatre aussi sp\u00e9cial en m\u00eame temps.\r\n\r\nTrouvez-le dans notre boutique en ligne et vous le recevrez chez vous dans les plus brefs d\u00e9lais.\r\n<h2>DO Bas Aragon<\/h2>\r\nNotre HUILE D&rsquo;OLIVE EXTRA VIERGE du Bas-Aragon est n\u00e9e de NOS CHAMPS situ\u00e9s dans un environnement privil\u00e9gi\u00e9 o\u00f9 nos oliviers poussent sains et forts pour nous donner leurs incroyables fruits. ARROS\u00c9S PAR L&rsquo;EBRE ET LA MARTIN. \r\n\r\nCette \u00e9tiquette distinctive identifie notre huile comme un produit exclusif dont l&rsquo;origine se situe au nord-est de Teruel et au sud-est de Saragosse. Il s&rsquo;agit de l&rsquo;une des zones de production d&rsquo;huile d&rsquo;olive les plus importantes d&rsquo;Espagne. \r\n\r\nDans cette partie de l&rsquo;Espagne, on trouve des oliviers \u00e0 olives vertes et noires, cultiv\u00e9s de mani\u00e8re traditionnelle, dont certains sont centenaires. Ils produisent une huile d&rsquo;olive vierge extra de couleur dor\u00e9e, d&rsquo;intensit\u00e9 moyenne et de couleur verte ou jaune. \r\n\r\nSon odeur et son go\u00fbt sont \u00e9galement d&rsquo;intensit\u00e9 moyenne, avec tr\u00e8s peu d&rsquo;amertume et un peu de piquant, avec des notes sucr\u00e9es et, pour autant, un \u00e9quilibre parfait.\r\n<h2>Huile d&#8217;empeltre bio<\/h2>\r\nPour qu&rsquo;une chose soit bonne, il faut un bon point de d\u00e9part, mais pour qu&rsquo;elle soit excellente, il faut aller plus loin. C&rsquo;est ce que nous avons fait chez Almazara Artal, en vous proposant notre <strong>HUILE D&rsquo;OLIVE EXTRA VIERGE D&rsquo;EMPELTRE<\/strong>, un produit issu de la tradition et obtenu gr\u00e2ce \u00e0 des pratiques respectueuses de l&rsquo;environnement. \r\n\r\nParce que nous voulons que vous profitiez d&rsquo;une huile unique, que vous ayez la certitude qu&rsquo;elle est de qualit\u00e9 sup\u00e9rieure et qu&rsquo;elle a \u00e9t\u00e9 produite dans le respect du d\u00e9veloppement durable.\r\n\r\nNous prenons soin de nos champs afin de pouvoir continuer, pendant de nombreuses ann\u00e9es, \u00e0 prendre soin de nos clients avec notre huile d&#8217;empeltre biologique. Exempte de substances chimiques et pr\u00e9servant toutes les propri\u00e9t\u00e9s nutritionnelles des olives. \r\n\r\nProchainement&#8230;\r\n\r\n&nbsp;\t\t\t\t\t\t\t\t<\/div>\n\t\t\t\t<\/div>\n\t\t\t\t\t<\/div>\n\t\t\t\t<\/div>\n\t\t\t\t<\/div>\n\t\t","protected":false},"excerpt":{"rendered":"<p>Acheter du p\u00e9trole Acheter de l&rsquo;huile d&rsquo;olive extra vierge d&rsquo;Empeltre Chez Almazara Artal, acheter de l&rsquo;huile d&rsquo;olive VIRGIN EXTRA VIRGIN \u00e0 empeltre est tr\u00e8s simple et rapide. Nous vous offrons un produit de qualit\u00e9 sup\u00e9rieure qui prend soin de votre sant\u00e9, qui r\u00e9gale votre palais et qui pr\u00e9sente le meilleur rapport qualit\u00e9\/prix. Notre huile \u00e9labor\u00e9e &#8230; <a title=\"Huile d&rsquo;olive d&rsquo;Empeltre\" class=\"read-more\" href=\"https:\/\/almazaraartal.com\/fr\/boutique\/huile-dolive-dempeltre\/\" aria-label=\"En savoir plus sur Huile d&rsquo;olive d&rsquo;Empeltre\">Lire plus<\/a><\/p>\n","protected":false},"author":1,"featured_media":0,"parent":8581,"menu_order":0,"comment_status":"closed","ping_status":"closed","template":"","meta":{"_joinchat":[],"footnotes":""},"class_list":["post-9365","page","type-page","status-publish"],"_links":{"self":[{"href":"https:\/\/almazaraartal.com\/fr\/wp-json\/wp\/v2\/pages\/9365","targetHints":{"allow":["GET"]}}],"collection":[{"href":"https:\/\/almazaraartal.com\/fr\/wp-json\/wp\/v2\/pages"}],"about":[{"href":"https:\/\/almazaraartal.com\/fr\/wp-json\/wp\/v2\/types\/page"}],"author":[{"embeddable":true,"href":"https:\/\/almazaraartal.com\/fr\/wp-json\/wp\/v2\/users\/1"}],"replies":[{"embeddable":true,"href":"https:\/\/almazaraartal.com\/fr\/wp-json\/wp\/v2\/comments?post=9365"}],"version-history":[{"count":1,"href":"https:\/\/almazaraartal.com\/fr\/wp-json\/wp\/v2\/pages\/9365\/revisions"}],"predecessor-version":[{"id":9367,"href":"https:\/\/almazaraartal.com\/fr\/wp-json\/wp\/v2\/pages\/9365\/revisions\/9367"}],"up":[{"embeddable":true,"href":"https:\/\/almazaraartal.com\/fr\/wp-json\/wp\/v2\/pages\/8581"}],"wp:attachment":[{"href":"https:\/\/almazaraartal.com\/fr\/wp-json\/wp\/v2\/media?parent=9365"}],"curies":[{"name":"wp","href":"https:\/\/api.w.org\/{rel}","templated":true}]}}