{"id":9366,"date":"2021-04-05T10:45:47","date_gmt":"2021-04-05T08:45:47","guid":{"rendered":"https:\/\/almazaraartal.com\/boutique\/huile-dolive-arbosana\/"},"modified":"2026-04-15T14:17:04","modified_gmt":"2026-04-15T12:17:04","slug":"huile-dolive-arbosana","status":"publish","type":"page","link":"https:\/\/almazaraartal.com\/fr\/boutique\/huile-dolive-arbosana\/","title":{"rendered":"Huile d&rsquo;olive Arbosana"},"content":{"rendered":"\t\t<div data-elementor-type=\"wp-page\" data-elementor-id=\"9366\" class=\"elementor elementor-9366 elementor-1078\">\n\t\t\t\t<div class=\"elementor-element elementor-element-8a29500 e-flex e-con-boxed e-con e-parent\" data-id=\"8a29500\" data-element_type=\"container\" data-e-type=\"container\">\n\t\t\t\t\t<div class=\"e-con-inner\">\n\t\t\t\t<div class=\"elementor-element elementor-element-98fe707 elementor-align-center elementor-widget elementor-widget-button\" data-id=\"98fe707\" data-element_type=\"widget\" data-e-type=\"widget\" data-widget_type=\"button.default\">\n\t\t\t\t<div class=\"elementor-widget-container\">\n\t\t\t\t\t\t\t\t\t<div class=\"elementor-button-wrapper\">\n\t\t\t\t\t<a class=\"elementor-button elementor-button-link elementor-size-sm\" href=\"https:\/\/almazaraartal.com\/fr\/categoria-producto\/lhuile-de-marta\/\">\n\t\t\t\t\t\t<span class=\"elementor-button-content-wrapper\">\n\t\t\t\t\t\t\t\t\t<span class=\"elementor-button-text\">Acheter du p\u00e9trole<\/span>\n\t\t\t\t\t<\/span>\n\t\t\t\t\t<\/a>\n\t\t\t\t<\/div>\n\t\t\t\t\t\t\t\t<\/div>\n\t\t\t\t<\/div>\n\t\t\t\t\t<\/div>\n\t\t\t\t<\/div>\n\t\t<div class=\"elementor-element elementor-element-29c3769f e-flex e-con-boxed e-con e-parent\" data-id=\"29c3769f\" data-element_type=\"container\" data-e-type=\"container\">\n\t\t\t\t\t<div class=\"e-con-inner\">\n\t\t\t\t<div class=\"elementor-element elementor-element-2df07da5 elementor-widget elementor-widget-text-editor\" data-id=\"2df07da5\" data-element_type=\"widget\" data-e-type=\"widget\" data-widget_type=\"text-editor.default\">\n\t\t\t\t<div class=\"elementor-widget-container\">\n\t\t\t\t\t\t\t\t\t<h1>Acheter l&rsquo;huile d&rsquo;olive extra vierge arbosana<\/h1>\r\nIci, vous pouvez <strong>acheter de l&rsquo;huile d&rsquo;olive EXTRA VIERGE d&rsquo;Arbosana<\/strong> et la faire livrer directement chez vous, sans avoir \u00e0 vous d\u00e9placer.\r\n\r\nDeux des nombreux avantages d&rsquo;acheter de l&rsquo;huile d&rsquo;olive extra vierge dans notre boutique en ligne sont la commodit\u00e9 et la tranquillit\u00e9 d&rsquo;esprit. Commodit\u00e9 parce qu&rsquo;en moins de deux minutes, vous pouvez effectuer l&rsquo;ensemble du processus d&rsquo;achat. Et la tranquillit\u00e9 d&rsquo;esprit parce que nous vous offrons une plateforme de vente qui dispose de barri\u00e8res de s\u00e9curit\u00e9 exigeantes pour garantir la fiabilit\u00e9 de votre achat.  \r\n\r\nNous vous offrons un produit de qualit\u00e9 exceptionnelle pour prendre soin de votre alimentation, que demander de plus ? D\u00e9couvrez sa texture onctueuse et AROMATIQUE et son go\u00fbt d\u00e9licieux. \r\n\r\nLe r\u00e9sultat que nous obtenons est le fruit d&rsquo;un processus rigoureux, INNOVANT, artisanal et historique. Nous respectons le produit que la terre nous donne, en le transformant au moyen de proc\u00e9dures M\u00c9CANIQUES qui n&rsquo;alt\u00e8rent pas sa qualit\u00e9 et conservent son essence intacte. \r\n<h2>Arbosana<\/h2>\r\nSi vous souhaitez obtenir une saveur unique dans vos plats, vous devez d&rsquo;abord disposer d&rsquo;ingr\u00e9dients de haute qualit\u00e9. Notre <strong>arbosana<\/strong> EVOO est l&rsquo;un des ingr\u00e9dients essentiels pour rendre vos recettes beaucoup plus savoureuses. Essayez-la et vous tomberez amoureux ! \r\n\r\nNotre huile d&rsquo;olive EXTRA VIERGE arbosana compte de plus en plus d&rsquo;adeptes, et ce gr\u00e2ce au soin et \u00e0 l&rsquo;affection que nous apportons \u00e0 la production de chaque litre de ce liquide magique. Nous aimons la tradition, l&rsquo;artisanat et, surtout, l&rsquo;authenticit\u00e9. \r\n\r\nPourquoi notre huile d&rsquo;olive arbosana est-elle unique ? Parce que nous l&rsquo;extrayons des olives Arbosana que nous cultivons nous-m\u00eames et que nous s\u00e9lectionnons soigneusement pour garantir leur fra\u00eecheur et leur qualit\u00e9. \r\n\r\nA l&rsquo;\u00e9tat brut, elle \u00e9voque des ar\u00f4mes fruit\u00e9s, l\u00e9g\u00e8rement sucr\u00e9s, doux, avec des notes subtiles rappelant l&rsquo;herbe fra\u00eechement coup\u00e9e, la POMME VERTE, le KIWI. Elle rehaussera la saveur des salades, des sauces, des cr\u00e8mes de l\u00e9gumes, des salmorejos, de l&rsquo;ail blanc et du gaspacho, et vous oserez m\u00eame l&rsquo;utiliser dans vos desserts et vous l&rsquo;adorerez. \r\n\r\nEt si vous l&rsquo;utilisez pour cuisiner vos recettes, vous obtiendrez un r\u00e9sultat d\u00e9licieux et \u00e9quilibr\u00e9. Rehaussez la saveur de vos plats avec notre huile d&rsquo;arbosana. \r\n\r\nDe nos champs aragonais \u00e0 vos assiettes.\r\n\r\nDe plus, notre huile d&rsquo;olive de la vari\u00e9t\u00e9 arbosana est une huile extra vierge, extraite \u00e0 froid par des proc\u00e9d\u00e9s m\u00e9caniques afin de pr\u00e9server toutes ses incroyables caract\u00e9ristiques.\r\n<h2>Huile d&rsquo;Arbosana<\/h2>\r\nNotre <strong>huile d&rsquo;arbosane<\/strong> na\u00eet de nos oliveraies luxuriantes et choy\u00e9es. Sa d\u00e9gustation devient une grande exp\u00e9rience pour les sens. \r\n\r\nNous voulons partager avec vous ce que nous faisons de mieux, pr\u00e9server ann\u00e9e apr\u00e8s ann\u00e9e la tradition de notre famille refl\u00e9t\u00e9e dans un produit dont nous sommes compl\u00e8tement amoureux, notre aove.\r\n\r\nUne saveur agr\u00e9able qui inonde votre palais et qui ne vous laissera pas indiff\u00e9rent. Sa d\u00e9gustation deviendra votre rituel favori au petit-d\u00e9jeuner, au d\u00e9jeuner ou au d\u00eener. \r\n\r\nComment parvenons-nous \u00e0 cultiver des OLIVES VARI\u00c9T\u00c9 arbosan d&rsquo;une telle qualit\u00e9 ? En \u00e9coutant, en observant la terre et les oliviers, en leur permettant de cro\u00eetre de mani\u00e8re responsable et sans substances qui modifient le produit final. Notre huile, notre tr\u00e9sor.  \r\n\r\nNos huiles d&rsquo;olive vierge extra Arbosana\r\n\r\n&nbsp;\t\t\t\t\t\t\t\t<\/div>\n\t\t\t\t<\/div>\n\t\t\t\t\t<\/div>\n\t\t\t\t<\/div>\n\t\t\t\t<\/div>\n\t\t","protected":false},"excerpt":{"rendered":"<p>Acheter du p\u00e9trole Acheter l&rsquo;huile d&rsquo;olive extra vierge arbosana Ici, vous pouvez acheter de l&rsquo;huile d&rsquo;olive EXTRA VIERGE d&rsquo;Arbosana et la faire livrer directement chez vous, sans avoir \u00e0 vous d\u00e9placer. Deux des nombreux avantages d&rsquo;acheter de l&rsquo;huile d&rsquo;olive extra vierge dans notre boutique en ligne sont la commodit\u00e9 et la tranquillit\u00e9 d&rsquo;esprit. Commodit\u00e9 parce &#8230; <a title=\"Huile d&rsquo;olive Arbosana\" class=\"read-more\" href=\"https:\/\/almazaraartal.com\/fr\/boutique\/huile-dolive-arbosana\/\" aria-label=\"En savoir plus sur Huile d&rsquo;olive Arbosana\">Lire plus<\/a><\/p>\n","protected":false},"author":1,"featured_media":0,"parent":8581,"menu_order":0,"comment_status":"closed","ping_status":"closed","template":"","meta":{"_joinchat":[],"footnotes":""},"class_list":["post-9366","page","type-page","status-publish"],"_links":{"self":[{"href":"https:\/\/almazaraartal.com\/fr\/wp-json\/wp\/v2\/pages\/9366","targetHints":{"allow":["GET"]}}],"collection":[{"href":"https:\/\/almazaraartal.com\/fr\/wp-json\/wp\/v2\/pages"}],"about":[{"href":"https:\/\/almazaraartal.com\/fr\/wp-json\/wp\/v2\/types\/page"}],"author":[{"embeddable":true,"href":"https:\/\/almazaraartal.com\/fr\/wp-json\/wp\/v2\/users\/1"}],"replies":[{"embeddable":true,"href":"https:\/\/almazaraartal.com\/fr\/wp-json\/wp\/v2\/comments?post=9366"}],"version-history":[{"count":1,"href":"https:\/\/almazaraartal.com\/fr\/wp-json\/wp\/v2\/pages\/9366\/revisions"}],"predecessor-version":[{"id":9368,"href":"https:\/\/almazaraartal.com\/fr\/wp-json\/wp\/v2\/pages\/9366\/revisions\/9368"}],"up":[{"embeddable":true,"href":"https:\/\/almazaraartal.com\/fr\/wp-json\/wp\/v2\/pages\/8581"}],"wp:attachment":[{"href":"https:\/\/almazaraartal.com\/fr\/wp-json\/wp\/v2\/media?parent=9366"}],"curies":[{"name":"wp","href":"https:\/\/api.w.org\/{rel}","templated":true}]}}