{"id":9373,"date":"2021-02-08T10:31:55","date_gmt":"2021-02-08T09:31:55","guid":{"rendered":"https:\/\/almazaraartal.com\/politique-en-matiere-de-cookies\/"},"modified":"2021-02-08T10:31:55","modified_gmt":"2021-02-08T09:31:55","slug":"politique-en-matiere-de-cookies","status":"publish","type":"page","link":"https:\/\/almazaraartal.com\/fr\/politique-en-matiere-de-cookies\/","title":{"rendered":"Politique en mati\u00e8re de cookies"},"content":{"rendered":"<h1>Politique en mati\u00e8re de cookies<\/h1>\n<p><strong>CONTEXTE<\/strong><\/p>\n<p>Conform\u00e9ment \u00e0 la r\u00e9glementation espagnole r\u00e9gissant l&rsquo;utilisation des cookies, nous vous informons des cookies utilis\u00e9s sur ce site web.<\/p>\n<p><strong> <\/strong><\/p>\n<p><strong>2.- QU&rsquo;EST-CE QU&rsquo;UN COOKIE ?<\/strong><\/p>\n<p>Un cookie est un fichier qui est t\u00e9l\u00e9charg\u00e9 sur l&rsquo;ordinateur de l&rsquo;utilisateur lorsqu&rsquo;il acc\u00e8de \u00e0 certaines pages web et qui stocke et r\u00e9cup\u00e8re des informations lors de la navigation. Les cookies permettent, entre autres, de vous reconna\u00eetre en tant qu&rsquo;utilisateur, d&rsquo;obtenir des informations sur les habitudes de navigation de l&rsquo;utilisateur ou de personnaliser l&rsquo;affichage des contenus. L&rsquo;utilisation des cookies par ce site web est d\u00e9crite dans la pr\u00e9sente politique en mati\u00e8re de cookies.  <\/p>\n<p>&nbsp;<\/p>\n<p><strong>3.- LES TYPES DE COOKIES<\/strong><\/p>\n<p>Les cookies peuvent \u00eatre class\u00e9s comme suit :<\/p>\n<p>&nbsp;<\/p>\n<p><strong><u>Les cookies selon l&rsquo;entit\u00e9 qui les g\u00e8re<\/u><\/strong>:<\/p>\n<p>1.- <strong>Cookies propres<\/strong>: Ce sont ceux qui sont envoy\u00e9s \u00e0 l&rsquo;\u00e9quipement terminal de l&rsquo;utilisateur \u00e0 partir d&rsquo;un ordinateur ou d&rsquo;un domaine g\u00e9r\u00e9 par l&rsquo;\u00e9diteur lui-m\u00eame et \u00e0 partir duquel le service demand\u00e9 par l&rsquo;utilisateur est fourni.<\/p>\n<p>2.- <strong>Cookies de tiers<\/strong>: Il s&rsquo;agit de cookies qui sont envoy\u00e9s \u00e0 l&rsquo;\u00e9quipement terminal de l&rsquo;utilisateur \u00e0 partir d&rsquo;un ordinateur ou d&rsquo;un domaine qui n&rsquo;est pas g\u00e9r\u00e9 par l&rsquo;\u00e9diteur, mais par une autre entit\u00e9 qui traite les donn\u00e9es obtenues par le biais des cookies.<\/p>\n<p>&nbsp;<\/p>\n<p><strong><u>Cookies par objectif<\/u><\/strong>:<\/p>\n<p>1.- <strong>Cookies techniques : il<\/strong> s&rsquo;agit des cookies qui permettent \u00e0 l&rsquo;utilisateur de naviguer sur un site web, une plateforme ou une application et d&rsquo;utiliser les diff\u00e9rentes options ou services qui y sont propos\u00e9s, y compris ceux que l&rsquo;\u00e9diteur utilise pour permettre la gestion et le fonctionnement du site web et pour activer ses fonctions et services.<\/p>\n<p>2. les<strong> cookies de pr\u00e9f\u00e9rence ou de personnalisation :<\/strong> il s&rsquo;agit de cookies qui permettent de m\u00e9moriser des informations afin que l&rsquo;utilisateur puisse acc\u00e9der au service avec certaines caract\u00e9ristiques qui peuvent diff\u00e9rencier son exp\u00e9rience de celle d&rsquo;autres utilisateurs.<\/p>\n<p>3.- <strong>Cookies d&rsquo;analyse ou de mesure<\/strong>: ces cookies permettent au responsable de suivre et d&rsquo;analyser le comportement des utilisateurs des sites web auxquels ils sont li\u00e9s.<\/p>\n<p>4.- <strong>Cookies de publicit\u00e9 comportementale<\/strong>: il s&rsquo;agit de cookies qui stockent des informations sur le comportement des utilisateurs obtenues gr\u00e2ce \u00e0 l&rsquo;observation continue de leurs habitudes de navigation, ce qui permet de d\u00e9velopper un profil sp\u00e9cifique afin d&rsquo;afficher de la publicit\u00e9 bas\u00e9e sur ce dernier.<\/p>\n<p>&nbsp;<\/p>\n<p><strong><u>Les cookies en fonction de leur dur\u00e9e d&rsquo;activation<\/u><\/strong>:<\/p>\n<p><strong>Cookies de session :<\/strong> il s&rsquo;agit de cookies con\u00e7us pour collecter et stocker des donn\u00e9es pendant que l&rsquo;utilisateur acc\u00e8de \u00e0 une page web.<\/p>\n<p><strong>Cookies persistants<\/strong>: il s&rsquo;agit de cookies dans lesquels les donn\u00e9es restent stock\u00e9es dans le terminal et peuvent \u00eatre consult\u00e9es et trait\u00e9es pendant une p\u00e9riode d\u00e9finie par le responsable du cookie, qui peut aller de quelques minutes \u00e0 plusieurs ann\u00e9es.<\/p>\n<p><strong> <\/strong><\/p>\n<p><strong>4.- TYPES DE COOKIES UTILIS\u00c9S PAR CE SITE WEB<\/strong><\/p>\n<p>Notre site Internet utilise les cookies suivants :<\/p>\n<p><strong> <\/strong><\/p>\n<table style=\"background-color: #eadb99;\" width=\"662\">\n<tbody>\n<tr style=\"background-color: #42494e; color: #e8cb4f; font-weight: bold;\">\n<td width=\"68\"><strong>Nom de l&rsquo;entreprise<\/strong><\/td>\n<td width=\"83\"><strong>Propri\u00e9t\u00e9 <\/strong><\/td>\n<td width=\"95\"><strong> Type de propri\u00e9t\u00e9 <\/strong><\/td>\n<td width=\"103\"><strong>Expiration<\/strong><\/td>\n<td width=\"313\"><strong>Objectif<\/strong><\/td>\n<\/tr>\n<tr>\n<td width=\"68\"> Secure-3PSIDCC<\/td>\n<td width=\"83\"> google.com<\/td>\n<td width=\"95\"> tiers<\/td>\n<td width=\"103\"> 1 an<\/td>\n<td width=\"313\"> Cookie n\u00e9cessaire \u00e0 l&rsquo;utilisation des options et des services<br \/>\ndu site.<\/td>\n<\/tr>\n<tr>\n<td width=\"68\"> __Secure-3PAPISI<br \/>\nD<\/td>\n<td width=\"83\"> google.com<\/td>\n<td width=\"95\"> tiers<\/td>\n<td width=\"103\"> 2 ans<\/td>\n<td width=\"313\"> Ces cookies sont utilis\u00e9s pour diffuser des publicit\u00e9s plus<br \/>\npertinentes pour vous et vos int\u00e9r\u00eats.<\/td>\n<\/tr>\n<tr>\n<td width=\"68\">  SAPISID<\/td>\n<td width=\"83\">  google.com<\/td>\n<td width=\"95\">  les tiers<\/td>\n<td width=\"103\">2 ans<\/td>\n<td width=\"313\">T\u00e9l\u00e9chargez certains outils Google et enregistrez certaines pr\u00e9f\u00e9rences<br \/>\n, par exemple le nombre de r\u00e9sultats de la recherche<br \/>\npar page ou l&rsquo;activation du filtre SafeSearch. Ajustez<br \/>\nles annonces qui apparaissent dans la recherche Google. <\/td>\n<\/tr>\n<tr>\n<td width=\"68\">APISID<\/td>\n<td width=\"83\">  google.com<\/td>\n<td width=\"95\">les tiers<\/td>\n<td width=\"103\">2 ans<\/td>\n<td width=\"313\">T\u00e9l\u00e9chargez certains outils Google et enregistrez certaines pr\u00e9f\u00e9rences<br \/>\n, par exemple le nombre de r\u00e9sultats de la recherche<br \/>\npar page ou l&rsquo;activation du filtre SafeSearch. Ajustez<br \/>\nles annonces qui apparaissent dans la recherche Google. <\/td>\n<\/tr>\n<tr>\n<td width=\"68\">SIDCC<\/td>\n<td width=\"83\">  google.com<\/td>\n<td width=\"95\">les tiers<\/td>\n<td width=\"103\">1 an<\/td>\n<td width=\"313\">T\u00e9l\u00e9chargez certains outils Google et enregistrez certaines pr\u00e9f\u00e9rences<br \/>\n, par exemple le nombre de r\u00e9sultats de la recherche<br \/>\npar page ou l&rsquo;activation du filtre SafeSearch. Ajustez<br \/>\nles annonces qui apparaissent dans la recherche Google. <\/td>\n<\/tr>\n<tr>\n<td width=\"68\">HSID<\/td>\n<td width=\"83\">  google.com<\/td>\n<td width=\"95\">les tiers<\/td>\n<td width=\"103\">2 ans<\/td>\n<td width=\"313\">T\u00e9l\u00e9chargez certains outils Google et enregistrez certaines pr\u00e9f\u00e9rences<br \/>\n, par exemple le nombre de r\u00e9sultats de la recherche<br \/>\npar page ou l&rsquo;activation du filtre SafeSearch. Ajustez<br \/>\nles annonces qui apparaissent dans la recherche Google. <\/td>\n<\/tr>\n<tr>\n<td width=\"68\">SID<\/td>\n<td width=\"83\">  google.com<\/td>\n<td width=\"95\">les tiers<\/td>\n<td width=\"103\">2 ans<\/td>\n<td width=\"313\">T\u00e9l\u00e9chargez certains outils Google et enregistrez certaines pr\u00e9f\u00e9rences<br \/>\n, par exemple le nombre de r\u00e9sultats de la recherche<br \/>\npar page ou l&rsquo;activation du filtre SafeSearch. Ajustez<br \/>\nles annonces qui apparaissent dans la recherche Google. <\/td>\n<\/tr>\n<tr>\n<td width=\"68\">SSID<\/td>\n<td width=\"83\"> google.com<\/td>\n<td width=\"95\">tiers<\/td>\n<td width=\"103\">2 ans<\/td>\n<td width=\"313\">T\u00e9l\u00e9charge certains outils Google et enregistre certaines pr\u00e9f\u00e9rences<br \/>\n, par exemple le nombre de r\u00e9sultats de recherche<br \/>\npar page ou l&rsquo;activation du filtre SafeSearch.<br \/>\nAjuste les annonces qui apparaissent dans Google Search.<\/td>\n<\/tr>\n<tr>\n<td width=\"68\">1P_JAR<\/td>\n<td width=\"83\">  google.com<\/td>\n<td width=\"95\">les tiers<\/td>\n<td width=\"103\">1 mois<\/td>\n<td width=\"313\">Ces cookies sont install\u00e9s par le biais de vid\u00e9os YouTube int\u00e9gr\u00e9es<br \/>\n. Ils enregistrent des donn\u00e9es statistiques anonymes sur, par exemple,<br \/>\nle nombre de fois que la vid\u00e9o est lue et les param\u00e8tres<br \/>\nutilis\u00e9s pour la lecture. <\/td>\n<\/tr>\n<tr>\n<td width=\"68\">DV<\/td>\n<td width=\"83\"> google.com<\/td>\n<td width=\"95\">tiers<\/td>\n<td width=\"103\">24 heures<\/td>\n<td width=\"313\">Utilis\u00e9 par Google pour fournir des services et extraire des informations de navigation anonymes.<\/td>\n<\/tr>\n<tr>\n<td width=\"68\">_gid<\/td>\n<td width=\"83\">almazaraartal.com<\/td>\n<td width=\"95\">propre<\/td>\n<td width=\"103\">22 heures<\/td>\n<td width=\"313\">ID utilis\u00e9 pour identifier les utilisateurs pendant 24 heures<br \/>\napr\u00e8s la derni\u00e8re activit\u00e9.<\/td>\n<\/tr>\n<tr>\n<td width=\"68\">_ga<\/td>\n<td width=\"83\">almazaraartal.com<\/td>\n<td width=\"95\">propre<\/td>\n<td width=\"103\">2 ans<\/td>\n<td width=\"313\">ID utilis\u00e9 pour identifier les utilisateurs<\/td>\n<\/tr>\n<tr>\n<td width=\"68\">_fbp<\/td>\n<td width=\"83\">almazaraartal.com<\/td>\n<td width=\"95\">propre<\/td>\n<td width=\"103\">3 mois<\/td>\n<td width=\"313\">Utilis\u00e9 par Facebook pour offrir une gamme de produits<br \/>\ntels que de la publicit\u00e9, des offres en temps r\u00e9el de la part d&rsquo;annonceurs<br \/>\ntiers.<\/td>\n<\/tr>\n<\/tbody>\n<\/table>\n<p><strong> <\/strong><\/p>\n<p>Si vous acceptez les cookies de tiers, ils doivent \u00eatre supprim\u00e9s des options de votre navigateur, comme d\u00e9crit au point 5 de la pr\u00e9sente politique, ou du syst\u00e8me propos\u00e9 par le tiers.<\/p>\n<p><strong>R\u00c9VOCATION ET SUPPRESSION DES COOKIES<\/strong><\/p>\n<p>&nbsp;<\/p>\n<p>Lorsque vous acc\u00e9dez \u00e0 notre site web pour la premi\u00e8re fois, vous pouvez accepter ou refuser l&rsquo;utilisation de tous nos cookies ou, si vous pr\u00e9f\u00e9rez, vous pouvez acc\u00e9der aux param\u00e8tres et accepter les cookies en fonction de leur type, \u00e0 l&rsquo;exception des cookies techniques, qui ne requi\u00e8rent pas le consentement de l&rsquo;utilisateur. Vous pouvez modifier vos pr\u00e9f\u00e9rences \u00e0 tout moment en acc\u00e9dant \u00e0 notre panneau de configuration. <\/p>\n<p>En outre, vous pouvez acc\u00e9der aux param\u00e8tres de votre navigateur pour restreindre, bloquer ou supprimer les cookies en suivant l&rsquo;une des proc\u00e9dures ci-dessous, qui d\u00e9pend du navigateur que vous utilisez :<\/p>\n<p><strong> <\/strong><\/p>\n<p><strong>Google Chrome<\/strong><\/p>\n<p><a href=\"https:\/\/support.google.com\/chrome\/answer\/95647?hl=es\" target=\"_blank\" rel=\"noopener\">https:\/\/support.google.com\/chrome\/answer\/95647?hl=es<br \/>\n <\/a><\/p>\n<p>&nbsp;<\/p>\n<p><strong>Microsoft Internet Explorer<\/strong><\/p>\n<p><a href=\"https:\/\/support.microsoft.com\/es-es\/help\/17442\/windows-internet-explorer-delete-manage-cookies#ie=ie-9\" target=\"_blank\" rel=\"noopener\">http:\/\/windows.microsoft.com\/es-es\/internet-explorer\/delete-manage-cookies#ie=ie-9<br \/>\n <\/a><\/p>\n<p><strong> <\/strong><\/p>\n<p><strong>Firefox<\/strong><br \/>\n<a href=\"http:\/\/support.mozilla.org\/es\/kb\/habilitar-y-deshabilitar-cookies-que-los-sitios-we\" target=\"_blank\" rel=\"noopener\">http:\/\/support.mozilla.org\/es\/kb\/habilitar-y-deshabilitar-cookies-que-los-sitios-we<br \/>\n <\/a><\/p>\n<p><strong> <\/strong><\/p>\n<p><strong>Safari , iPad et iPhone<\/strong><br \/>\n<a href=\"https:\/\/support.apple.com\/es-es\/HT201265\" target=\"_blank\" rel=\"noopener\">https:\/\/support.apple.com\/es-es\/HT201265<\/a><\/p>\n<p><strong> <\/strong><\/p>\n<p><strong>Op\u00e9ra<\/strong><br \/>\n<a href=\"http:\/\/help.opera.com\/Linux\/10.60\/es-ES\/cookies.html\" target=\"_blank\" rel=\"noopener\">http:\/\/help.opera.com\/Linux\/10.60\/es-ES\/cookies.html<br \/>\n <\/a><\/p>\n<p><strong> <\/strong><\/p>\n<p><strong>6.- PRESTATAIRES DE SERVICES TIERS<\/strong><\/p>\n<p>Plus pr\u00e9cis\u00e9ment, les prestataires de services tiers avec lesquels nous avons conclu un contrat de service pour lequel l&rsquo;utilisation de cookies est n\u00e9cessaire sont les suivants :<\/p>\n<p>&nbsp;<\/p>\n<table style=\"background-color: #eadb99;\">\n<tbody>\n<tr style=\"background-color: #42494e; color: #e8cb4f; font-weight: bold;\">\n<td width=\"132\"><strong>Prestataire<\/strong><\/td>\n<td width=\"230\"><strong>Objectif du service et cookie<\/strong><\/td>\n<td width=\"236\"><strong>Informations sur le fournisseur<\/strong><\/td>\n<\/tr>\n<tr>\n<td width=\"132\">Donn\u00e9es sur les chaussettes<\/td>\n<td width=\"230\"> &#8211;<\/td>\n<td width=\"236\">Support informatique<\/td>\n<\/tr>\n<tr>\n<td width=\"132\">Raiola<\/td>\n<td width=\"230\">&#8211;<\/td>\n<td width=\"236\">H\u00e9bergement web<\/td>\n<\/tr>\n<\/tbody>\n<\/table>\n<p><strong> <\/strong><\/p>\n<p>Si vous acceptez les cookies de tiers, ils doivent \u00eatre supprim\u00e9s des options de votre navigateur, comme d\u00e9crit au point 5 de la pr\u00e9sente politique, ou du syst\u00e8me propos\u00e9 par le tiers.<\/p>\n<p>En outre, vous pouvez prendre connaissance des transferts internationaux vers des pays tiers, le cas \u00e9ch\u00e9ant, effectu\u00e9s par les tiers identifi\u00e9s dans le tableau ci-dessus, dans leurs politiques correspondantes en acc\u00e9dant au lien situ\u00e9 sous \u00ab\u00a0informations sur le fournisseur\u00a0\u00bb dans le tableau ci-dessus.<\/p>\n","protected":false},"excerpt":{"rendered":"<p>Politique en mati\u00e8re de cookies CONTEXTE Conform\u00e9ment \u00e0 la r\u00e9glementation espagnole r\u00e9gissant l&rsquo;utilisation des cookies, nous vous informons des cookies utilis\u00e9s sur ce site web. 2.- QU&rsquo;EST-CE QU&rsquo;UN COOKIE ? Un cookie est un fichier qui est t\u00e9l\u00e9charg\u00e9 sur l&rsquo;ordinateur de l&rsquo;utilisateur lorsqu&rsquo;il acc\u00e8de \u00e0 certaines pages web et qui stocke et r\u00e9cup\u00e8re des informations &#8230; <a title=\"Politique en mati\u00e8re de cookies\" class=\"read-more\" href=\"https:\/\/almazaraartal.com\/fr\/politique-en-matiere-de-cookies\/\" aria-label=\"En savoir plus sur Politique en mati\u00e8re de cookies\">Lire plus<\/a><\/p>\n","protected":false},"author":1,"featured_media":0,"parent":0,"menu_order":0,"comment_status":"closed","ping_status":"closed","template":"","meta":{"_joinchat":[],"footnotes":""},"class_list":["post-9373","page","type-page","status-publish"],"_links":{"self":[{"href":"https:\/\/almazaraartal.com\/fr\/wp-json\/wp\/v2\/pages\/9373","targetHints":{"allow":["GET"]}}],"collection":[{"href":"https:\/\/almazaraartal.com\/fr\/wp-json\/wp\/v2\/pages"}],"about":[{"href":"https:\/\/almazaraartal.com\/fr\/wp-json\/wp\/v2\/types\/page"}],"author":[{"embeddable":true,"href":"https:\/\/almazaraartal.com\/fr\/wp-json\/wp\/v2\/users\/1"}],"replies":[{"embeddable":true,"href":"https:\/\/almazaraartal.com\/fr\/wp-json\/wp\/v2\/comments?post=9373"}],"version-history":[{"count":0,"href":"https:\/\/almazaraartal.com\/fr\/wp-json\/wp\/v2\/pages\/9373\/revisions"}],"wp:attachment":[{"href":"https:\/\/almazaraartal.com\/fr\/wp-json\/wp\/v2\/media?parent=9373"}],"curies":[{"name":"wp","href":"https:\/\/api.w.org\/{rel}","templated":true}]}}