{"id":8855,"date":"2021-01-26T09:53:50","date_gmt":"2021-01-26T08:53:50","guid":{"rendered":"https:\/\/almazaraartal.com\/producto\/bouteille-de-2-litres-dhuile-dolive-extra-vierge-martas-oil-arbosana\/"},"modified":"2026-04-15T14:12:48","modified_gmt":"2026-04-15T12:12:48","slug":"bouteille-de-2-litres-dhuile-dolive-extra-vierge-martas-oil-arbosana","status":"publish","type":"product","link":"https:\/\/almazaraartal.com\/fr\/producto\/bouteille-de-2-litres-dhuile-dolive-extra-vierge-martas-oil-arbosana\/","title":{"rendered":"Bouteille de 2 litres d&rsquo;huile d&rsquo;olive extra vierge \u00ab\u00a0Marta&rsquo;s Oil\u00a0\u00bb Arbosana"},"content":{"rendered":"<p><strong>Saveur fruit\u00e9e avec un caract\u00e8re m\u00e9diterran\u00e9en.<\/strong><br \/>\nLa Arbosana offre une huile l\u00e9g\u00e8rement plus intense que l&rsquo;Arbequina, o\u00f9 les nuances de tomates m\u00fbres et de fruits frais pr\u00e9dominent sur les tons herbac\u00e9s. Avec une l\u00e9g\u00e8re amertume et un l\u00e9ger piquant, c&rsquo;est une huile d&rsquo;olive \u00e9quilibr\u00e9e et agr\u00e9able en bouche.<br \/>\nId\u00e9ale pour \u00eatre consomm\u00e9e crue sur du pain, des salades, des vinaigrettes ou des l\u00e9gumes, et parfaite pour ajouter une touche de saveur aux rago\u00fbts et aux plats m\u00e9diterran\u00e9ens. <\/p>\n","protected":false},"excerpt":{"rendered":"<p>Bouteille de 2 litres d&rsquo;huile d&rsquo;olive vierge extra \u00ab\u00a0El Aceite de Marta\u00a0\u00bb vari\u00e9t\u00e9 Arbosana.<\/p>\n","protected":false},"featured_media":2674,"comment_status":"closed","ping_status":"closed","template":"","meta":{"_joinchat":[]},"product_brand":[],"product_cat":[127],"product_tag":[],"class_list":{"0":"post-8855","1":"product","2":"type-product","3":"status-publish","4":"has-post-thumbnail","6":"product_cat-lhuile-de-marta","7":"sales-flash-overlay","8":"woocommerce-text-align-center","9":"woocommerce-image-align-center","10":"do-quantity-buttons","12":"first","13":"instock","14":"taxable","15":"shipping-taxable","16":"purchasable","17":"product-type-simple"},"_links":{"self":[{"href":"https:\/\/almazaraartal.com\/fr\/wp-json\/wp\/v2\/product\/8855","targetHints":{"allow":["GET"]}}],"collection":[{"href":"https:\/\/almazaraartal.com\/fr\/wp-json\/wp\/v2\/product"}],"about":[{"href":"https:\/\/almazaraartal.com\/fr\/wp-json\/wp\/v2\/types\/product"}],"replies":[{"embeddable":true,"href":"https:\/\/almazaraartal.com\/fr\/wp-json\/wp\/v2\/comments?post=8855"}],"wp:featuredmedia":[{"embeddable":true,"href":"https:\/\/almazaraartal.com\/fr\/wp-json\/wp\/v2\/media\/2674"}],"wp:attachment":[{"href":"https:\/\/almazaraartal.com\/fr\/wp-json\/wp\/v2\/media?parent=8855"}],"wp:term":[{"taxonomy":"product_brand","embeddable":true,"href":"https:\/\/almazaraartal.com\/fr\/wp-json\/wp\/v2\/product_brand?post=8855"},{"taxonomy":"product_cat","embeddable":true,"href":"https:\/\/almazaraartal.com\/fr\/wp-json\/wp\/v2\/product_cat?post=8855"},{"taxonomy":"product_tag","embeddable":true,"href":"https:\/\/almazaraartal.com\/fr\/wp-json\/wp\/v2\/product_tag?post=8855"}],"curies":[{"name":"wp","href":"https:\/\/api.w.org\/{rel}","templated":true}]}}