{"id":8865,"date":"2021-01-26T15:02:07","date_gmt":"2021-01-26T14:02:07","guid":{"rendered":"https:\/\/almazaraartal.com\/producto\/bouteille-de-2-litres-dhuile-dolive-extra-vierge-el-aceite-de-marta-empeltre\/"},"modified":"2021-01-26T15:02:07","modified_gmt":"2021-01-26T14:02:07","slug":"bouteille-de-2-litres-dhuile-dolive-extra-vierge-el-aceite-de-marta-empeltre","status":"publish","type":"product","link":"https:\/\/almazaraartal.com\/fr\/producto\/bouteille-de-2-litres-dhuile-dolive-extra-vierge-el-aceite-de-marta-empeltre\/","title":{"rendered":"Bouteille de 2 litres d&rsquo;huile d&rsquo;olive extra vierge \u00ab\u00a0El Aceite de Marta\u00a0\u00bb Empeltre"},"content":{"rendered":"<p><strong>L&rsquo;huile traditionnelle aragonaise.<\/strong><br \/>\nLa vari\u00e9t\u00e9 Empeltre, typique de notre terre, produit une huile tr\u00e8s douce et \u00e9quilibr\u00e9e, avec des notes d&rsquo;amandes douces et de fruits secs. Id\u00e9ale pour ceux qui recherchent une huile d&rsquo;olive d\u00e9licate, sans amertume ni piquant.<br \/>\nParfaite pour les rago\u00fbts, les desserts, les mayonnaises ou les vinaigrettes, mais elle se pr\u00eate \u00e9galement tr\u00e8s bien \u00e0 l&rsquo;utilisation crue dans les salades et les toasts. <\/p>\n","protected":false},"excerpt":{"rendered":"<p>Bouteille de 2 litres d&rsquo;huile d&rsquo;olive vierge extra \u00ab\u00a0El Aceite de Marta\u00a0\u00bb vari\u00e9t\u00e9 Empeltre.<\/p>\n","protected":false},"featured_media":2682,"comment_status":"closed","ping_status":"closed","template":"","meta":{"_joinchat":[]},"product_brand":[],"product_cat":[127],"product_tag":[],"class_list":{"0":"post-8865","1":"product","2":"type-product","3":"status-publish","4":"has-post-thumbnail","6":"product_cat-lhuile-de-marta","7":"sales-flash-overlay","8":"woocommerce-text-align-center","9":"woocommerce-image-align-center","10":"do-quantity-buttons","12":"first","13":"instock","14":"taxable","15":"shipping-taxable","16":"purchasable","17":"product-type-simple"},"_links":{"self":[{"href":"https:\/\/almazaraartal.com\/fr\/wp-json\/wp\/v2\/product\/8865","targetHints":{"allow":["GET"]}}],"collection":[{"href":"https:\/\/almazaraartal.com\/fr\/wp-json\/wp\/v2\/product"}],"about":[{"href":"https:\/\/almazaraartal.com\/fr\/wp-json\/wp\/v2\/types\/product"}],"replies":[{"embeddable":true,"href":"https:\/\/almazaraartal.com\/fr\/wp-json\/wp\/v2\/comments?post=8865"}],"wp:featuredmedia":[{"embeddable":true,"href":"https:\/\/almazaraartal.com\/fr\/wp-json\/wp\/v2\/media\/2682"}],"wp:attachment":[{"href":"https:\/\/almazaraartal.com\/fr\/wp-json\/wp\/v2\/media?parent=8865"}],"wp:term":[{"taxonomy":"product_brand","embeddable":true,"href":"https:\/\/almazaraartal.com\/fr\/wp-json\/wp\/v2\/product_brand?post=8865"},{"taxonomy":"product_cat","embeddable":true,"href":"https:\/\/almazaraartal.com\/fr\/wp-json\/wp\/v2\/product_cat?post=8865"},{"taxonomy":"product_tag","embeddable":true,"href":"https:\/\/almazaraartal.com\/fr\/wp-json\/wp\/v2\/product_tag?post=8865"}],"curies":[{"name":"wp","href":"https:\/\/api.w.org\/{rel}","templated":true}]}}