{"id":9081,"date":"2020-10-28T14:52:49","date_gmt":"2020-10-28T13:52:49","guid":{"rendered":"https:\/\/almazaraartal.com\/producto\/premium-organic-evoo-safeito-arbequina-500ml\/"},"modified":"2020-10-28T14:52:49","modified_gmt":"2020-10-28T13:52:49","slug":"premium-organic-evoo-safeito-arbequina-500ml","status":"publish","type":"product","link":"https:\/\/almazaraartal.com\/fr\/producto\/premium-organic-evoo-safeito-arbequina-500ml\/","title":{"rendered":"Premium Organic EVOO \u00ab\u00a0Safeito\u00a0\u00bb Arbequina &#8211; 500ml"},"content":{"rendered":"<p><strong data-start=\"370\" data-end=\"455\">Huile d&rsquo;olive extra vierge biologique (EVOO) \u00ab\u00a0Safeito\u00a0\u00bb de la vari\u00e9t\u00e9 Arbequina.<\/strong><br data-start=\"455\" data-end=\"458\">Fra\u00eecheur et \u00e9quilibre. La vari\u00e9t\u00e9 Arbequina donne une huile aromatique et harmonieuse, avec un fruit\u00e9 moyen et des notes d&rsquo;herbe fra\u00eechement coup\u00e9e, de tomate et de fruits verts. L\u00e9g\u00e8rement piquante et am\u00e8re, c&rsquo;est une huile tr\u00e8s polyvalente et facile \u00e0 d\u00e9guster.<br data-start=\"687\" data-end=\"690\">Id\u00e9ale pour assaisonner les salades, le gaspacho, les l\u00e9gumes et les plats froids, en apportant de la fra\u00eecheur sans \u00e9clipser les autres saveurs.  <\/p>\n","protected":false},"excerpt":{"rendered":"<p>Huile d&rsquo;olive extra vierge biologique (EVOO) \u00ab\u00a0Safeito\u00a0\u00bb Arbequina en bouteille de 500 ml. Fruit\u00e9 moyen, aromatique et harmonieux, avec des notes d&rsquo;herbe fra\u00eechement coup\u00e9e, de tomate et de fruits verts, avec un l\u00e9ger piquant et une l\u00e9g\u00e8re amertume. Id\u00e9ale pour les salades, le gaspacho, les l\u00e9gumes et les plats froids.  <\/p>\n","protected":false},"featured_media":3155,"comment_status":"closed","ping_status":"closed","template":"","meta":{"_joinchat":[]},"product_brand":[],"product_cat":[146],"product_tag":[],"class_list":{"0":"post-9081","1":"product","2":"type-product","3":"status-publish","4":"has-post-thumbnail","6":"product_cat-safeito","7":"sales-flash-overlay","8":"woocommerce-text-align-center","9":"woocommerce-image-align-center","10":"do-quantity-buttons","12":"first","13":"instock","14":"taxable","15":"shipping-taxable","16":"purchasable","17":"product-type-simple"},"_links":{"self":[{"href":"https:\/\/almazaraartal.com\/fr\/wp-json\/wp\/v2\/product\/9081","targetHints":{"allow":["GET"]}}],"collection":[{"href":"https:\/\/almazaraartal.com\/fr\/wp-json\/wp\/v2\/product"}],"about":[{"href":"https:\/\/almazaraartal.com\/fr\/wp-json\/wp\/v2\/types\/product"}],"replies":[{"embeddable":true,"href":"https:\/\/almazaraartal.com\/fr\/wp-json\/wp\/v2\/comments?post=9081"}],"wp:featuredmedia":[{"embeddable":true,"href":"https:\/\/almazaraartal.com\/fr\/wp-json\/wp\/v2\/media\/3155"}],"wp:attachment":[{"href":"https:\/\/almazaraartal.com\/fr\/wp-json\/wp\/v2\/media?parent=9081"}],"wp:term":[{"taxonomy":"product_brand","embeddable":true,"href":"https:\/\/almazaraartal.com\/fr\/wp-json\/wp\/v2\/product_brand?post=9081"},{"taxonomy":"product_cat","embeddable":true,"href":"https:\/\/almazaraartal.com\/fr\/wp-json\/wp\/v2\/product_cat?post=9081"},{"taxonomy":"product_tag","embeddable":true,"href":"https:\/\/almazaraartal.com\/fr\/wp-json\/wp\/v2\/product_tag?post=9081"}],"curies":[{"name":"wp","href":"https:\/\/api.w.org\/{rel}","templated":true}]}}