{"id":9122,"date":"2020-10-28T15:08:52","date_gmt":"2020-10-28T14:08:52","guid":{"rendered":"https:\/\/almazaraartal.com\/producto\/huile-dolive-biologique-de-qualite-superieure-safeito-arbequina-250ml\/"},"modified":"2020-10-28T15:08:52","modified_gmt":"2020-10-28T14:08:52","slug":"huile-dolive-biologique-de-qualite-superieure-safeito-arbequina-250ml","status":"publish","type":"product","link":"https:\/\/almazaraartal.com\/fr\/producto\/huile-dolive-biologique-de-qualite-superieure-safeito-arbequina-250ml\/","title":{"rendered":"Huile d&rsquo;olive biologique de qualit\u00e9 sup\u00e9rieure \u00ab\u00a0Safeito\u00a0\u00bb Arbequina &#8211; 250ml"},"content":{"rendered":"<p><strong data-start=\"1179\" data-end=\"1264\">Safeito\u00a0\u00bb, huile d&rsquo;olive vierge extra (EVOO) biologique de premi\u00e8re qualit\u00e9 de la vari\u00e9t\u00e9 Arbequina.<\/strong><br data-start=\"1264\" data-end=\"1267\">Fra\u00eecheur et \u00e9quilibre. La vari\u00e9t\u00e9 Arbequina donne une huile aromatique et harmonieuse, avec un fruit\u00e9 moyen et des notes d&rsquo;herbe fra\u00eechement coup\u00e9e, de tomate et de fruits verts. L\u00e9g\u00e8rement piquante et am\u00e8re, c&rsquo;est une huile tr\u00e8s polyvalente et facile \u00e0 d\u00e9guster.<br data-start=\"1496\" data-end=\"1499\">Id\u00e9ale pour assaisonner les salades, le gaspacho, les l\u00e9gumes et les plats froids, en apportant de la fra\u00eecheur sans \u00e9clipser les autres saveurs.  <\/p>\n","protected":false},"excerpt":{"rendered":"<p>Huile d&rsquo;olive extra vierge biologique (EVOO) \u00ab\u00a0Safeito\u00a0\u00bb Arbequina en bouteille de 250 ml. Fruit\u00e9 moyen, aromatique et harmonieux, avec des notes d&rsquo;herbe fra\u00eechement coup\u00e9e, de tomate et de fruits verts, avec un l\u00e9ger piquant et une l\u00e9g\u00e8re amertume. Id\u00e9ale pour les salades, le gaspacho, les l\u00e9gumes et les plats froids et comme d\u00e9tail gastronomique.  <\/p>\n","protected":false},"featured_media":3157,"comment_status":"closed","ping_status":"closed","template":"","meta":{"_joinchat":[]},"product_brand":[],"product_cat":[146],"product_tag":[],"class_list":{"0":"post-9122","1":"product","2":"type-product","3":"status-publish","4":"has-post-thumbnail","6":"product_cat-safeito","7":"sales-flash-overlay","8":"woocommerce-text-align-center","9":"woocommerce-image-align-center","10":"do-quantity-buttons","12":"first","13":"instock","14":"taxable","15":"shipping-taxable","16":"purchasable","17":"product-type-simple"},"_links":{"self":[{"href":"https:\/\/almazaraartal.com\/fr\/wp-json\/wp\/v2\/product\/9122","targetHints":{"allow":["GET"]}}],"collection":[{"href":"https:\/\/almazaraartal.com\/fr\/wp-json\/wp\/v2\/product"}],"about":[{"href":"https:\/\/almazaraartal.com\/fr\/wp-json\/wp\/v2\/types\/product"}],"replies":[{"embeddable":true,"href":"https:\/\/almazaraartal.com\/fr\/wp-json\/wp\/v2\/comments?post=9122"}],"wp:featuredmedia":[{"embeddable":true,"href":"https:\/\/almazaraartal.com\/fr\/wp-json\/wp\/v2\/media\/3157"}],"wp:attachment":[{"href":"https:\/\/almazaraartal.com\/fr\/wp-json\/wp\/v2\/media?parent=9122"}],"wp:term":[{"taxonomy":"product_brand","embeddable":true,"href":"https:\/\/almazaraartal.com\/fr\/wp-json\/wp\/v2\/product_brand?post=9122"},{"taxonomy":"product_cat","embeddable":true,"href":"https:\/\/almazaraartal.com\/fr\/wp-json\/wp\/v2\/product_cat?post=9122"},{"taxonomy":"product_tag","embeddable":true,"href":"https:\/\/almazaraartal.com\/fr\/wp-json\/wp\/v2\/product_tag?post=9122"}],"curies":[{"name":"wp","href":"https:\/\/api.w.org\/{rel}","templated":true}]}}