{"id":9152,"date":"2020-10-28T14:02:12","date_gmt":"2020-10-28T13:02:12","guid":{"rendered":"https:\/\/almazaraartal.com\/producto\/bouteille-de-2-litres-dhuile-dolive-vierge-extra-el-aceite-de-marta-empeltre-do\/"},"modified":"2020-10-28T14:02:12","modified_gmt":"2020-10-28T13:02:12","slug":"bouteille-de-2-litres-dhuile-dolive-vierge-extra-el-aceite-de-marta-empeltre-do","status":"publish","type":"product","link":"https:\/\/almazaraartal.com\/fr\/producto\/bouteille-de-2-litres-dhuile-dolive-vierge-extra-el-aceite-de-marta-empeltre-do\/","title":{"rendered":"Bouteille de 2 litres d&rsquo;huile d&rsquo;olive vierge extra \u00ab\u00a0El Aceite de Marta\u00a0\u00bb Empeltre DO"},"content":{"rendered":"<p><strong>L&rsquo;huile traditionnelle aragonaise, avec un peu plus de saveur.<\/strong><br \/>\nAvec la garantie de l&rsquo;Appellation d&rsquo;Origine Bajo Arag\u00f3n, cette Empeltre conserve la douceur caract\u00e9ristique de la vari\u00e9t\u00e9, mais avec un fruit\u00e9 un peu plus intense et des nuances plus marqu\u00e9es.<br \/>\nRecommand\u00e9e pour donner de la personnalit\u00e9 \u00e0 vos plats sans \u00eatre forte : rago\u00fbts, vinaigrettes, l\u00e9gumes et consommation de crudit\u00e9s.<\/p>\n","protected":false},"excerpt":{"rendered":"<p>Bouteille de 2 litres d&rsquo;huile d&rsquo;olive vierge extra \u00ab\u00a0El Aceite de Marta\u00a0\u00bb de la vari\u00e9t\u00e9 d&rsquo;appellation d&rsquo;origine Empeltre.<\/p>\n","protected":false},"featured_media":2673,"comment_status":"closed","ping_status":"closed","template":"","meta":{"_joinchat":[]},"product_brand":[],"product_cat":[127],"product_tag":[],"class_list":{"0":"post-9152","1":"product","2":"type-product","3":"status-publish","4":"has-post-thumbnail","6":"product_cat-lhuile-de-marta","7":"sales-flash-overlay","8":"woocommerce-text-align-center","9":"woocommerce-image-align-center","10":"do-quantity-buttons","12":"first","13":"instock","14":"taxable","15":"shipping-taxable","16":"purchasable","17":"product-type-simple"},"_links":{"self":[{"href":"https:\/\/almazaraartal.com\/fr\/wp-json\/wp\/v2\/product\/9152","targetHints":{"allow":["GET"]}}],"collection":[{"href":"https:\/\/almazaraartal.com\/fr\/wp-json\/wp\/v2\/product"}],"about":[{"href":"https:\/\/almazaraartal.com\/fr\/wp-json\/wp\/v2\/types\/product"}],"replies":[{"embeddable":true,"href":"https:\/\/almazaraartal.com\/fr\/wp-json\/wp\/v2\/comments?post=9152"}],"wp:featuredmedia":[{"embeddable":true,"href":"https:\/\/almazaraartal.com\/fr\/wp-json\/wp\/v2\/media\/2673"}],"wp:attachment":[{"href":"https:\/\/almazaraartal.com\/fr\/wp-json\/wp\/v2\/media?parent=9152"}],"wp:term":[{"taxonomy":"product_brand","embeddable":true,"href":"https:\/\/almazaraartal.com\/fr\/wp-json\/wp\/v2\/product_brand?post=9152"},{"taxonomy":"product_cat","embeddable":true,"href":"https:\/\/almazaraartal.com\/fr\/wp-json\/wp\/v2\/product_cat?post=9152"},{"taxonomy":"product_tag","embeddable":true,"href":"https:\/\/almazaraartal.com\/fr\/wp-json\/wp\/v2\/product_tag?post=9152"}],"curies":[{"name":"wp","href":"https:\/\/api.w.org\/{rel}","templated":true}]}}