{"id":9205,"date":"2021-01-26T08:19:51","date_gmt":"2021-01-26T07:19:51","guid":{"rendered":"https:\/\/almazaraartal.com\/producto\/miel-mille-fleurs-1-kg-la-abella-rondadora\/"},"modified":"2021-01-26T08:19:51","modified_gmt":"2021-01-26T07:19:51","slug":"miel-mille-fleurs-1-kg-la-abella-rondadora","status":"publish","type":"product","link":"https:\/\/almazaraartal.com\/fr\/producto\/miel-mille-fleurs-1-kg-la-abella-rondadora\/","title":{"rendered":"Miel mille fleurs 1 kg \u00ab\u00a0La Abella Rondadora\u00a0\u00bb."},"content":{"rendered":"<p>Un miel qui refl\u00e8te la richesse florale du Bas-Aragon et de la Ribera Baja del Ebro. \u00c9quilibr\u00e9 et polyvalent, il est parfait pour adoucir le quotidien dans les petits d\u00e9jeuners, les infusions ou les p\u00e2tisseries maison. <\/p>\n","protected":false},"excerpt":{"rendered":"<p>Miel de mille fleurs 1 kg \u00ab\u00a0La Abella Rondadora\u00a0\u00bb.<\/p>\n","protected":false},"featured_media":886,"comment_status":"closed","ping_status":"closed","template":"","meta":{"_joinchat":[]},"product_brand":[],"product_cat":[154],"product_tag":[],"class_list":{"0":"post-9205","1":"product","2":"type-product","3":"status-publish","4":"has-post-thumbnail","6":"product_cat-la-abella-rondadora","7":"sales-flash-overlay","8":"woocommerce-text-align-center","9":"woocommerce-image-align-center","10":"do-quantity-buttons","12":"first","13":"instock","14":"taxable","15":"shipping-taxable","16":"purchasable","17":"product-type-simple"},"_links":{"self":[{"href":"https:\/\/almazaraartal.com\/fr\/wp-json\/wp\/v2\/product\/9205","targetHints":{"allow":["GET"]}}],"collection":[{"href":"https:\/\/almazaraartal.com\/fr\/wp-json\/wp\/v2\/product"}],"about":[{"href":"https:\/\/almazaraartal.com\/fr\/wp-json\/wp\/v2\/types\/product"}],"replies":[{"embeddable":true,"href":"https:\/\/almazaraartal.com\/fr\/wp-json\/wp\/v2\/comments?post=9205"}],"wp:featuredmedia":[{"embeddable":true,"href":"https:\/\/almazaraartal.com\/fr\/wp-json\/wp\/v2\/media\/886"}],"wp:attachment":[{"href":"https:\/\/almazaraartal.com\/fr\/wp-json\/wp\/v2\/media?parent=9205"}],"wp:term":[{"taxonomy":"product_brand","embeddable":true,"href":"https:\/\/almazaraartal.com\/fr\/wp-json\/wp\/v2\/product_brand?post=9205"},{"taxonomy":"product_cat","embeddable":true,"href":"https:\/\/almazaraartal.com\/fr\/wp-json\/wp\/v2\/product_cat?post=9205"},{"taxonomy":"product_tag","embeddable":true,"href":"https:\/\/almazaraartal.com\/fr\/wp-json\/wp\/v2\/product_tag?post=9205"}],"curies":[{"name":"wp","href":"https:\/\/api.w.org\/{rel}","templated":true}]}}