{"id":9206,"date":"2020-10-28T15:49:21","date_gmt":"2020-10-28T14:49:21","guid":{"rendered":"https:\/\/almazaraartal.com\/producto\/huile-dolive-biologique-de-qualite-superieure-safeito-arbosana-250ml\/"},"modified":"2020-10-28T15:49:21","modified_gmt":"2020-10-28T14:49:21","slug":"huile-dolive-biologique-de-qualite-superieure-safeito-arbosana-250ml","status":"publish","type":"product","link":"https:\/\/almazaraartal.com\/fr\/producto\/huile-dolive-biologique-de-qualite-superieure-safeito-arbosana-250ml\/","title":{"rendered":"Huile d&rsquo;olive biologique de qualit\u00e9 sup\u00e9rieure \u00ab\u00a0Safeito\u00a0\u00bb Arbosana &#8211; 250ml"},"content":{"rendered":"<p><strong data-start=\"315\" data-end=\"399\">Huile d&rsquo;olive vierge extra (EVOO) biologique \u00ab\u00a0Safeito\u00a0\u00bb de la vari\u00e9t\u00e9 Arbosana.<\/strong><br data-start=\"399\" data-end=\"402\">Fruit\u00e9 avec un caract\u00e8re m\u00e9diterran\u00e9en. La vari\u00e9t\u00e9 Arbosana donne une huile plus intense que l&rsquo;Arbequina, o\u00f9 pr\u00e9dominent les nuances de tomates m\u00fbres et de fruits frais. Son profil est \u00e9quilibr\u00e9, avec une l\u00e9g\u00e8re amertume et du piquant.<br data-start=\"624\" data-end=\"627\">Parfaite crue sur du pain, des vinaigrettes, des salades ou des l\u00e9gumes, ainsi que pour rehausser les plats m\u00e9diterran\u00e9ens avec une touche plus fruit\u00e9e.  <\/p>\n","protected":false},"excerpt":{"rendered":"<p><strong data-start=\"315\" data-end=\"399\">Huile d&rsquo;olive vierge extra (EVOO) biologique \u00ab\u00a0Safeito\u00a0\u00bb de la vari\u00e9t\u00e9 Arbosana.<\/strong><br data-start=\"399\" data-end=\"402\">Fruit\u00e9 avec un caract\u00e8re m\u00e9diterran\u00e9en. La vari\u00e9t\u00e9 Arbosana donne une huile plus intense que l&rsquo;Arbequina, o\u00f9 pr\u00e9dominent les nuances de tomates m\u00fbres et de fruits frais. Son profil est \u00e9quilibr\u00e9, avec une l\u00e9g\u00e8re amertume et un piquant.<br data-start=\"624\" data-end=\"627\">Parfaite crue sur le pain, les vinaigrettes, les salades et les l\u00e9gumes, ainsi que pour rehausser les plats m\u00e9diterran\u00e9ens.  <\/p>\n","protected":false},"featured_media":3154,"comment_status":"closed","ping_status":"closed","template":"","meta":{"_joinchat":[]},"product_brand":[],"product_cat":[146],"product_tag":[],"class_list":{"0":"post-9206","1":"product","2":"type-product","3":"status-publish","4":"has-post-thumbnail","6":"product_cat-safeito","7":"sales-flash-overlay","8":"woocommerce-text-align-center","9":"woocommerce-image-align-center","10":"do-quantity-buttons","12":"first","13":"instock","14":"taxable","15":"shipping-taxable","16":"purchasable","17":"product-type-simple"},"_links":{"self":[{"href":"https:\/\/almazaraartal.com\/fr\/wp-json\/wp\/v2\/product\/9206","targetHints":{"allow":["GET"]}}],"collection":[{"href":"https:\/\/almazaraartal.com\/fr\/wp-json\/wp\/v2\/product"}],"about":[{"href":"https:\/\/almazaraartal.com\/fr\/wp-json\/wp\/v2\/types\/product"}],"replies":[{"embeddable":true,"href":"https:\/\/almazaraartal.com\/fr\/wp-json\/wp\/v2\/comments?post=9206"}],"wp:featuredmedia":[{"embeddable":true,"href":"https:\/\/almazaraartal.com\/fr\/wp-json\/wp\/v2\/media\/3154"}],"wp:attachment":[{"href":"https:\/\/almazaraartal.com\/fr\/wp-json\/wp\/v2\/media?parent=9206"}],"wp:term":[{"taxonomy":"product_brand","embeddable":true,"href":"https:\/\/almazaraartal.com\/fr\/wp-json\/wp\/v2\/product_brand?post=9206"},{"taxonomy":"product_cat","embeddable":true,"href":"https:\/\/almazaraartal.com\/fr\/wp-json\/wp\/v2\/product_cat?post=9206"},{"taxonomy":"product_tag","embeddable":true,"href":"https:\/\/almazaraartal.com\/fr\/wp-json\/wp\/v2\/product_tag?post=9206"}],"curies":[{"name":"wp","href":"https:\/\/api.w.org\/{rel}","templated":true}]}}