{"id":9241,"date":"2020-10-28T15:32:43","date_gmt":"2020-10-28T14:32:43","guid":{"rendered":"https:\/\/almazaraartal.com\/producto\/aove-premium-safeito-empeltre-250ml\/"},"modified":"2020-10-28T15:32:43","modified_gmt":"2020-10-28T14:32:43","slug":"aove-premium-safeito-empeltre-250ml","status":"publish","type":"product","link":"https:\/\/almazaraartal.com\/fr\/producto\/aove-premium-safeito-empeltre-250ml\/","title":{"rendered":"AOVE Premium \u00ab\u00a0Safeito\u00a0\u00bb Empeltre &#8211; 250ml"},"content":{"rendered":"<p><strong data-start=\"264\" data-end=\"338\">Huile d&rsquo;olive vierge extra (EVOO) \u00ab\u00a0Safeito\u00a0\u00bb de la vari\u00e9t\u00e9 Empeltre.<\/strong><br data-start=\"338\" data-end=\"341\">Douceur avec une \u00e2me aragonaise. La vari\u00e9t\u00e9 Empeltre, la plus embl\u00e9matique de l&rsquo;Aragon, offre une huile d\u00e9licate, aux notes d&rsquo;amandes douces et de fruits secs. Douce et \u00e9l\u00e9gante, elle est parfaite pour ceux qui recherchent une huile d&rsquo;olive sans exc\u00e8s d&rsquo;amertume ou de piquant.<br data-start=\"584\" data-end=\"587\">Id\u00e9ale pour \u00eatre consomm\u00e9e crue dans les salades, les poissons, les l\u00e9gumes ou simplement sur du pain, o\u00f9 elle d\u00e9ploie toute sa finesse.  <\/p>\n","protected":false},"excerpt":{"rendered":"<p>Huile d&rsquo;olive vierge extra (EVOO) \u00ab\u00a0Safeito\u00a0\u00bb Empeltre en bouteille de 250 ml. Une huile d&rsquo;olive douce et \u00e9l\u00e9gante, avec des notes d&rsquo;amandes douces et de fruits secs, id\u00e9ale pour \u00eatre consomm\u00e9e crue. <\/p>\n","protected":false},"featured_media":2675,"comment_status":"closed","ping_status":"closed","template":"","meta":{"_joinchat":[]},"product_brand":[],"product_cat":[146],"product_tag":[],"class_list":{"0":"post-9241","1":"product","2":"type-product","3":"status-publish","4":"has-post-thumbnail","6":"product_cat-safeito","7":"sales-flash-overlay","8":"woocommerce-text-align-center","9":"woocommerce-image-align-center","10":"do-quantity-buttons","12":"first","13":"instock","14":"taxable","15":"shipping-taxable","16":"purchasable","17":"product-type-simple"},"_links":{"self":[{"href":"https:\/\/almazaraartal.com\/fr\/wp-json\/wp\/v2\/product\/9241","targetHints":{"allow":["GET"]}}],"collection":[{"href":"https:\/\/almazaraartal.com\/fr\/wp-json\/wp\/v2\/product"}],"about":[{"href":"https:\/\/almazaraartal.com\/fr\/wp-json\/wp\/v2\/types\/product"}],"replies":[{"embeddable":true,"href":"https:\/\/almazaraartal.com\/fr\/wp-json\/wp\/v2\/comments?post=9241"}],"wp:featuredmedia":[{"embeddable":true,"href":"https:\/\/almazaraartal.com\/fr\/wp-json\/wp\/v2\/media\/2675"}],"wp:attachment":[{"href":"https:\/\/almazaraartal.com\/fr\/wp-json\/wp\/v2\/media?parent=9241"}],"wp:term":[{"taxonomy":"product_brand","embeddable":true,"href":"https:\/\/almazaraartal.com\/fr\/wp-json\/wp\/v2\/product_brand?post=9241"},{"taxonomy":"product_cat","embeddable":true,"href":"https:\/\/almazaraartal.com\/fr\/wp-json\/wp\/v2\/product_cat?post=9241"},{"taxonomy":"product_tag","embeddable":true,"href":"https:\/\/almazaraartal.com\/fr\/wp-json\/wp\/v2\/product_tag?post=9241"}],"curies":[{"name":"wp","href":"https:\/\/api.w.org\/{rel}","templated":true}]}}