{"id":9258,"date":"2020-10-28T14:08:27","date_gmt":"2020-10-28T13:08:27","guid":{"rendered":"https:\/\/almazaraartal.com\/producto\/bouteille-de-2-litres-dhuile-dolive-extra-vierge-martas-oil-arbequina\/"},"modified":"2020-10-28T14:08:27","modified_gmt":"2020-10-28T13:08:27","slug":"bouteille-de-2-litres-dhuile-dolive-extra-vierge-martas-oil-arbequina","status":"publish","type":"product","link":"https:\/\/almazaraartal.com\/fr\/producto\/bouteille-de-2-litres-dhuile-dolive-extra-vierge-martas-oil-arbequina\/","title":{"rendered":"Bouteille de 2 litres d&rsquo;huile d&rsquo;olive extra vierge \u00ab\u00a0Marta&rsquo;s Oil\u00a0\u00bb Arbequina"},"content":{"rendered":"<p><strong>La fra\u00eecheur de l&rsquo;Aragon sur votre table.<\/strong><br \/>\nL&rsquo;Arbequina, une autre des vari\u00e9t\u00e9s typiques de notre terroir, donne une huile moyennement fruit\u00e9e, fra\u00eeche et aromatique, avec des notes d&rsquo;herbe fra\u00eechement coup\u00e9e, de tomate et de fruits verts. Avec un piquant et une amertume tr\u00e8s l\u00e9gers, elle est \u00e9quilibr\u00e9e et facile \u00e0 d\u00e9guster.<br \/>\nId\u00e9ale pour \u00eatre consomm\u00e9e crue : salades, gaspacho, l\u00e9gumes et vinaigrettes. Elle se marie aussi parfaitement avec les rago\u00fbts doux, apportant une touche de fra\u00eecheur sans dominer le plat.  <\/p>\n","protected":false},"excerpt":{"rendered":"<p>Bouteille de 2 litres d&rsquo;huile d&rsquo;olive vierge extra \u00ab\u00a0El Aceite de Marta\u00a0\u00bb de la vari\u00e9t\u00e9 Arbequina.<\/p>\n","protected":false},"featured_media":2666,"comment_status":"closed","ping_status":"closed","template":"","meta":{"_joinchat":[]},"product_brand":[],"product_cat":[127],"product_tag":[],"class_list":{"0":"post-9258","1":"product","2":"type-product","3":"status-publish","4":"has-post-thumbnail","6":"product_cat-lhuile-de-marta","7":"sales-flash-overlay","8":"woocommerce-text-align-center","9":"woocommerce-image-align-center","10":"do-quantity-buttons","12":"first","13":"instock","14":"taxable","15":"shipping-taxable","16":"purchasable","17":"product-type-simple"},"_links":{"self":[{"href":"https:\/\/almazaraartal.com\/fr\/wp-json\/wp\/v2\/product\/9258","targetHints":{"allow":["GET"]}}],"collection":[{"href":"https:\/\/almazaraartal.com\/fr\/wp-json\/wp\/v2\/product"}],"about":[{"href":"https:\/\/almazaraartal.com\/fr\/wp-json\/wp\/v2\/types\/product"}],"replies":[{"embeddable":true,"href":"https:\/\/almazaraartal.com\/fr\/wp-json\/wp\/v2\/comments?post=9258"}],"wp:featuredmedia":[{"embeddable":true,"href":"https:\/\/almazaraartal.com\/fr\/wp-json\/wp\/v2\/media\/2666"}],"wp:attachment":[{"href":"https:\/\/almazaraartal.com\/fr\/wp-json\/wp\/v2\/media?parent=9258"}],"wp:term":[{"taxonomy":"product_brand","embeddable":true,"href":"https:\/\/almazaraartal.com\/fr\/wp-json\/wp\/v2\/product_brand?post=9258"},{"taxonomy":"product_cat","embeddable":true,"href":"https:\/\/almazaraartal.com\/fr\/wp-json\/wp\/v2\/product_cat?post=9258"},{"taxonomy":"product_tag","embeddable":true,"href":"https:\/\/almazaraartal.com\/fr\/wp-json\/wp\/v2\/product_tag?post=9258"}],"curies":[{"name":"wp","href":"https:\/\/api.w.org\/{rel}","templated":true}]}}