{"id":9458,"date":"2026-02-02T09:25:00","date_gmt":"2026-02-02T08:25:00","guid":{"rendered":"https:\/\/almazaraartal.com\/producto\/bouteille-de-2-litres-dhuile-dolive-extra-vierge-el-aceite-de-marta-coriana\/"},"modified":"2026-02-02T09:25:00","modified_gmt":"2026-02-02T08:25:00","slug":"bouteille-de-2-litres-dhuile-dolive-extra-vierge-el-aceite-de-marta-coriana","status":"publish","type":"product","link":"https:\/\/almazaraartal.com\/fr\/producto\/bouteille-de-2-litres-dhuile-dolive-extra-vierge-el-aceite-de-marta-coriana\/","title":{"rendered":"Bouteille de 2 litres d&rsquo;huile d&rsquo;olive extra vierge \u00ab\u00a0El Aceite de Marta\u00a0\u00bb Coriana"},"content":{"rendered":"<p><strong>Fruit\u00e9 vert moyennement \u00e9lev\u00e9, frais et expressif.<\/strong><\/p>\n<p>Ar\u00f4mes clairs d&rsquo;herbe fra\u00eechement coup\u00e9e, de tomate et d&rsquo;artichaut. Amertume et piquant \u00e9quilibr\u00e9s en bouche, texture fluide et finale longue et nette. Vari\u00e9t\u00e9 r\u00e9cente &#8211; croisement Arbosana \u00d7 Koroneiki &#8211; qui se distingue par son profil vert et concentr\u00e9.  <\/p>\n<p>Id\u00e9al cru : pain et tomates, salades, l\u00e9gumes grill\u00e9s, cr\u00e8mes froides, poissons blancs et fromages \u00e0 p\u00e2te molle.<br \/>\nEgalement en cuisine : saut\u00e9s et po\u00eal\u00e9es l\u00e9g\u00e8res ; plats de riz et de p\u00e2tes ; poissons blancs ; poulet au four ; cr\u00e8mes de l\u00e9gumes. Utilisez \u00e0 feu moyen et terminez avec un fil au moment de dresser le plat. <\/p>\n","protected":false},"excerpt":{"rendered":"<p>Bouteille de 2 litres d&rsquo;huile d&rsquo;olive vierge extra \u00ab\u00a0El Aceite de Marta\u00a0\u00bb de la vari\u00e9t\u00e9 Coriana.<\/p>\n","protected":false},"featured_media":8501,"comment_status":"closed","ping_status":"closed","template":"","meta":{"_joinchat":[]},"product_brand":[],"product_cat":[127],"product_tag":[],"class_list":{"0":"post-9458","1":"product","2":"type-product","3":"status-publish","4":"has-post-thumbnail","6":"product_cat-lhuile-de-marta","7":"sales-flash-overlay","8":"woocommerce-text-align-center","9":"woocommerce-image-align-center","10":"do-quantity-buttons","12":"first","13":"instock","14":"taxable","15":"shipping-taxable","16":"purchasable","17":"product-type-simple"},"_links":{"self":[{"href":"https:\/\/almazaraartal.com\/fr\/wp-json\/wp\/v2\/product\/9458","targetHints":{"allow":["GET"]}}],"collection":[{"href":"https:\/\/almazaraartal.com\/fr\/wp-json\/wp\/v2\/product"}],"about":[{"href":"https:\/\/almazaraartal.com\/fr\/wp-json\/wp\/v2\/types\/product"}],"replies":[{"embeddable":true,"href":"https:\/\/almazaraartal.com\/fr\/wp-json\/wp\/v2\/comments?post=9458"}],"wp:featuredmedia":[{"embeddable":true,"href":"https:\/\/almazaraartal.com\/fr\/wp-json\/wp\/v2\/media\/8501"}],"wp:attachment":[{"href":"https:\/\/almazaraartal.com\/fr\/wp-json\/wp\/v2\/media?parent=9458"}],"wp:term":[{"taxonomy":"product_brand","embeddable":true,"href":"https:\/\/almazaraartal.com\/fr\/wp-json\/wp\/v2\/product_brand?post=9458"},{"taxonomy":"product_cat","embeddable":true,"href":"https:\/\/almazaraartal.com\/fr\/wp-json\/wp\/v2\/product_cat?post=9458"},{"taxonomy":"product_tag","embeddable":true,"href":"https:\/\/almazaraartal.com\/fr\/wp-json\/wp\/v2\/product_tag?post=9458"}],"curies":[{"name":"wp","href":"https:\/\/api.w.org\/{rel}","templated":true}]}}