{"id":9476,"date":"2022-11-16T12:01:53","date_gmt":"2022-11-16T11:01:53","guid":{"rendered":"https:\/\/almazaraartal.com\/producto\/lot-de-lingots-safeito\/"},"modified":"2022-11-16T12:01:53","modified_gmt":"2022-11-16T11:01:53","slug":"lot-de-lingots-safeito","status":"publish","type":"product","link":"https:\/\/almazaraartal.com\/fr\/producto\/lot-de-lingots-safeito\/","title":{"rendered":"Lot de lingots Safeito"},"content":{"rendered":"","protected":false},"excerpt":{"rendered":"<p>Huiles d&rsquo;olive extra vierge de qualit\u00e9 sup\u00e9rieure, provenant de notre moulin \u00e0 huile traditionnel. Les huiles d&rsquo;olive extra vierge Safeito sont \u00e9labor\u00e9es \u00e0 partir de quatre vari\u00e9t\u00e9s d&rsquo;olives, toutes issues de nos oliveraies aragonaises. <\/p>\n<p><strong>CONTIENT :<\/strong><\/p>\n<ul>\n<li>Safeito Arbequina 250ml EVOO &#8211; pour tapas fra\u00eeches &#8212; <em><strong>POUR TAPAS FRA\u00ceCHES<\/strong><\/em><\/li>\n<li>Safeito Fulla de Salze 250ml EVOO &#8212; <em><strong>L\u00c9GUMES ET TOASTS<\/strong><\/em><\/li>\n<li>Safeito Arbosana 250ml EVOO &#8212; <strong><em>ID\u00c9AL SUR UN PLATEAU DE FROMAGE, AJOUTEZ QUELQUES GOUTTES SUR LE DESSUS.<\/em><\/strong><\/li>\n<li>Safeito Empeltre 250ml EVOO &#8212; <strong><em>RECOMMAND\u00c9 POUR LES DESSERTS EXQUIS<\/em><\/strong><\/li>\n<\/ul>\n","protected":false},"featured_media":3729,"comment_status":"closed","ping_status":"closed","template":"","meta":{"_joinchat":[]},"product_brand":[],"product_cat":[183],"product_tag":[],"class_list":{"0":"post-9476","1":"product","2":"type-product","3":"status-publish","4":"has-post-thumbnail","6":"product_cat-lot","7":"sales-flash-overlay","8":"woocommerce-text-align-center","9":"woocommerce-image-align-center","10":"do-quantity-buttons","12":"first","13":"instock","14":"sale","15":"taxable","16":"shipping-taxable","17":"purchasable","18":"product-type-simple"},"_links":{"self":[{"href":"https:\/\/almazaraartal.com\/fr\/wp-json\/wp\/v2\/product\/9476","targetHints":{"allow":["GET"]}}],"collection":[{"href":"https:\/\/almazaraartal.com\/fr\/wp-json\/wp\/v2\/product"}],"about":[{"href":"https:\/\/almazaraartal.com\/fr\/wp-json\/wp\/v2\/types\/product"}],"replies":[{"embeddable":true,"href":"https:\/\/almazaraartal.com\/fr\/wp-json\/wp\/v2\/comments?post=9476"}],"wp:featuredmedia":[{"embeddable":true,"href":"https:\/\/almazaraartal.com\/fr\/wp-json\/wp\/v2\/media\/3729"}],"wp:attachment":[{"href":"https:\/\/almazaraartal.com\/fr\/wp-json\/wp\/v2\/media?parent=9476"}],"wp:term":[{"taxonomy":"product_brand","embeddable":true,"href":"https:\/\/almazaraartal.com\/fr\/wp-json\/wp\/v2\/product_brand?post=9476"},{"taxonomy":"product_cat","embeddable":true,"href":"https:\/\/almazaraartal.com\/fr\/wp-json\/wp\/v2\/product_cat?post=9476"},{"taxonomy":"product_tag","embeddable":true,"href":"https:\/\/almazaraartal.com\/fr\/wp-json\/wp\/v2\/product_tag?post=9476"}],"curies":[{"name":"wp","href":"https:\/\/api.w.org\/{rel}","templated":true}]}}