{"id":9490,"date":"2021-12-19T17:06:13","date_gmt":"2021-12-19T16:06:13","guid":{"rendered":"https:\/\/almazaraartal.com\/producto\/huile-dolive-biologique-de-qualite-superieure-safeito-fulla-de-salze-250ml\/"},"modified":"2021-12-19T17:06:13","modified_gmt":"2021-12-19T16:06:13","slug":"huile-dolive-biologique-de-qualite-superieure-safeito-fulla-de-salze-250ml","status":"publish","type":"product","link":"https:\/\/almazaraartal.com\/fr\/producto\/huile-dolive-biologique-de-qualite-superieure-safeito-fulla-de-salze-250ml\/","title":{"rendered":"Huile d&rsquo;olive biologique de qualit\u00e9 sup\u00e9rieure \u00ab\u00a0Safeito\u00a0\u00bb Fulla de Salze &#8211; 250ml"},"content":{"rendered":"<p><strong data-start=\"686\" data-end=\"776\">Huile d&rsquo;olive extra vierge biologique (EVOO) \u00ab\u00a0Safeito\u00a0\u00bb de la vari\u00e9t\u00e9 Fulla de Salze.<\/strong><br data-start=\"776\" data-end=\"779\">La vari\u00e9t\u00e9 Fulla de Salze offre une huile aromatique et tr\u00e8s particuli\u00e8re, avec des nuances florales qui la rendent diff\u00e9rente de toutes les autres. Son caract\u00e8re d\u00e9licat vous invite \u00e0 la d\u00e9guster lentement, en savourant chaque goutte.<br data-start=\"985\" data-end=\"988\">Parfaite pour \u00eatre d\u00e9gust\u00e9e crue, en rehaussant les plats l\u00e9gers comme le poisson, les salades fra\u00eeches ou simplement sur du pain, o\u00f9 elle d\u00e9ploie toute son \u00e9l\u00e9gance. <\/p>\n","protected":false},"excerpt":{"rendered":"<p>Huile d&rsquo;olive vierge extra (EVOO) Premium Organic \u00ab\u00a0Safeito\u00a0\u00bb Fulla de Salze en bouteille de 250ml. D\u00e9licate et florale, id\u00e9ale \u00e0 boire crue. L&rsquo;une des 10 meilleures au monde dans sa vari\u00e9t\u00e9.  <\/p>\n","protected":false},"featured_media":3158,"comment_status":"closed","ping_status":"closed","template":"","meta":{"_joinchat":[]},"product_brand":[],"product_cat":[146],"product_tag":[],"class_list":{"0":"post-9490","1":"product","2":"type-product","3":"status-publish","4":"has-post-thumbnail","6":"product_cat-safeito","7":"sales-flash-overlay","8":"woocommerce-text-align-center","9":"woocommerce-image-align-center","10":"do-quantity-buttons","12":"first","13":"instock","14":"taxable","15":"shipping-taxable","16":"purchasable","17":"product-type-simple"},"_links":{"self":[{"href":"https:\/\/almazaraartal.com\/fr\/wp-json\/wp\/v2\/product\/9490","targetHints":{"allow":["GET"]}}],"collection":[{"href":"https:\/\/almazaraartal.com\/fr\/wp-json\/wp\/v2\/product"}],"about":[{"href":"https:\/\/almazaraartal.com\/fr\/wp-json\/wp\/v2\/types\/product"}],"replies":[{"embeddable":true,"href":"https:\/\/almazaraartal.com\/fr\/wp-json\/wp\/v2\/comments?post=9490"}],"wp:featuredmedia":[{"embeddable":true,"href":"https:\/\/almazaraartal.com\/fr\/wp-json\/wp\/v2\/media\/3158"}],"wp:attachment":[{"href":"https:\/\/almazaraartal.com\/fr\/wp-json\/wp\/v2\/media?parent=9490"}],"wp:term":[{"taxonomy":"product_brand","embeddable":true,"href":"https:\/\/almazaraartal.com\/fr\/wp-json\/wp\/v2\/product_brand?post=9490"},{"taxonomy":"product_cat","embeddable":true,"href":"https:\/\/almazaraartal.com\/fr\/wp-json\/wp\/v2\/product_cat?post=9490"},{"taxonomy":"product_tag","embeddable":true,"href":"https:\/\/almazaraartal.com\/fr\/wp-json\/wp\/v2\/product_tag?post=9490"}],"curies":[{"name":"wp","href":"https:\/\/api.w.org\/{rel}","templated":true}]}}